{"id":33569,"date":"2023-12-21T18:46:00","date_gmt":"2023-12-21T18:46:00","guid":{"rendered":"https:\/\/e.kosmolat.eu\/product\/eteriska-ella-piparmetra-10-ml\/"},"modified":"2024-06-14T07:08:18","modified_gmt":"2024-06-14T07:08:18","slug":"eteriska-ella-piparmetra-10-ml","status":"publish","type":"product","link":"https:\/\/e.kosmolat.eu\/lt\/produktas\/eteriska-ella-piparmetra-10-ml\/","title":{"rendered":"MIRROLLA Eterinis aliejus m\u0117t\u0173, 10 ml"},"content":{"rendered":"<p><strong><img decoding=\"async\" alt=\"\" src=\"https:\/\/www.reach-compliance.ch\/images\/flamme1cols3.jpg\" style=\"height:40px; width:40px\" \/>GHS02; &nbsp;<img decoding=\"async\" alt=\"\" src=\"https:\/\/www.reach-compliance.ch\/images\/pollut1cols3.jpg\" style=\"height:40px; width:40px\" \/>GHS09; &nbsp;<img decoding=\"async\" alt=\"\" src=\"https:\/\/www.reach-compliance.ch\/images\/exclam1cols3.jpg\" style=\"height:40px; width:40px\" \/>GHS07; &nbsp;<img decoding=\"async\" alt=\"\" src=\"https:\/\/www.reach-compliance.ch\/images\/silhouet1cols3.jpg\" style=\"height:40px; width:40px\" \/>GHS08<\/strong><\/p>\n<p><strong>Pavojinga<\/strong><br \/>\nH226 Deg\u016bs skystis ir garai.<br \/>\nH304 Prarijus ir patekus \u012f kv\u0117pavimo takus, gali sukelti mirt\u012f.<br \/>\nH315 Dirgina od\u0105<br \/>\nH317 Gali sukelti alergin\u0119 odos reakcij\u0105.<br \/>\nH319 Sukelia smark\u0173 aki\u0173 dirginim\u0105.<br \/>\nH411 Toksi&scaron;ka vandens organizmams, sukelia ilgalaikius pakitimus<br \/>\nP102 Laikyti vaikams neprieinamoje vietoje<br \/>\nP210 Laikyti atokiau nuo &scaron;ilumos &scaron;altini\u0173, kar&scaron;t\u0173 pavir&scaron;i\u0173, \u017eie\u017eirb\u0173, atviros liepsnos arba kit\u0173 degimo &scaron;altini\u0173. Ner\u016bkyti.<br \/>\nP273 Saugoti, kad nepatekt\u0173 \u012f aplink\u0105.<br \/>\nP301+P310 Prarijus: nedelsiant skambinti \u012f apsinuodijim\u0173 kontrol\u0117s ir informacijos biur\u0105\/kreiptis \u012f gydytoj\u0105.<br \/>\nP302+P352 Patekus ant odos: Nuplauti dideliu kiekiu muilo ir vandens<br \/>\nP333+P313 Jeigu sudirginama oda arba j\u0105 i&scaron;beria: kreiptis \u012f gydytoj\u0105.<br \/>\nP305+P351+P338 Patekus \u012f akis: Kelias minutes atsargiai plauti vandeniu. I&scaron;imti kontaktinius l\u0119&scaron;ius, jeigu jie yra ir jeigu lengvai galima tai padaryti. Toliau plauti akis.<br \/>\n&nbsp;<\/p>\n","protected":false},"excerpt":{"rendered":"<p>GHS02; &nbsp;GHS09; &nbsp;GHS07; &nbsp;GHS08 Pavojinga H226 Deg\u016bs skystis ir garai. H304 Prarijus ir patekus \u012f kv\u0117pavimo takus, gali sukelti mirt\u012f. H315 Dirgina od\u0105 H317 Gali sukelti alergin\u0119 odos reakcij\u0105. H319 Sukelia smark\u0173 aki\u0173 dirginim\u0105. H411 Toksi&scaron;ka vandens organizmams, sukelia ilgalaikius pakitimus P102 Laikyti vaikams neprieinamoje vietoje P210 Laikyti atokiau nuo &scaron;ilumos &scaron;altini\u0173, kar&scaron;t\u0173 pavir&scaron;i\u0173, \u017eie\u017eirb\u0173, [&#8230;]\n","protected":false},"featured_media":1980,"template":"","meta":[],"product_cat":[1621],"product_tag":[],"class_list":{"0":"post-33569","1":"product","2":"type-product","3":"status-publish","4":"has-post-thumbnail","6":"product_brand-malina-akcija-lt","7":"product_cat-aliejai","9":"first","10":"outofstock","11":"taxable","12":"shipping-taxable","13":"product-type-simple"},"_links":{"self":[{"href":"https:\/\/e.kosmolat.eu\/lt\/wp-json\/wp\/v2\/product\/33569","targetHints":{"allow":["GET"]}}],"collection":[{"href":"https:\/\/e.kosmolat.eu\/lt\/wp-json\/wp\/v2\/product"}],"about":[{"href":"https:\/\/e.kosmolat.eu\/lt\/wp-json\/wp\/v2\/types\/product"}],"wp:featuredmedia":[{"embeddable":true,"href":"https:\/\/e.kosmolat.eu\/lt\/wp-json\/wp\/v2\/media\/1980"}],"wp:attachment":[{"href":"https:\/\/e.kosmolat.eu\/lt\/wp-json\/wp\/v2\/media?parent=33569"}],"wp:term":[{"taxonomy":"product_cat","embeddable":true,"href":"https:\/\/e.kosmolat.eu\/lt\/wp-json\/wp\/v2\/product_cat?post=33569"},{"taxonomy":"product_tag","embeddable":true,"href":"https:\/\/e.kosmolat.eu\/lt\/wp-json\/wp\/v2\/product_tag?post=33569"}],"curies":[{"name":"wp","href":"https:\/\/api.w.org\/{rel}","templated":true}]}}