{"id":33561,"date":"2023-12-21T18:45:12","date_gmt":"2023-12-21T18:45:12","guid":{"rendered":"https:\/\/e.kosmolat.eu\/product\/masazas-ella-anticelulita-150-ml\/"},"modified":"2025-07-29T05:03:48","modified_gmt":"2025-07-29T05:03:48","slug":"masazas-ella-anticelulita-150-ml","status":"publish","type":"product","link":"https:\/\/e.kosmolat.eu\/lt\/produktas\/masazas-ella-anticelulita-150-ml\/","title":{"rendered":"MIRROLLA Masa\u017einis aliejus Anticeliulitinis, 150 ml"},"content":{"rendered":"<p>Masa\u017einis anticeliulitinis aliejus ,,Mirolla&rdquo;, j\u016bros dumbli\u0173 pagrindu (laminarija ir fukusas), aktyvuoja l\u0105steli\u0173 apykaitos procesus, gerina metabolizm\u0105 ir padeda i\u0161lyginti mikroreljef\u0105. Oda \u012fgija stangrumo ir elastingumo, atrodo labiau patempta. Sud\u0117tyje esantis kvie\u010di\u0173 gemal\u0173 aliejus, rozmarino aliejus ir vitaminas E pagerina odos tonus\u0105, u\u017ekerta keli\u0105 prie\u0161laikiniam sen\u0117jimui. Naudojimo &nbsp;b\u016bdas: nedidel\u012f aliejaus kiek\u012f u\u017etepti ant odos masa\u017einiais judesiais. Galima naudoti kaip prie\u017ei\u016bros priemon\u0119 po du\u0161o. Atsargumo priemon\u0117s: vengti patekimo \u012f akis. Patekus \u012f akis, kruop\u0161\u010diai praplauti dideliu \u0161ilto vandens kiekiu. Tik i\u0161oriniam naudojimui. Kontraindikacijos: individualus komponent\u0173 netoleravimas. Laikymo s\u0105lygos: laikyti nuo +5 \u2103 iki +25 \u2103 temperat\u016broje, nepasiekiamoje vaikams vietoje. Vengti tiesiogini\u0173 saul\u0117s spinduli\u0173 patekimo.<\/p>\n","protected":false},"excerpt":{"rendered":"<p>Masa\u017einis anticeliulitinis aliejus ,,Mirolla&rdquo;, j\u016bros dumbli\u0173 pagrindu (laminarija ir fukusas), aktyvuoja l\u0105steli\u0173 apykaitos procesus, gerina metabolizm\u0105 ir padeda i\u0161lyginti mikroreljef\u0105. Oda \u012fgija stangrumo ir elastingumo, atrodo labiau patempta. Sud\u0117tyje esantis kvie\u010di\u0173 gemal\u0173 aliejus, rozmarino aliejus ir vitaminas E pagerina odos tonus\u0105, u\u017ekerta keli\u0105 prie\u0161laikiniam sen\u0117jimui. Naudojimo &nbsp;b\u016bdas: nedidel\u012f aliejaus kiek\u012f u\u017etepti ant odos masa\u017einiais judesiais. [&#8230;]\n","protected":false},"featured_media":1932,"template":"","meta":[],"product_cat":[1390],"product_tag":[],"class_list":{"0":"post-33561","1":"product","2":"type-product","3":"status-publish","4":"has-post-thumbnail","6":"product_brand-malina-akcija-lt","7":"product_cat-kremai-aliejai-kuno-pienelis","9":"first","10":"outofstock","11":"taxable","12":"shipping-taxable","13":"product-type-simple"},"_links":{"self":[{"href":"https:\/\/e.kosmolat.eu\/lt\/wp-json\/wp\/v2\/product\/33561","targetHints":{"allow":["GET"]}}],"collection":[{"href":"https:\/\/e.kosmolat.eu\/lt\/wp-json\/wp\/v2\/product"}],"about":[{"href":"https:\/\/e.kosmolat.eu\/lt\/wp-json\/wp\/v2\/types\/product"}],"wp:featuredmedia":[{"embeddable":true,"href":"https:\/\/e.kosmolat.eu\/lt\/wp-json\/wp\/v2\/media\/1932"}],"wp:attachment":[{"href":"https:\/\/e.kosmolat.eu\/lt\/wp-json\/wp\/v2\/media?parent=33561"}],"wp:term":[{"taxonomy":"product_cat","embeddable":true,"href":"https:\/\/e.kosmolat.eu\/lt\/wp-json\/wp\/v2\/product_cat?post=33561"},{"taxonomy":"product_tag","embeddable":true,"href":"https:\/\/e.kosmolat.eu\/lt\/wp-json\/wp\/v2\/product_tag?post=33561"}],"curies":[{"name":"wp","href":"https:\/\/api.w.org\/{rel}","templated":true}]}}