{"id":33557,"date":"2023-12-21T18:44:52","date_gmt":"2023-12-21T18:44:52","guid":{"rendered":"https:\/\/e.kosmolat.eu\/product\/kokosa-ella-25-ml\/"},"modified":"2025-07-29T05:03:35","modified_gmt":"2025-07-29T05:03:35","slug":"kokosa-ella-25-ml","status":"publish","type":"product","link":"https:\/\/e.kosmolat.eu\/lt\/produktas\/kokosa-ella-25-ml\/","title":{"rendered":"MIRROLLA Kosmetinis aliejus kokos\u0173, 25 ml"},"content":{"rendered":"<p>Dr\u0117kina, maitina ir mink\u0161tina od\u0105. Apsaugo od\u0105 nuo \u017ealing\u0173 i\u0161orini\u0173 veiksni\u0173. Sukuria patvar\u0173 apsaugin\u012f sluoksn\u012f, skatina tolyg\u0173 \u012fdeg\u012f. Nagai b\u016bna sveiki ir stipr\u016bs. Maitina, dr\u0117kina ir atstato plauk\u0173 strukt\u016br\u0105. L\u0117tina rauk\u0161leli\u0173 atsiradim\u0105.<\/p>\n<p>Laikyti kambario temperat\u016broje.<\/p>\n","protected":false},"excerpt":{"rendered":"<p>Dr\u0117kina, maitina ir mink\u0161tina od\u0105. Apsaugo od\u0105 nuo \u017ealing\u0173 i\u0161orini\u0173 veiksni\u0173. Sukuria patvar\u0173 apsaugin\u012f sluoksn\u012f, skatina tolyg\u0173 \u012fdeg\u012f. Nagai b\u016bna sveiki ir stipr\u016bs. Maitina, dr\u0117kina ir atstato plauk\u0173 strukt\u016br\u0105. L\u0117tina rauk\u0161leli\u0173 atsiradim\u0105. Laikyti kambario temperat\u016broje.<\/p>\n","protected":false},"featured_media":1924,"template":"","meta":[],"product_cat":[1621],"product_tag":[],"class_list":{"0":"post-33557","1":"product","2":"type-product","3":"status-publish","4":"has-post-thumbnail","6":"product_brand-malina-akcija-lt","7":"product_cat-aliejai","9":"first","10":"outofstock","11":"taxable","12":"shipping-taxable","13":"product-type-simple"},"_links":{"self":[{"href":"https:\/\/e.kosmolat.eu\/lt\/wp-json\/wp\/v2\/product\/33557","targetHints":{"allow":["GET"]}}],"collection":[{"href":"https:\/\/e.kosmolat.eu\/lt\/wp-json\/wp\/v2\/product"}],"about":[{"href":"https:\/\/e.kosmolat.eu\/lt\/wp-json\/wp\/v2\/types\/product"}],"wp:featuredmedia":[{"embeddable":true,"href":"https:\/\/e.kosmolat.eu\/lt\/wp-json\/wp\/v2\/media\/1924"}],"wp:attachment":[{"href":"https:\/\/e.kosmolat.eu\/lt\/wp-json\/wp\/v2\/media?parent=33557"}],"wp:term":[{"taxonomy":"product_cat","embeddable":true,"href":"https:\/\/e.kosmolat.eu\/lt\/wp-json\/wp\/v2\/product_cat?post=33557"},{"taxonomy":"product_tag","embeddable":true,"href":"https:\/\/e.kosmolat.eu\/lt\/wp-json\/wp\/v2\/product_tag?post=33557"}],"curies":[{"name":"wp","href":"https:\/\/api.w.org\/{rel}","templated":true}]}}