{"id":33545,"date":"2023-12-21T18:44:16","date_gmt":"2023-12-21T18:44:16","guid":{"rendered":"https:\/\/e.kosmolat.eu\/product\/matejosas-salvetes-mat-fix-4496\/"},"modified":"2026-04-21T07:00:47","modified_gmt":"2026-04-21T07:00:47","slug":"mat-fix-matejosas-sejas-salvetes-50-gab-4496","status":"publish","type":"product","link":"https:\/\/e.kosmolat.eu\/lt\/produktas\/mat-fix-matejosas-sejas-salvetes-50-gab-4496\/","title":{"rendered":"DONEGAL Mat-Fix Matinan\u010dios veido servet\u0117l\u0117s, 50 vnt, 4496"},"content":{"rendered":"<p>D\u0117l savo unikalios strukt\u016bros Mat-Fix matinan\u010dios servet\u0117l\u0117s akimirksniu sugeria riebal\u0173 pertekli\u0173, nepa\u017eeisdamos kruop\u0161\u010diai u\u017etepto makia\u017eo ir pa\u0161alina negra\u017e\u0173 odos blizges\u012f. Suteikia gaivi\u0105 ir tobulai matin\u0119 i\u0161vaizd\u0105 vis\u0105 dien\u0105.<\/p>\n<p>Naudojimas: U\u017ed\u0117kite vien\u0105 servet\u0117l\u0119 ant veido ir \u0161iek tiek paspauskite. Netrinkite odos, kitaip gali b\u016bti pa\u017eeistas makia\u017eas. Po to od\u0105 v\u0117l galima papudruoti. Panaudot\u0105 servet\u0117l\u0119 i\u0161meskite.<br \/>\nNaudokite pagal poreik\u012f.<\/p>\n<p>Atsargumo priemon\u0117s: Tik i\u0161oriniam naudojimui. Neprarykite.<br \/>\n><\/p>\n","protected":false},"excerpt":{"rendered":"<p>D\u0117l savo unikalios strukt\u016bros Mat-Fix matinan\u010dios servet\u0117l\u0117s akimirksniu sugeria riebal\u0173 pertekli\u0173, nepa\u017eeisdamos kruop\u0161\u010diai u\u017etepto makia\u017eo ir pa\u0161alina negra\u017e\u0173 odos blizges\u012f. Suteikia gaivi\u0105 ir tobulai matin\u0119 i\u0161vaizd\u0105 vis\u0105 dien\u0105. Naudojimas: U\u017ed\u0117kite vien\u0105 servet\u0117l\u0119 ant veido ir \u0161iek tiek paspauskite. Netrinkite odos, kitaip gali b\u016bti pa\u017eeistas makia\u017eas. Po to od\u0105 v\u0117l galima papudruoti. Panaudot\u0105 servet\u0117l\u0119 i\u0161meskite. Naudokite [&#8230;]\n","protected":false},"featured_media":105480,"template":"","meta":[],"product_cat":[2181],"product_tag":[],"class_list":{"0":"post-33545","1":"product","2":"type-product","3":"status-publish","4":"has-post-thumbnail","6":"product_brand-donegal-sp-zo-o-_pl-lt","7":"product_cat-bez-kategorijas-lt","9":"first","10":"instock","11":"taxable","12":"shipping-taxable","13":"product-type-simple"},"_links":{"self":[{"href":"https:\/\/e.kosmolat.eu\/lt\/wp-json\/wp\/v2\/product\/33545","targetHints":{"allow":["GET"]}}],"collection":[{"href":"https:\/\/e.kosmolat.eu\/lt\/wp-json\/wp\/v2\/product"}],"about":[{"href":"https:\/\/e.kosmolat.eu\/lt\/wp-json\/wp\/v2\/types\/product"}],"wp:featuredmedia":[{"embeddable":true,"href":"https:\/\/e.kosmolat.eu\/lt\/wp-json\/wp\/v2\/media\/105480"}],"wp:attachment":[{"href":"https:\/\/e.kosmolat.eu\/lt\/wp-json\/wp\/v2\/media?parent=33545"}],"wp:term":[{"taxonomy":"product_cat","embeddable":true,"href":"https:\/\/e.kosmolat.eu\/lt\/wp-json\/wp\/v2\/product_cat?post=33545"},{"taxonomy":"product_tag","embeddable":true,"href":"https:\/\/e.kosmolat.eu\/lt\/wp-json\/wp\/v2\/product_tag?post=33545"}],"curies":[{"name":"wp","href":"https:\/\/api.w.org\/{rel}","templated":true}]}}