{"id":33529,"date":"2023-12-21T18:43:26","date_gmt":"2023-12-21T18:43:26","guid":{"rendered":"https:\/\/e.kosmolat.eu\/product\/birste-mazgasanai-un-masazai-9451\/"},"modified":"2026-04-15T11:34:05","modified_gmt":"2026-04-15T11:34:05","slug":"birste-mazgasanai-un-masazai-9451","status":"publish","type":"product","link":"https:\/\/e.kosmolat.eu\/lt\/produktas\/birste-mazgasanai-un-masazai-9451\/","title":{"rendered":"DONEGAL Prausimosi ir masa\u017eo \u0161epetys"},"content":{"rendered":"<p>Prausimosi ir masa\u017eo \u0161epetys.<\/p>\n","protected":false},"excerpt":{"rendered":"<p>Prausimosi ir masa\u017eo \u0161epetys.<\/p>\n","protected":false},"featured_media":105468,"template":"","meta":[],"product_cat":[2181],"product_tag":[],"class_list":{"0":"post-33529","1":"product","2":"type-product","3":"status-publish","4":"has-post-thumbnail","6":"product_brand-donegal-sp-zo-o-_pl-lt","7":"product_cat-bez-kategorijas-lt","9":"first","10":"instock","11":"taxable","12":"shipping-taxable","13":"product-type-simple"},"_links":{"self":[{"href":"https:\/\/e.kosmolat.eu\/lt\/wp-json\/wp\/v2\/product\/33529","targetHints":{"allow":["GET"]}}],"collection":[{"href":"https:\/\/e.kosmolat.eu\/lt\/wp-json\/wp\/v2\/product"}],"about":[{"href":"https:\/\/e.kosmolat.eu\/lt\/wp-json\/wp\/v2\/types\/product"}],"wp:featuredmedia":[{"embeddable":true,"href":"https:\/\/e.kosmolat.eu\/lt\/wp-json\/wp\/v2\/media\/105468"}],"wp:attachment":[{"href":"https:\/\/e.kosmolat.eu\/lt\/wp-json\/wp\/v2\/media?parent=33529"}],"wp:term":[{"taxonomy":"product_cat","embeddable":true,"href":"https:\/\/e.kosmolat.eu\/lt\/wp-json\/wp\/v2\/product_cat?post=33529"},{"taxonomy":"product_tag","embeddable":true,"href":"https:\/\/e.kosmolat.eu\/lt\/wp-json\/wp\/v2\/product_tag?post=33529"}],"curies":[{"name":"wp","href":"https:\/\/api.w.org\/{rel}","templated":true}]}}