{"id":33517,"date":"2023-12-21T18:42:48","date_gmt":"2023-12-21T18:42:48","guid":{"rendered":"https:\/\/e.kosmolat.eu\/product\/cepurite-matu-skipsnu-krasosanai-9301\/"},"modified":"2026-04-10T09:02:01","modified_gmt":"2026-04-10T09:02:01","slug":"cepurite-matu-skipsnu-krasosanai-9301","status":"publish","type":"product","link":"https:\/\/e.kosmolat.eu\/lt\/produktas\/cepurite-matu-skipsnu-krasosanai-9301\/","title":{"rendered":"DONEGAL Kepurait\u0117 plauk\u0173 da\u017eymui, 9000"},"content":{"rendered":"<\/p>\n","protected":false},"excerpt":{"rendered":"","protected":false},"featured_media":105452,"template":"","meta":[],"product_cat":[1669],"product_tag":[],"class_list":{"0":"post-33517","1":"product","2":"type-product","3":"status-publish","4":"has-post-thumbnail","6":"product_brand-donegal-sp-zo-o-_pl-lt","7":"product_cat-plauku-aksesuarai","9":"first","10":"instock","11":"taxable","12":"shipping-taxable","13":"product-type-simple"},"_links":{"self":[{"href":"https:\/\/e.kosmolat.eu\/lt\/wp-json\/wp\/v2\/product\/33517","targetHints":{"allow":["GET"]}}],"collection":[{"href":"https:\/\/e.kosmolat.eu\/lt\/wp-json\/wp\/v2\/product"}],"about":[{"href":"https:\/\/e.kosmolat.eu\/lt\/wp-json\/wp\/v2\/types\/product"}],"wp:featuredmedia":[{"embeddable":true,"href":"https:\/\/e.kosmolat.eu\/lt\/wp-json\/wp\/v2\/media\/105452"}],"wp:attachment":[{"href":"https:\/\/e.kosmolat.eu\/lt\/wp-json\/wp\/v2\/media?parent=33517"}],"wp:term":[{"taxonomy":"product_cat","embeddable":true,"href":"https:\/\/e.kosmolat.eu\/lt\/wp-json\/wp\/v2\/product_cat?post=33517"},{"taxonomy":"product_tag","embeddable":true,"href":"https:\/\/e.kosmolat.eu\/lt\/wp-json\/wp\/v2\/product_tag?post=33517"}],"curies":[{"name":"wp","href":"https:\/\/api.w.org\/{rel}","templated":true}]}}