{"id":33445,"date":"2023-12-21T18:38:25","date_gmt":"2023-12-21T18:38:25","guid":{"rendered":"https:\/\/e.kosmolat.eu\/product\/dr-s-macadamia-hair-balzams-200-ml\/"},"modified":"2025-09-23T10:35:45","modified_gmt":"2025-09-23T10:35:45","slug":"i_dr-s-macadamia-hair-balzams-200-ml","status":"publish","type":"product","link":"https:\/\/e.kosmolat.eu\/lt\/produktas\/i_dr-s-macadamia-hair-balzams-200-ml\/","title":{"rendered":"I_DR. SANTE MACADAMIA HAIR Balzamas plaukams Atstatymas ir apsauga, 200 ml"},"content":{"rendered":"<p>Pa\u017eeistiems plaukams. Balzamas atstato plauk\u0173 elastingum\u0105 ir mink\u0161tum\u0105, palengvina \u0161ukavim\u0105. Efektyviai papildo \u0161amp\u016bno efektyvum\u0105. Plaukai atrodo sveiki ir gra\u017e\u016bs jau po pirmojo naudojimo.\n<\/p>\n<h4>NAUDOJIMO B\u016aDAS: <\/h4>\n<p>u\u017etepkite gelio ant \u0161vari\u0173 dr\u0117gn\u0173 plauk\u0173 ir paskirstykite per vis\u0105 ilg\u012f. Tada nuplaukite vandeniu.<br \/>\nATSARGUMO PRIEMON\u0116S: tik i\u0161oriniam naudojimui. Jei pateko \u012f akis, praplaukite vandeniu.<\/p>\n","protected":false},"excerpt":{"rendered":"<p>Pa\u017eeistiems plaukams. Balzamas atstato plauk\u0173 elastingum\u0105 ir mink\u0161tum\u0105, palengvina \u0161ukavim\u0105. Efektyviai papildo \u0161amp\u016bno efektyvum\u0105. Plaukai atrodo sveiki ir gra\u017e\u016bs jau po pirmojo naudojimo. NAUDOJIMO B\u016aDAS: u\u017etepkite gelio ant \u0161vari\u0173 dr\u0117gn\u0173 plauk\u0173 ir paskirstykite per vis\u0105 ilg\u012f. Tada nuplaukite vandeniu. ATSARGUMO PRIEMON\u0116S: tik i\u0161oriniam naudojimui. Jei pateko \u012f akis, praplaukite vandeniu.<\/p>\n","protected":false},"featured_media":96541,"template":"","meta":[],"product_cat":[1640],"product_tag":[],"class_list":{"0":"post-33445","1":"product","2":"type-product","3":"status-publish","4":"has-post-thumbnail","6":"product_brand-elfa_ua-lt","7":"product_cat-balzamai","9":"first","10":"outofstock","11":"taxable","12":"shipping-taxable","13":"product-type-simple"},"_links":{"self":[{"href":"https:\/\/e.kosmolat.eu\/lt\/wp-json\/wp\/v2\/product\/33445","targetHints":{"allow":["GET"]}}],"collection":[{"href":"https:\/\/e.kosmolat.eu\/lt\/wp-json\/wp\/v2\/product"}],"about":[{"href":"https:\/\/e.kosmolat.eu\/lt\/wp-json\/wp\/v2\/types\/product"}],"wp:featuredmedia":[{"embeddable":true,"href":"https:\/\/e.kosmolat.eu\/lt\/wp-json\/wp\/v2\/media\/96541"}],"wp:attachment":[{"href":"https:\/\/e.kosmolat.eu\/lt\/wp-json\/wp\/v2\/media?parent=33445"}],"wp:term":[{"taxonomy":"product_cat","embeddable":true,"href":"https:\/\/e.kosmolat.eu\/lt\/wp-json\/wp\/v2\/product_cat?post=33445"},{"taxonomy":"product_tag","embeddable":true,"href":"https:\/\/e.kosmolat.eu\/lt\/wp-json\/wp\/v2\/product_tag?post=33445"}],"curies":[{"name":"wp","href":"https:\/\/api.w.org\/{rel}","templated":true}]}}