{"id":33441,"date":"2023-12-21T18:38:08","date_gmt":"2023-12-21T18:38:08","guid":{"rendered":"https:\/\/e.kosmolat.eu\/product\/dr-s-macadamia-hair-sampuns-250-ml\/"},"modified":"2026-03-31T19:57:31","modified_gmt":"2026-03-31T19:57:31","slug":"i_dr-s-macadamia-hair-sampuns-250-ml","status":"publish","type":"product","link":"https:\/\/e.kosmolat.eu\/lt\/produktas\/i_dr-s-macadamia-hair-sampuns-250-ml\/","title":{"rendered":"DR.SANTE Macadamia Hair \u0160amp\u016bnas plaukams Atstatymas ir apsauga, 250 ml"},"content":{"rendered":"<p>&Scaron;amp\u016bnas &scaron;velniai valo plaukus nuo ne&scaron;varum\u0173 ir &scaron;ukuosenos formavimo priemoni\u0173, gr\u0105\u017eina plaukams lengvum\u0105. Idealiai paruo&scaron;ia tolimesnei atstatymo proced\u016brai.<\/p>\n<p><strong>Naudojimo b\u016bdas:<\/strong>&nbsp;u\u017etepkite &scaron;amp\u016bno ant dr\u0117gn\u0173 plauk\u0173, sukelkite putas, tada nuplaukite vandeniu. Jei reikia, proced\u016br\u0105 galite pakartoti.<\/p>\n<p><strong>Atsargumo priemon\u0117s:<\/strong>&nbsp;tik i&scaron;oriniam naudojimui. Jei pateko \u012f akis, praplaukite vandeniu.<\/p>\n","protected":false},"excerpt":{"rendered":"<p>&Scaron;amp\u016bnas &scaron;velniai valo plaukus nuo ne&scaron;varum\u0173 ir &scaron;ukuosenos formavimo priemoni\u0173, gr\u0105\u017eina plaukams lengvum\u0105. Idealiai paruo&scaron;ia tolimesnei atstatymo proced\u016brai. Naudojimo b\u016bdas:&nbsp;u\u017etepkite &scaron;amp\u016bno ant dr\u0117gn\u0173 plauk\u0173, sukelkite putas, tada nuplaukite vandeniu. Jei reikia, proced\u016br\u0105 galite pakartoti. Atsargumo priemon\u0117s:&nbsp;tik i&scaron;oriniam naudojimui. Jei pateko \u012f akis, praplaukite vandeniu.<\/p>\n","protected":false},"featured_media":96750,"template":"","meta":[],"product_cat":[1251],"product_tag":[],"class_list":{"0":"post-33441","1":"product","2":"type-product","3":"status-publish","4":"has-post-thumbnail","6":"product_brand-elfa_ua-lt","7":"product_cat-sampunai","9":"first","10":"outofstock","11":"taxable","12":"shipping-taxable","13":"product-type-simple"},"_links":{"self":[{"href":"https:\/\/e.kosmolat.eu\/lt\/wp-json\/wp\/v2\/product\/33441","targetHints":{"allow":["GET"]}}],"collection":[{"href":"https:\/\/e.kosmolat.eu\/lt\/wp-json\/wp\/v2\/product"}],"about":[{"href":"https:\/\/e.kosmolat.eu\/lt\/wp-json\/wp\/v2\/types\/product"}],"wp:featuredmedia":[{"embeddable":true,"href":"https:\/\/e.kosmolat.eu\/lt\/wp-json\/wp\/v2\/media\/96750"}],"wp:attachment":[{"href":"https:\/\/e.kosmolat.eu\/lt\/wp-json\/wp\/v2\/media?parent=33441"}],"wp:term":[{"taxonomy":"product_cat","embeddable":true,"href":"https:\/\/e.kosmolat.eu\/lt\/wp-json\/wp\/v2\/product_cat?post=33441"},{"taxonomy":"product_tag","embeddable":true,"href":"https:\/\/e.kosmolat.eu\/lt\/wp-json\/wp\/v2\/product_tag?post=33441"}],"curies":[{"name":"wp","href":"https:\/\/api.w.org\/{rel}","templated":true}]}}