{"id":33437,"date":"2023-12-21T18:37:47","date_gmt":"2023-12-21T18:37:47","guid":{"rendered":"https:\/\/e.kosmolat.eu\/product\/dr-s-argan-hair-sprejs-matiem-150-ml\/"},"modified":"2026-04-01T06:53:34","modified_gmt":"2026-04-01T06:53:34","slug":"dr-s-argan-hair-sprejs-matiem-150-ml","status":"publish","type":"product","link":"https:\/\/e.kosmolat.eu\/lt\/produktas\/dr-s-argan-hair-sprejs-matiem-150-ml\/","title":{"rendered":"DR. SANTE ARGAN HAIR Pur\u0161kiklis plaukams Lengvas \u0161ukavimas 150ml"},"content":{"rendered":"<p>Pa\u017eeistiems plaukams. Pur\u0161kiklio formul\u0117 momentaliai atstato ir stiprina plauk\u0173 strukt\u016br\u0105. Nepalieka riebumo ir neapsunkina plauk\u0173. Plaukai tampa \u0161ilkiniai. Nesulipdina plauk\u0173, \u0161ukuosena atrodo nat\u016braliai. Sud\u0117tyje n\u0117ra paraben\u0173 ir da\u017eikli\u0173.\n<\/p>\n<h4>NAUDOJIMO B\u016aDAS: <\/h4>\n<p>purk\u0161kite 15-20 cm atstumu ant \u0161vari\u0173 saus\u0173 arba dr\u0117gn\u0173 plauk\u0173. Nenuplaunamas.<br \/>\nATSARGUMO PRIEMON\u0116S: tik i\u0161oriniam naudojimui. Jei pateko \u012f akis, praplaukite vandeniu.<\/p>\n","protected":false},"excerpt":{"rendered":"<p>Pa\u017eeistiems plaukams. Pur\u0161kiklio formul\u0117 momentaliai atstato ir stiprina plauk\u0173 strukt\u016br\u0105. Nepalieka riebumo ir neapsunkina plauk\u0173. Plaukai tampa \u0161ilkiniai. Nesulipdina plauk\u0173, \u0161ukuosena atrodo nat\u016braliai. Sud\u0117tyje n\u0117ra paraben\u0173 ir da\u017eikli\u0173. NAUDOJIMO B\u016aDAS: purk\u0161kite 15-20 cm atstumu ant \u0161vari\u0173 saus\u0173 arba dr\u0117gn\u0173 plauk\u0173. Nenuplaunamas. ATSARGUMO PRIEMON\u0116S: tik i\u0161oriniam naudojimui. Jei pateko \u012f akis, praplaukite vandeniu.<\/p>\n","protected":false},"featured_media":96746,"template":"","meta":[],"product_cat":[1345],"product_tag":[],"class_list":{"0":"post-33437","1":"product","2":"type-product","3":"status-publish","4":"has-post-thumbnail","6":"product_brand-elfa_ua-lt","7":"product_cat-kitos-plauku-prieziuros-priemones","9":"first","10":"outofstock","11":"taxable","12":"shipping-taxable","13":"product-type-simple"},"_links":{"self":[{"href":"https:\/\/e.kosmolat.eu\/lt\/wp-json\/wp\/v2\/product\/33437","targetHints":{"allow":["GET"]}}],"collection":[{"href":"https:\/\/e.kosmolat.eu\/lt\/wp-json\/wp\/v2\/product"}],"about":[{"href":"https:\/\/e.kosmolat.eu\/lt\/wp-json\/wp\/v2\/types\/product"}],"wp:featuredmedia":[{"embeddable":true,"href":"https:\/\/e.kosmolat.eu\/lt\/wp-json\/wp\/v2\/media\/96746"}],"wp:attachment":[{"href":"https:\/\/e.kosmolat.eu\/lt\/wp-json\/wp\/v2\/media?parent=33437"}],"wp:term":[{"taxonomy":"product_cat","embeddable":true,"href":"https:\/\/e.kosmolat.eu\/lt\/wp-json\/wp\/v2\/product_cat?post=33437"},{"taxonomy":"product_tag","embeddable":true,"href":"https:\/\/e.kosmolat.eu\/lt\/wp-json\/wp\/v2\/product_tag?post=33437"}],"curies":[{"name":"wp","href":"https:\/\/api.w.org\/{rel}","templated":true}]}}