{"id":33433,"date":"2023-12-21T18:37:24","date_gmt":"2023-12-21T18:37:24","guid":{"rendered":"https:\/\/e.kosmolat.eu\/product\/dr-s-argan-hair-krems-maska-300-ml\/"},"modified":"2026-04-17T14:06:30","modified_gmt":"2026-04-17T14:06:30","slug":"dr-s-argan-hair-krems-maska-300-ml","status":"publish","type":"product","link":"https:\/\/e.kosmolat.eu\/lt\/produktas\/dr-s-argan-hair-krems-maska-300-ml\/","title":{"rendered":"DR. SANTE Argan Hair Kremas &#8211; kauk\u0117 plaukams Atstatymas, 300 ml"},"content":{"rendered":"<p>Pa\u017eeistiems plaukams. Kremo &#8211; kauk\u0117 sud\u0117tyje yra nauding\u0173 med\u017eiag\u0173, kurie intensyviai atstato silpnus ir pa\u017eeistus plaukus. &Scaron;iuolaikin\u0117 kremo &#8211; kauk\u0117s formul\u0117 suteikia plaukams 3 lygi\u0173 atstatym\u0105:<\/p>\n<ul>\n<li>pasilieka ant plauko pavir&scaron;iaus: suteikia blizges\u012f, mink&scaron;tum\u0105, palengvina &scaron;ukavim\u0105, apsaugo nuo kenksming\u0173 aplinkos faktori\u0173<\/li>\n<li>prasiskverbia \u012f plauko kutikul\u0119, padidina elastingum\u0105<\/li>\n<li>giliai prasiskverbia \u012f plauko strukt\u016br\u0105: lengvai \u012fsigeria, stiprina, atstato ir apsaugo plauk\u0105 i&scaron; vidaus.<\/li>\n<\/ul>\n<p>Rezultatas matomas jau po pirmo naudojimo.<\/p>\n<p>Plaukai tampa lyg\u016bs, elastingi, net malonu juos liesti.<\/p>\n<p>Sud\u0117tyje n\u0117ra paraben\u0173 ir mineralini\u0173 aliej\u0173.<\/p>\n<p><strong>Naudojimo b\u016bdas:<\/strong>&nbsp;reikiam\u0105 kauk\u0117s kiek\u012f u\u017etepkite ant &scaron;vari\u0173 dr\u0117gn\u0173 plauk\u0173 prie pat &scaron;akn\u0173, paskirstykite per vis\u0105 ilg\u012f. Po 5 minu\u010di\u0173 nuplaukite vandeniu. Naudokite 1 kart\u0105 per savait\u0119.<\/p>\n<p><strong>Atsargumo priemon\u0117s:&nbsp;<\/strong>tik i&scaron;oriniam naudojimui. Jei pateko \u012f akis, praplaukite vandeniu.<\/p>\n","protected":false},"excerpt":{"rendered":"<p>Pa\u017eeistiems plaukams. Kremo &#8211; kauk\u0117 sud\u0117tyje yra nauding\u0173 med\u017eiag\u0173, kurie intensyviai atstato silpnus ir pa\u017eeistus plaukus. &Scaron;iuolaikin\u0117 kremo &#8211; kauk\u0117s formul\u0117 suteikia plaukams 3 lygi\u0173 atstatym\u0105: pasilieka ant plauko pavir&scaron;iaus: suteikia blizges\u012f, mink&scaron;tum\u0105, palengvina &scaron;ukavim\u0105, apsaugo nuo kenksming\u0173 aplinkos faktori\u0173 prasiskverbia \u012f plauko kutikul\u0119, padidina elastingum\u0105 giliai prasiskverbia \u012f plauko strukt\u016br\u0105: lengvai \u012fsigeria, stiprina, atstato [&#8230;]\n","protected":false},"featured_media":96826,"template":"","meta":[],"product_cat":[1256],"product_tag":[],"class_list":{"0":"post-33433","1":"product","2":"type-product","3":"status-publish","4":"has-post-thumbnail","6":"product_brand-elfa_ua-lt","7":"product_cat-plauku-kaukes","9":"first","10":"instock","11":"taxable","12":"shipping-taxable","13":"product-type-simple"},"_links":{"self":[{"href":"https:\/\/e.kosmolat.eu\/lt\/wp-json\/wp\/v2\/product\/33433","targetHints":{"allow":["GET"]}}],"collection":[{"href":"https:\/\/e.kosmolat.eu\/lt\/wp-json\/wp\/v2\/product"}],"about":[{"href":"https:\/\/e.kosmolat.eu\/lt\/wp-json\/wp\/v2\/types\/product"}],"wp:featuredmedia":[{"embeddable":true,"href":"https:\/\/e.kosmolat.eu\/lt\/wp-json\/wp\/v2\/media\/96826"}],"wp:attachment":[{"href":"https:\/\/e.kosmolat.eu\/lt\/wp-json\/wp\/v2\/media?parent=33433"}],"wp:term":[{"taxonomy":"product_cat","embeddable":true,"href":"https:\/\/e.kosmolat.eu\/lt\/wp-json\/wp\/v2\/product_cat?post=33433"},{"taxonomy":"product_tag","embeddable":true,"href":"https:\/\/e.kosmolat.eu\/lt\/wp-json\/wp\/v2\/product_tag?post=33433"}],"curies":[{"name":"wp","href":"https:\/\/api.w.org\/{rel}","templated":true}]}}