{"id":33429,"date":"2023-12-21T18:36:59","date_gmt":"2023-12-21T18:36:59","guid":{"rendered":"https:\/\/e.kosmolat.eu\/product\/dr-s-dadzu-balzams-koncentrats-200-ml\/"},"modified":"2025-08-28T14:02:57","modified_gmt":"2025-08-28T14:02:57","slug":"i_dr-s-dadzu-balzams-koncentrats-200-ml","status":"publish","type":"product","link":"https:\/\/e.kosmolat.eu\/lt\/produktas\/i_dr-s-dadzu-balzams-koncentrats-200-ml\/","title":{"rendered":"I_Dr.Sante Varnal\u0117\u0161a Balzamas &#8211; koncentratas Apimtis ir blizgesys"},"content":{"rendered":"<p>Koncentruotas balzamas efektyviai veikia plauk\u0173 strukt\u016br\u0105, atstato plauk\u0173 strukt\u016br\u0105, palengvina \u0161ukavim\u0105. Did\u017eiosios varnal\u0117\u0161os, juodojo ridiko, arti\u0161ok\u0173 ekstraktai prisotina folikulas maitinan\u010diomis med\u017eiagomis, kurios stiprina plaukus ir suteikia jiems blizges\u012f. Pantenolis, kvie\u010di\u0173 ir sojos proteinai dr\u0117kina plaukus, gr\u0105\u017eina jiems elastingum\u0105. Keratinas atstato plauk\u0173 strukt\u016br\u0105, apsaugo nuo l\u016b\u017ein\u0117jimo. Balzamo sud\u0117tyje n\u0117ra da\u017eikli\u0173 ir silikono.<br \/>\nNAUDOJIMO B\u016aDAS: nedidel\u012f balzamo kiek\u012f u\u017etepkite ant \u0161vari\u0173 dr\u0117gn\u0173 plauk\u0173, tolygiai paskirstykite per vis\u0105 ilg\u012f, tada nuplaukite vandeniu.<br \/>\nATSARGUMO PRIEMON\u0116S: tik i\u0161oriniam naudojimui. Jei pateko \u012f akis, praplaukite vandeniu.<\/p>\n","protected":false},"excerpt":{"rendered":"<p>Koncentruotas balzamas efektyviai veikia plauk\u0173 strukt\u016br\u0105, atstato plauk\u0173 strukt\u016br\u0105, palengvina \u0161ukavim\u0105. Did\u017eiosios varnal\u0117\u0161os, juodojo ridiko, arti\u0161ok\u0173 ekstraktai prisotina folikulas maitinan\u010diomis med\u017eiagomis, kurios stiprina plaukus ir suteikia jiems blizges\u012f. Pantenolis, kvie\u010di\u0173 ir sojos proteinai dr\u0117kina plaukus, gr\u0105\u017eina jiems elastingum\u0105. Keratinas atstato plauk\u0173 strukt\u016br\u0105, apsaugo nuo l\u016b\u017ein\u0117jimo. Balzamo sud\u0117tyje n\u0117ra da\u017eikli\u0173 ir silikono. NAUDOJIMO B\u016aDAS: nedidel\u012f balzamo [&#8230;]\n","protected":false},"featured_media":28628,"template":"","meta":[],"product_cat":[1640],"product_tag":[],"class_list":{"0":"post-33429","1":"product","2":"type-product","3":"status-publish","4":"has-post-thumbnail","6":"product_brand-elfa_ua-lt","7":"product_cat-balzamai","9":"first","10":"outofstock","11":"taxable","12":"shipping-taxable","13":"product-type-simple"},"_links":{"self":[{"href":"https:\/\/e.kosmolat.eu\/lt\/wp-json\/wp\/v2\/product\/33429","targetHints":{"allow":["GET"]}}],"collection":[{"href":"https:\/\/e.kosmolat.eu\/lt\/wp-json\/wp\/v2\/product"}],"about":[{"href":"https:\/\/e.kosmolat.eu\/lt\/wp-json\/wp\/v2\/types\/product"}],"wp:featuredmedia":[{"embeddable":true,"href":"https:\/\/e.kosmolat.eu\/lt\/wp-json\/wp\/v2\/media\/28628"}],"wp:attachment":[{"href":"https:\/\/e.kosmolat.eu\/lt\/wp-json\/wp\/v2\/media?parent=33429"}],"wp:term":[{"taxonomy":"product_cat","embeddable":true,"href":"https:\/\/e.kosmolat.eu\/lt\/wp-json\/wp\/v2\/product_cat?post=33429"},{"taxonomy":"product_tag","embeddable":true,"href":"https:\/\/e.kosmolat.eu\/lt\/wp-json\/wp\/v2\/product_tag?post=33429"}],"curies":[{"name":"wp","href":"https:\/\/api.w.org\/{rel}","templated":true}]}}