{"id":33421,"date":"2023-12-21T18:36:04","date_gmt":"2023-12-21T18:36:04","guid":{"rendered":"https:\/\/e.kosmolat.eu\/product\/dr-s-dadzu-dadzu-ella-dabiga-100-ml\/"},"modified":"2025-09-02T10:22:30","modified_gmt":"2025-09-02T10:22:30","slug":"i_dr-s-dadzu-dadzu-ella-dabiga-100-ml","status":"publish","type":"product","link":"https:\/\/e.kosmolat.eu\/lt\/produktas\/i_dr-s-dadzu-dadzu-ella-dabiga-100-ml\/","title":{"rendered":"I_DR. SANTE Varnal\u0117\u0161a Nat\u016bralus varnal\u0117\u0161\u0173 aliejus, 100 ml"},"content":{"rendered":"","protected":false},"excerpt":{"rendered":"","protected":false},"featured_media":0,"template":"","meta":[],"product_cat":[1345],"product_tag":[],"class_list":{"0":"post-33421","1":"product","2":"type-product","3":"status-publish","5":"product_brand-elfa_ua-lt","6":"product_cat-kitos-plauku-prieziuros-priemones","8":"first","9":"instock","10":"taxable","11":"shipping-taxable","12":"product-type-simple"},"_links":{"self":[{"href":"https:\/\/e.kosmolat.eu\/lt\/wp-json\/wp\/v2\/product\/33421","targetHints":{"allow":["GET"]}}],"collection":[{"href":"https:\/\/e.kosmolat.eu\/lt\/wp-json\/wp\/v2\/product"}],"about":[{"href":"https:\/\/e.kosmolat.eu\/lt\/wp-json\/wp\/v2\/types\/product"}],"wp:attachment":[{"href":"https:\/\/e.kosmolat.eu\/lt\/wp-json\/wp\/v2\/media?parent=33421"}],"wp:term":[{"taxonomy":"product_cat","embeddable":true,"href":"https:\/\/e.kosmolat.eu\/lt\/wp-json\/wp\/v2\/product_cat?post=33421"},{"taxonomy":"product_tag","embeddable":true,"href":"https:\/\/e.kosmolat.eu\/lt\/wp-json\/wp\/v2\/product_tag?post=33421"}],"curies":[{"name":"wp","href":"https:\/\/api.w.org\/{rel}","templated":true}]}}