{"id":33413,"date":"2023-12-21T18:35:14","date_gmt":"2023-12-21T18:35:14","guid":{"rendered":"https:\/\/e.kosmolat.eu\/product\/dd-krems-varikozes-profilaksei-ar-zirgkastanu-42-ml\/"},"modified":"2026-04-22T10:38:34","modified_gmt":"2026-04-22T10:38:34","slug":"the-dr-hc-kaju-krems-venotoniks-42-ml","status":"publish","type":"product","link":"https:\/\/e.kosmolat.eu\/lt\/produktas\/the-dr-hc-kaju-krems-venotoniks-42-ml\/","title":{"rendered":"THE DOCTOR HEALTH &#038; CARE Koj\u0173 kremas Venotonik, 42 ml"},"content":{"rendered":"<p>Kremas ma\u017eina koj\u0173 stres\u0105 ir nuovarg\u012f. Sud\u0117tyje esantis arklio ka\u0161tonas, kuris padidina ven\u0173 tonus\u0105, stiprina kapiliar\u0173 ir ven\u0173 sieneles. Kremas gr\u0105\u017eina kojoms lengvum\u0105, suteikia komforto jausm\u0105. Od\u0105 tampa lygi ir mink\u0161ta. Preparatas rekomenduojamas ven\u0173 lyg\u0173 profilaktikai.<br \/>\nNAUDOJIMO B\u016aDAS: tepkite ant sausos ir \u0161varios odos.<br \/>\nATSARGUMO PRIEMON\u0116S: tik i\u0161oriniam naudojimui. Jei pateko \u012f akis, praplaukite dideliu vandens kiekiu.<\/p>\n","protected":false},"excerpt":{"rendered":"<p>Kremas ma\u017eina koj\u0173 stres\u0105 ir nuovarg\u012f. Sud\u0117tyje esantis arklio ka\u0161tonas, kuris padidina ven\u0173 tonus\u0105, stiprina kapiliar\u0173 ir ven\u0173 sieneles. Kremas gr\u0105\u017eina kojoms lengvum\u0105, suteikia komforto jausm\u0105. Od\u0105 tampa lygi ir mink\u0161ta. Preparatas rekomenduojamas ven\u0173 lyg\u0173 profilaktikai. NAUDOJIMO B\u016aDAS: tepkite ant sausos ir \u0161varios odos. ATSARGUMO PRIEMON\u0116S: tik i\u0161oriniam naudojimui. Jei pateko \u012f akis, praplaukite dideliu [&#8230;]\n","protected":false},"featured_media":96822,"template":"","meta":[],"product_cat":[2181],"product_tag":[],"class_list":{"0":"post-33413","1":"product","2":"type-product","3":"status-publish","4":"has-post-thumbnail","6":"product_brand-elfa_ua-lt","7":"product_cat-bez-kategorijas-lt","9":"first","10":"instock","11":"taxable","12":"shipping-taxable","13":"product-type-simple"},"_links":{"self":[{"href":"https:\/\/e.kosmolat.eu\/lt\/wp-json\/wp\/v2\/product\/33413","targetHints":{"allow":["GET"]}}],"collection":[{"href":"https:\/\/e.kosmolat.eu\/lt\/wp-json\/wp\/v2\/product"}],"about":[{"href":"https:\/\/e.kosmolat.eu\/lt\/wp-json\/wp\/v2\/types\/product"}],"wp:featuredmedia":[{"embeddable":true,"href":"https:\/\/e.kosmolat.eu\/lt\/wp-json\/wp\/v2\/media\/96822"}],"wp:attachment":[{"href":"https:\/\/e.kosmolat.eu\/lt\/wp-json\/wp\/v2\/media?parent=33413"}],"wp:term":[{"taxonomy":"product_cat","embeddable":true,"href":"https:\/\/e.kosmolat.eu\/lt\/wp-json\/wp\/v2\/product_cat?post=33413"},{"taxonomy":"product_tag","embeddable":true,"href":"https:\/\/e.kosmolat.eu\/lt\/wp-json\/wp\/v2\/product_tag?post=33413"}],"curies":[{"name":"wp","href":"https:\/\/api.w.org\/{rel}","templated":true}]}}