{"id":33409,"date":"2023-12-21T18:34:48","date_gmt":"2023-12-21T18:34:48","guid":{"rendered":"https:\/\/e.kosmolat.eu\/product\/dr-s-argan-hair-sampuns-250-ml\/"},"modified":"2026-04-22T14:05:55","modified_gmt":"2026-04-22T14:05:55","slug":"dr-s-argan-hair-sampuns-250-ml","status":"publish","type":"product","link":"https:\/\/e.kosmolat.eu\/lt\/produktas\/dr-s-argan-hair-sampuns-250-ml\/","title":{"rendered":"DR.SANTE Argan Hair \u0160amp\u016bnas plaukams Valymas ir dr\u0117kinimas, 250 ml"},"content":{"rendered":"<p>Argano aliejus ir keratinas. Pa\u017eeistiems plaukams.<\/p>\n<p>\u201eArgan hair\u201c serijos recepte yra vertingiausias komponentas \u2013 argano aliejus, atkuriantis plauk\u0173 strukt\u016br\u0105 i\u0161 vidaus ir i\u0161or\u0117s. \u012e vid\u0173 prasiskverbiantis aliejus sujungia \u017evynelius,, apsaugo nuo plauk\u0173 galiuk\u0173 skilin\u0117jimo, padidindamas plauk\u0173 \u0161velnum\u0105 ir elastingum\u0105. Keratinas, kaip pagrindin\u0117 plauk\u0173 statybin\u0117 sudedamoji dalis, u\u017epildo pa\u017eeistas vietas ir apsaugo plaukus nuo neigiamo aplinkos poveikio. Kvie\u010di\u0173 baltymai stiprina ir atkuria, suma\u017eina plauk\u0173 trapum\u0105 80%. Plaukai atrodo sveikesni po 4 savai\u010di\u0173 naudojimo. \u0160amp\u016bnas \u0161velniai i\u0161valo plaukus nuo ne\u0161varum\u0173 ir paruo\u0161ia juos v\u0117lesn\u0117ms atkuriamoms ir stiprinan\u010dioms proced\u016broms. Suteikia plaukams lengvumo, \u0161ilkingumo, sveikos ir pri\u017ei\u016br\u0117tos i\u0161vaizdos. Dermatologi\u0161kai patikrintas.<\/p>\n<p>Naudojimas: i\u0161tepkite reikiam\u0105 kiek\u012f \u0161amp\u016bno ant dr\u0117gn\u0173 plauk\u0173, suputokite, i\u0161skalaukite vandeniu. Jei reikia, pakartokite proced\u016br\u0105.<\/p>\n<p>Atsargumo priemon\u0117s: Patekus \u012f akis, praplauti vandeniu. Galimas padid\u0117j\u0119s individualus jautrumas atskiriems komponentams.<\/p>\n","protected":false},"excerpt":{"rendered":"<p>Argano aliejus ir keratinas. Pa\u017eeistiems plaukams. \u201eArgan hair\u201c serijos recepte yra vertingiausias komponentas \u2013 argano aliejus, atkuriantis plauk\u0173 strukt\u016br\u0105 i\u0161 vidaus ir i\u0161or\u0117s. \u012e vid\u0173 prasiskverbiantis aliejus sujungia \u017evynelius,, apsaugo nuo plauk\u0173 galiuk\u0173 skilin\u0117jimo, padidindamas plauk\u0173 \u0161velnum\u0105 ir elastingum\u0105. Keratinas, kaip pagrindin\u0117 plauk\u0173 statybin\u0117 sudedamoji dalis, u\u017epildo pa\u017eeistas vietas ir apsaugo plaukus nuo neigiamo aplinkos [&#8230;]\n","protected":false},"featured_media":78136,"template":"","meta":[],"product_cat":[2181],"product_tag":[],"class_list":{"0":"post-33409","1":"product","2":"type-product","3":"status-publish","4":"has-post-thumbnail","6":"product_brand-elfa_ua-lt","7":"product_cat-bez-kategorijas-lt","9":"first","10":"instock","11":"taxable","12":"shipping-taxable","13":"product-type-simple"},"_links":{"self":[{"href":"https:\/\/e.kosmolat.eu\/lt\/wp-json\/wp\/v2\/product\/33409","targetHints":{"allow":["GET"]}}],"collection":[{"href":"https:\/\/e.kosmolat.eu\/lt\/wp-json\/wp\/v2\/product"}],"about":[{"href":"https:\/\/e.kosmolat.eu\/lt\/wp-json\/wp\/v2\/types\/product"}],"wp:featuredmedia":[{"embeddable":true,"href":"https:\/\/e.kosmolat.eu\/lt\/wp-json\/wp\/v2\/media\/78136"}],"wp:attachment":[{"href":"https:\/\/e.kosmolat.eu\/lt\/wp-json\/wp\/v2\/media?parent=33409"}],"wp:term":[{"taxonomy":"product_cat","embeddable":true,"href":"https:\/\/e.kosmolat.eu\/lt\/wp-json\/wp\/v2\/product_cat?post=33409"},{"taxonomy":"product_tag","embeddable":true,"href":"https:\/\/e.kosmolat.eu\/lt\/wp-json\/wp\/v2\/product_tag?post=33409"}],"curies":[{"name":"wp","href":"https:\/\/api.w.org\/{rel}","templated":true}]}}