{"id":33405,"date":"2023-12-21T18:34:23","date_gmt":"2023-12-21T18:34:23","guid":{"rendered":"https:\/\/e.kosmolat.eu\/product\/karmasin-vitaminizets-toniks-vajiem-un-bojatiem-matiem-100-ml\/"},"modified":"2026-04-15T12:44:33","modified_gmt":"2026-04-15T12:44:33","slug":"karmasin-vitaminizets-toniks-vajiem-un-bojatiem-matiem-100-ml","status":"publish","type":"product","link":"https:\/\/e.kosmolat.eu\/lt\/produktas\/karmasin-vitaminizets-toniks-vajiem-un-bojatiem-matiem-100-ml\/","title":{"rendered":"KARMASIN Vitaminizuotas tonikas silpniems ir pa\u017eeistiems plaukams, 100 ml"},"content":{"rendered":"<p>Toniko sud\u0117tyje yra dilg\u0117li\u0173 ir ber\u017e\u0173 lap\u0173 ekstrakt\u0173 su ber\u017e\u0173 deguto ir vitamin\u0173 priedais. Dilg\u0117li\u0173 ekstraktas skatina kraujotak\u0105, prisotina &scaron;aknis maistin\u0117mis med\u017eiagomis. Turi tonizuojant\u012f poveik\u012f, skatina &bdquo;miegan\u010di\u0173&ldquo; folikul\u0173 suaktyv\u0117jim\u0105. Ber\u017eo lap\u0173 ekstrakte yra med\u017eiag\u0173, reikaling\u0173 normaliai plauk\u0173 &scaron;akn\u0173 veiklai atkurti, kompleksas. Pagerinti med\u017eiag\u0173 apykait\u0105, o tai skatina augim\u0105. Ber\u017e\u0173 derva pagerina galvos odos kraujotak\u0105, o tai prisideda prie intensyvesn\u0117s plauk\u0173 folikul\u0173 mitybos. Provitamin\u0105 B5 plaukai pasisavina daug geriau ir efektyviau nei kiti vitaminai, stiprindami plauk\u0173 &scaron;aknis. Biotinas dalyvauja raudon\u0173j\u0173 kraujo k\u016bneli\u0173, kurie apr\u016bpina plauk\u0173 folikulus deguonimi, gamyboje, o tai prisideda prie normalios j\u0173 veiklos ir apsaugo nuo plauk\u0173 slinkimo.<\/p>\n<p><strong>Naudojimas: <\/strong>1-2 kartus per dien\u0105 tepkite toniku ant sausos, &scaron;varios galvos odos. Nenuplaukite! Rekomenduojamas kursas yra 1-3 m\u0117nesiai. Pirm\u0105 m\u0117nes\u012f tepti 2 kartus per dien\u0105, kitus 2 m\u0117nesius &ndash; 1 kart\u0105 per dien\u0105, v\u0117liau &ndash; 2 kartus per savait\u0119.<\/p>\n<p>Laikyti nuo +5 &deg;C iki +25 &deg;C temperat\u016broje.<\/p>\n<p><strong>Geriausiais: <\/strong>24 m\u0117nesiai nuo pagaminimo datos<br \/>\n&nbsp;<\/p>\n","protected":false},"excerpt":{"rendered":"<p>Toniko sud\u0117tyje yra dilg\u0117li\u0173 ir ber\u017e\u0173 lap\u0173 ekstrakt\u0173 su ber\u017e\u0173 deguto ir vitamin\u0173 priedais. Dilg\u0117li\u0173 ekstraktas skatina kraujotak\u0105, prisotina &scaron;aknis maistin\u0117mis med\u017eiagomis. Turi tonizuojant\u012f poveik\u012f, skatina &bdquo;miegan\u010di\u0173&ldquo; folikul\u0173 suaktyv\u0117jim\u0105. Ber\u017eo lap\u0173 ekstrakte yra med\u017eiag\u0173, reikaling\u0173 normaliai plauk\u0173 &scaron;akn\u0173 veiklai atkurti, kompleksas. Pagerinti med\u017eiag\u0173 apykait\u0105, o tai skatina augim\u0105. Ber\u017e\u0173 derva pagerina galvos odos kraujotak\u0105, o [&#8230;]\n","protected":false},"featured_media":96734,"template":"","meta":[],"product_cat":[2181],"product_tag":[],"class_list":{"0":"post-33405","1":"product","2":"type-product","3":"status-publish","4":"has-post-thumbnail","6":"product_brand-pharma-group_ua-lt","7":"product_cat-bez-kategorijas-lt","9":"first","10":"instock","11":"taxable","12":"shipping-taxable","13":"product-type-simple"},"_links":{"self":[{"href":"https:\/\/e.kosmolat.eu\/lt\/wp-json\/wp\/v2\/product\/33405","targetHints":{"allow":["GET"]}}],"collection":[{"href":"https:\/\/e.kosmolat.eu\/lt\/wp-json\/wp\/v2\/product"}],"about":[{"href":"https:\/\/e.kosmolat.eu\/lt\/wp-json\/wp\/v2\/types\/product"}],"wp:featuredmedia":[{"embeddable":true,"href":"https:\/\/e.kosmolat.eu\/lt\/wp-json\/wp\/v2\/media\/96734"}],"wp:attachment":[{"href":"https:\/\/e.kosmolat.eu\/lt\/wp-json\/wp\/v2\/media?parent=33405"}],"wp:term":[{"taxonomy":"product_cat","embeddable":true,"href":"https:\/\/e.kosmolat.eu\/lt\/wp-json\/wp\/v2\/product_cat?post=33405"},{"taxonomy":"product_tag","embeddable":true,"href":"https:\/\/e.kosmolat.eu\/lt\/wp-json\/wp\/v2\/product_tag?post=33405"}],"curies":[{"name":"wp","href":"https:\/\/api.w.org\/{rel}","templated":true}]}}