{"id":33397,"date":"2023-12-21T18:33:37","date_gmt":"2023-12-21T18:33:37","guid":{"rendered":"https:\/\/e.kosmolat.eu\/product\/sulcin-sulsena-sampuns-pret-blaugznam-2-taukainiem-matiem-150-ml\/"},"modified":"2026-04-15T10:55:59","modified_gmt":"2026-04-15T10:55:59","slug":"sulcin-sulsena-sampuns-pret-blaugznam-2-taukainiem-matiem-150-ml","status":"publish","type":"product","link":"https:\/\/e.kosmolat.eu\/lt\/produktas\/sulcin-sulsena-sampuns-pret-blaugznam-2-taukainiem-matiem-150-ml\/","title":{"rendered":"SULCIN FORTE Sulsen\u0173 \u0161amp\u016bnas nuo pleiskan\u0173 2% riebiems plaukams, 150 ml"},"content":{"rendered":"<ul>\n<li>Selenium Sulphide 1% skatina aktyv\u0173 negyv\u0173 l\u0105steli\u0173 &scaron;veitim\u0105 nuo epidermio pavir&scaron;iaus ir pleiskan\u0173 pa&scaron;alinim\u0105, taip reguliuojant l\u0105steli\u0173 atsinaujinimo proces\u0105 raginiame sluoksnyje.<\/li>\n<li>Nyk&scaron;tukini\u0173 palmi\u0173 ekstraktas 1% pa&scaron;alina pernelyg didel\u012f galvos odos riebum\u0105, normalizuoja riebalini\u0173 liauk\u0173 veikl\u0105, ramina galvos od\u0105.<\/li>\n<\/ul>\n<p><strong>Kontraindikacijos:<\/strong> padid\u0117j\u0119s jautrumas &scaron;amp\u016bno komponentams.<\/p>\n<p><strong>Naudojimas: <\/strong>Tepkite ant plauk\u0173 ir galvos odos, masa\u017euokite, nuplaukite vandeniu. &Scaron;amp\u016bn\u0105 naudokite du kartus. Pirm\u0105 kart\u0105 nuplaunami riebalai ir ne&scaron;varumai, i&scaron;plaunamos pleiskanos. Antrasis panaudojimas leid\u017eia veikliosioms med\u017eiagoms veiksmingiau veikti galvos od\u0105.<\/p>\n<p><strong>Atsargumo priemon\u0117s:&nbsp;<\/strong>Sud\u0117tyje yra seleno disulfido. Vengti patekimo \u012f akis arba pa\u017eeistos odos. &nbsp;Saugotis nuo patekimo \u012f &nbsp;akis. Patekus \u012f akis, praplauti dideliu kiekiu vandens.<\/p>\n<p><strong>Rekomenduojamas naudojimas:<\/strong> pirm\u0105 savait\u0119 naudoti kas antr\u0105 dien\u0105, kitas 3 savaites &ndash; 2 kartus per savait\u0119, kitus 3 m\u0117nesius &ndash; kart\u0105 per savait\u0119, v\u0117liau 1-2 kartus per m\u0117nes\u012f.<\/p>\n<p>Laikyti nuo +5 &deg;C iki +25 &deg;C temperat\u016broje.<\/p>\n<p><strong>Geriausias:<\/strong> 24 m\u0117nesiai nuo pagaminimo datos<br \/>\n&nbsp;<\/p>\n","protected":false},"excerpt":{"rendered":"<p>Selenium Sulphide 1% skatina aktyv\u0173 negyv\u0173 l\u0105steli\u0173 &scaron;veitim\u0105 nuo epidermio pavir&scaron;iaus ir pleiskan\u0173 pa&scaron;alinim\u0105, taip reguliuojant l\u0105steli\u0173 atsinaujinimo proces\u0105 raginiame sluoksnyje. Nyk&scaron;tukini\u0173 palmi\u0173 ekstraktas 1% pa&scaron;alina pernelyg didel\u012f galvos odos riebum\u0105, normalizuoja riebalini\u0173 liauk\u0173 veikl\u0105, ramina galvos od\u0105. Kontraindikacijos: padid\u0117j\u0119s jautrumas &scaron;amp\u016bno komponentams. Naudojimas: Tepkite ant plauk\u0173 ir galvos odos, masa\u017euokite, nuplaukite vandeniu. &Scaron;amp\u016bn\u0105 naudokite [&#8230;]\n","protected":false},"featured_media":96722,"template":"","meta":[],"product_cat":[1251],"product_tag":[],"class_list":{"0":"post-33397","1":"product","2":"type-product","3":"status-publish","4":"has-post-thumbnail","6":"product_brand-pharma-group_ua-lt","7":"product_cat-sampunai","9":"first","10":"instock","11":"taxable","12":"shipping-taxable","13":"product-type-simple"},"_links":{"self":[{"href":"https:\/\/e.kosmolat.eu\/lt\/wp-json\/wp\/v2\/product\/33397","targetHints":{"allow":["GET"]}}],"collection":[{"href":"https:\/\/e.kosmolat.eu\/lt\/wp-json\/wp\/v2\/product"}],"about":[{"href":"https:\/\/e.kosmolat.eu\/lt\/wp-json\/wp\/v2\/types\/product"}],"wp:featuredmedia":[{"embeddable":true,"href":"https:\/\/e.kosmolat.eu\/lt\/wp-json\/wp\/v2\/media\/96722"}],"wp:attachment":[{"href":"https:\/\/e.kosmolat.eu\/lt\/wp-json\/wp\/v2\/media?parent=33397"}],"wp:term":[{"taxonomy":"product_cat","embeddable":true,"href":"https:\/\/e.kosmolat.eu\/lt\/wp-json\/wp\/v2\/product_cat?post=33397"},{"taxonomy":"product_tag","embeddable":true,"href":"https:\/\/e.kosmolat.eu\/lt\/wp-json\/wp\/v2\/product_tag?post=33397"}],"curies":[{"name":"wp","href":"https:\/\/api.w.org\/{rel}","templated":true}]}}