{"id":33389,"date":"2023-12-21T18:32:44","date_gmt":"2023-12-21T18:32:44","guid":{"rendered":"https:\/\/e.kosmolat.eu\/product\/konskij-gel-varikoze-100-ml\/"},"modified":"2026-04-24T06:14:35","modified_gmt":"2026-04-24T06:14:35","slug":"konskij-gel-varikoze-100-ml","status":"publish","type":"product","link":"https:\/\/e.kosmolat.eu\/lt\/produktas\/konskij-gel-varikoze-100-ml\/","title":{"rendered":"Konskij Gel VARIKOZ"},"content":{"rendered":"<p>Specialiai sukurtas odai su i\u0161sipl\u0117tusi\u0173 ven\u0173 po\u017eymiais. Gelis yra optimali preparato forma papildomai odos prie\u017ei\u016brai su i\u0161sipl\u0117tusiomis venomis. Gelis yra optimali preparato forma, lengva ir greit \u012fsigerianti konsistencija suteikia aktyvi\u0173j\u0173 med\u017eiag\u0173 gil\u0173 prasiskverbim\u0105 pro apsaugin\u012f odos sluoksn\u012f. Sud\u0117tyje yra aktyvios med\u017eiagos, kurios pagerina odos b\u016bkl\u0119 esant varikozei.<br \/>\nKA\u0160TONAS pagerina mikrocirkuliacij\u0105 vir\u0161utiniame odos sluoksnyje, kuris padeda pagerinti l\u0105steli\u0173 maitinim\u0105 ir atkurti odos elastingum\u0105.<br \/>\nD\u0116LI\u0172 EKSTRAKTAS tonizuoja od\u0105, ma\u017eina u\u017edegim\u0105 ir patinim\u0105, ma\u017eina odos suglebim\u0105, gerina jos elastingum\u0105.<br \/>\nBADIAGA suaktyvina odos kraujotak\u0105 ir med\u017eiag\u0173 apykait\u0105, pa\u0161alina koj\u0173 sunkumo ir nuovargio jausm\u0105.<br \/>\nRAUDON\u0172J\u0172 VYNUOGI\u0172 LAPAI turi venotonizuojan\u010di\u0173 ir antioksidantini\u0173 savybi\u0173. Ma\u017eina patinim\u0105, didina ven\u0173 sieneli\u0173 tonus\u0105, padeda i\u0161vengti ven\u0173 varikoz\u0117s pl\u0117tr\u0105.<br \/>\nRUTINAS efektyviai stiprina kapiliarus, ma\u017eina kraujagysli\u0173 pralaidum\u0105, tod\u0117l jos pasidaro lankstesnes.<br \/>\nPLAUT\u0116S sud\u0117tyje yra mikroelement\u0173, kurie turi teigiam\u0105 poveik\u012f kraujui, o taip pat med\u017eiag\u0173 rinkinys, kuris apsaugo  nuo tromb\u0173 susidarymo ir vystymosi.<br \/>\nREKOMENDACIJOS: jei yra koj\u0173 patinimas, padid\u0117jo apatini\u0173 gal\u016bni\u0173 apkrova per intensyvias treniruotes, pastovus ar ilgas vaik\u0161\u010diojimas su bateliai ant kuln\u0173, darbas be judesi\u0173 ant koj\u0173.<br \/>\nNAUDOJIMO B\u016aDAS: tepkite ant koj\u0173, pradedant nuo p\u0117d\u0173 iki \u0161laun\u0173 2-3 kartus per dien\u0105.<\/p>\n","protected":false},"excerpt":{"rendered":"<p>Specialiai sukurtas odai su i\u0161sipl\u0117tusi\u0173 ven\u0173 po\u017eymiais. Gelis yra optimali preparato forma papildomai odos prie\u017ei\u016brai su i\u0161sipl\u0117tusiomis venomis. Gelis yra optimali preparato forma, lengva ir greit \u012fsigerianti konsistencija suteikia aktyvi\u0173j\u0173 med\u017eiag\u0173 gil\u0173 prasiskverbim\u0105 pro apsaugin\u012f odos sluoksn\u012f. Sud\u0117tyje yra aktyvios med\u017eiagos, kurios pagerina odos b\u016bkl\u0119 esant varikozei. KA\u0160TONAS pagerina mikrocirkuliacij\u0105 vir\u0161utiniame odos sluoksnyje, kuris padeda [&#8230;]\n","protected":false},"featured_media":96714,"template":"","meta":[],"product_cat":[1763],"product_tag":[],"class_list":{"0":"post-33389","1":"product","2":"type-product","3":"status-publish","4":"has-post-thumbnail","6":"product_brand-pharma-group_ua-lt","7":"product_cat-koju-prieziuros-kosmetika","9":"first","10":"instock","11":"taxable","12":"shipping-taxable","13":"product-type-simple"},"_links":{"self":[{"href":"https:\/\/e.kosmolat.eu\/lt\/wp-json\/wp\/v2\/product\/33389","targetHints":{"allow":["GET"]}}],"collection":[{"href":"https:\/\/e.kosmolat.eu\/lt\/wp-json\/wp\/v2\/product"}],"about":[{"href":"https:\/\/e.kosmolat.eu\/lt\/wp-json\/wp\/v2\/types\/product"}],"wp:featuredmedia":[{"embeddable":true,"href":"https:\/\/e.kosmolat.eu\/lt\/wp-json\/wp\/v2\/media\/96714"}],"wp:attachment":[{"href":"https:\/\/e.kosmolat.eu\/lt\/wp-json\/wp\/v2\/media?parent=33389"}],"wp:term":[{"taxonomy":"product_cat","embeddable":true,"href":"https:\/\/e.kosmolat.eu\/lt\/wp-json\/wp\/v2\/product_cat?post=33389"},{"taxonomy":"product_tag","embeddable":true,"href":"https:\/\/e.kosmolat.eu\/lt\/wp-json\/wp\/v2\/product_tag?post=33389"}],"curies":[{"name":"wp","href":"https:\/\/api.w.org\/{rel}","templated":true}]}}