{"id":33377,"date":"2023-12-21T18:31:52","date_gmt":"2023-12-21T18:31:52","guid":{"rendered":"https:\/\/e.kosmolat.eu\/product\/dolce-vero-geizers-bumba-vannam-mango-uzputenis-75-g\/"},"modified":"2026-04-22T09:12:20","modified_gmt":"2026-04-22T09:12:20","slug":"dolce-vero-geizers-bumba-vannam-mango-uzputenis-75-g","status":"publish","type":"product","link":"https:\/\/e.kosmolat.eu\/lt\/produktas\/dolce-vero-geizers-bumba-vannam-mango-uzputenis-75-g\/","title":{"rendered":"DOLCE VERO Vonios bomba Mango put\u0117siai, 75 \u0146"},"content":{"rendered":"<p>Kosmetika vonioms.<\/p>\n<p><strong>Naudojimas:<\/strong> i&scaron;tirpinkite vonioje su &scaron;iltu vandeniu (36-40 &ordm;C) ir i&scaron;simaudykite 15-20 minu\u010di\u0173.<\/p>\n<p><strong>Laikymo s\u0105lygos:<\/strong> laikyti sandariai u\u017edarytoje pakuot\u0117je, nuo 0 &ordm;C iki 25 &ordm;C temperat\u016broje, apsaugotoje nuo tiesiogini\u0173 saul\u0117s spinduli\u0173 ir dr\u0117gm\u0117s.<\/p>\n<p>D\u0117mesio! Naudokite tik pagal paskirt\u012f. Galimas individualus jautrumas produkto sudedamosioms dalims.<br \/>\n&nbsp;<\/p>\n","protected":false},"excerpt":{"rendered":"<p>Kosmetika vonioms. Naudojimas: i&scaron;tirpinkite vonioje su &scaron;iltu vandeniu (36-40 &ordm;C) ir i&scaron;simaudykite 15-20 minu\u010di\u0173. Laikymo s\u0105lygos: laikyti sandariai u\u017edarytoje pakuot\u0117je, nuo 0 &ordm;C iki 25 &ordm;C temperat\u016broje, apsaugotoje nuo tiesiogini\u0173 saul\u0117s spinduli\u0173 ir dr\u0117gm\u0117s. D\u0117mesio! Naudokite tik pagal paskirt\u012f. Galimas individualus jautrumas produkto sudedamosioms dalims. &nbsp;<\/p>\n","protected":false},"featured_media":96698,"template":"","meta":[],"product_cat":[2181],"product_tag":[],"class_list":{"0":"post-33377","1":"product","2":"type-product","3":"status-publish","4":"has-post-thumbnail","6":"product_brand-aqua-cosmetics_ua-lt","7":"product_cat-bez-kategorijas-lt","9":"first","10":"instock","11":"taxable","12":"shipping-taxable","13":"product-type-simple"},"_links":{"self":[{"href":"https:\/\/e.kosmolat.eu\/lt\/wp-json\/wp\/v2\/product\/33377","targetHints":{"allow":["GET"]}}],"collection":[{"href":"https:\/\/e.kosmolat.eu\/lt\/wp-json\/wp\/v2\/product"}],"about":[{"href":"https:\/\/e.kosmolat.eu\/lt\/wp-json\/wp\/v2\/types\/product"}],"wp:featuredmedia":[{"embeddable":true,"href":"https:\/\/e.kosmolat.eu\/lt\/wp-json\/wp\/v2\/media\/96698"}],"wp:attachment":[{"href":"https:\/\/e.kosmolat.eu\/lt\/wp-json\/wp\/v2\/media?parent=33377"}],"wp:term":[{"taxonomy":"product_cat","embeddable":true,"href":"https:\/\/e.kosmolat.eu\/lt\/wp-json\/wp\/v2\/product_cat?post=33377"},{"taxonomy":"product_tag","embeddable":true,"href":"https:\/\/e.kosmolat.eu\/lt\/wp-json\/wp\/v2\/product_tag?post=33377"}],"curies":[{"name":"wp","href":"https:\/\/api.w.org\/{rel}","templated":true}]}}