{"id":33365,"date":"2023-12-21T18:30:37","date_gmt":"2023-12-21T18:30:37","guid":{"rendered":"https:\/\/e.kosmolat.eu\/product\/vc-skidras-ziepes-apelsins-doy-pack-500-ml\/"},"modified":"2026-03-31T18:36:17","modified_gmt":"2026-03-31T18:36:17","slug":"vc-skidras-ziepes-apelsins-doy-pack-500-ml","status":"publish","type":"product","link":"https:\/\/e.kosmolat.eu\/lt\/produktas\/vc-skidras-ziepes-apelsins-doy-pack-500-ml\/","title":{"rendered":"VITAL CHARM Skystas muilas su glicerinu ir j\u016bros druska Abrikosas ir Apelsinas, 500 g"},"content":{"rendered":"<p>Nepriekai\u0161tingos odos paslaptis \u2013 nepriekai\u0161tingas valymas, prie\u017ei\u016bra ir dr\u0117kinimas, kur\u012f suteikia skystas muilas TM Vital Charm. Skysto muilo sud\u0117tis: nat\u016brali j\u016bros druska, abrikos\u0173 ir apelsin\u0173 ekstraktai, glicerinas.<\/p>\n<p>J\u016bros druska praturtina od\u0105 naudingais mikroelementais ir skatina l\u0105steli\u0173 atsinaujinim\u0105.<br \/>\nAbrikos\u0173 ir apelsin\u0173 ekstraktai maitina od\u0105 ir prisotina j\u0105 naudingais vitaminais.<br \/>\nGlicerinas dr\u0117kina ir suteikia \u0161velnumo bei glotnumo poj\u016bt\u012f.<br \/>\nVaisi\u0173 ir citrusini\u0173 vaisi\u0173 aromatas pakels nuotaik\u0105 ir suteiks energijos visai dienai.<\/p>\n<p>Naudojimas: u\u017etepkite kelis la\u0161us skysto muilo ant dr\u0117gnos odos, suputokite, tada nuplaukite vandeniu.<br \/>\nAtsargumo priemon\u0117s: Naudokite kaip nurodyta. Laikyti vaikams nepasiekiamoje vietoje.<\/p>\n<p>Laikymo temperat\u016bra nuo +5\u00b0C iki +25\u00b0C. Toliau nuo saul\u0117s spinduli\u0173.<\/p>\n","protected":false},"excerpt":{"rendered":"<p>Nepriekai\u0161tingos odos paslaptis \u2013 nepriekai\u0161tingas valymas, prie\u017ei\u016bra ir dr\u0117kinimas, kur\u012f suteikia skystas muilas TM Vital Charm. Skysto muilo sud\u0117tis: nat\u016brali j\u016bros druska, abrikos\u0173 ir apelsin\u0173 ekstraktai, glicerinas. J\u016bros druska praturtina od\u0105 naudingais mikroelementais ir skatina l\u0105steli\u0173 atsinaujinim\u0105. Abrikos\u0173 ir apelsin\u0173 ekstraktai maitina od\u0105 ir prisotina j\u0105 naudingais vitaminais. Glicerinas dr\u0117kina ir suteikia \u0161velnumo bei glotnumo [&#8230;]\n","protected":false},"featured_media":96706,"template":"","meta":[],"product_cat":[1748],"product_tag":[],"class_list":{"0":"post-33365","1":"product","2":"type-product","3":"status-publish","4":"has-post-thumbnail","6":"product_brand-aqua-cosmetics_ua-lt","7":"product_cat-skystas-muilas","9":"first","10":"outofstock","11":"taxable","12":"shipping-taxable","13":"product-type-simple"},"_links":{"self":[{"href":"https:\/\/e.kosmolat.eu\/lt\/wp-json\/wp\/v2\/product\/33365","targetHints":{"allow":["GET"]}}],"collection":[{"href":"https:\/\/e.kosmolat.eu\/lt\/wp-json\/wp\/v2\/product"}],"about":[{"href":"https:\/\/e.kosmolat.eu\/lt\/wp-json\/wp\/v2\/types\/product"}],"wp:featuredmedia":[{"embeddable":true,"href":"https:\/\/e.kosmolat.eu\/lt\/wp-json\/wp\/v2\/media\/96706"}],"wp:attachment":[{"href":"https:\/\/e.kosmolat.eu\/lt\/wp-json\/wp\/v2\/media?parent=33365"}],"wp:term":[{"taxonomy":"product_cat","embeddable":true,"href":"https:\/\/e.kosmolat.eu\/lt\/wp-json\/wp\/v2\/product_cat?post=33365"},{"taxonomy":"product_tag","embeddable":true,"href":"https:\/\/e.kosmolat.eu\/lt\/wp-json\/wp\/v2\/product_tag?post=33365"}],"curies":[{"name":"wp","href":"https:\/\/api.w.org\/{rel}","templated":true}]}}