{"id":33357,"date":"2023-12-21T18:29:29","date_gmt":"2023-12-21T18:29:29","guid":{"rendered":"https:\/\/e.kosmolat.eu\/product\/srk-masazas-gels-balzams-radikulita-70-ml\/"},"modified":"2024-12-03T14:13:40","modified_gmt":"2024-12-03T14:13:40","slug":"srk-masazas-gels-balzams-radikulita-70-ml","status":"publish","type":"product","link":"https:\/\/e.kosmolat.eu\/lt\/produktas\/srk-masazas-gels-balzams-radikulita-70-ml\/","title":{"rendered":"STO RECEPTOV KRASOTY Gelis masa\u017eui Radikulitinis balzamas, 70 ml"},"content":{"rendered":"<p>Gelio naudojimas masa\u017eo metu pad\u0117s greitai pa\u0161alinti \u012ftamp\u0105 ir nuovarg\u012f. Gelis turi \u0161ildan\u010di\u0173 savybi\u0173, pagerina odos mikrocirkuliacij\u0105. Tai n\u0117ra vaistas.<\/p>\n<p>Naudojimo b\u016bdas: nedidel\u012f gelio kiek\u012f u\u017etepkite ant odos, energingai \u012ftrinkite. Negalima naudoti vaikams iki 3 met\u0173!<\/p>\n","protected":false},"excerpt":{"rendered":"<p>Gelio naudojimas masa\u017eo metu pad\u0117s greitai pa\u0161alinti \u012ftamp\u0105 ir nuovarg\u012f. Gelis turi \u0161ildan\u010di\u0173 savybi\u0173, pagerina odos mikrocirkuliacij\u0105. Tai n\u0117ra vaistas. Naudojimo b\u016bdas: nedidel\u012f gelio kiek\u012f u\u017etepkite ant odos, energingai \u012ftrinkite. Negalima naudoti vaikams iki 3 met\u0173!<\/p>\n","protected":false},"featured_media":4538,"template":"","meta":[],"product_cat":[1390],"product_tag":[],"class_list":{"0":"post-33357","1":"product","2":"type-product","3":"status-publish","4":"has-post-thumbnail","6":"product_brand-unilever-rus-lt","7":"product_cat-kremai-aliejai-kuno-pienelis","9":"first","10":"outofstock","11":"taxable","12":"shipping-taxable","13":"product-type-simple"},"_links":{"self":[{"href":"https:\/\/e.kosmolat.eu\/lt\/wp-json\/wp\/v2\/product\/33357","targetHints":{"allow":["GET"]}}],"collection":[{"href":"https:\/\/e.kosmolat.eu\/lt\/wp-json\/wp\/v2\/product"}],"about":[{"href":"https:\/\/e.kosmolat.eu\/lt\/wp-json\/wp\/v2\/types\/product"}],"wp:featuredmedia":[{"embeddable":true,"href":"https:\/\/e.kosmolat.eu\/lt\/wp-json\/wp\/v2\/media\/4538"}],"wp:attachment":[{"href":"https:\/\/e.kosmolat.eu\/lt\/wp-json\/wp\/v2\/media?parent=33357"}],"wp:term":[{"taxonomy":"product_cat","embeddable":true,"href":"https:\/\/e.kosmolat.eu\/lt\/wp-json\/wp\/v2\/product_cat?post=33357"},{"taxonomy":"product_tag","embeddable":true,"href":"https:\/\/e.kosmolat.eu\/lt\/wp-json\/wp\/v2\/product_tag?post=33357"}],"curies":[{"name":"wp","href":"https:\/\/api.w.org\/{rel}","templated":true}]}}