{"id":33353,"date":"2023-12-21T18:29:11","date_gmt":"2023-12-21T18:29:11","guid":{"rendered":"https:\/\/e.kosmolat.eu\/product\/cz-micelarais-udens-sejai-lupam-acu-plakstiniem-250-ml\/"},"modified":"2025-06-12T08:47:44","modified_gmt":"2025-06-12T08:47:44","slug":"cz-micelarais-udens-sejai-lupam-acu-plakstiniem-250-ml","status":"publish","type":"product","link":"https:\/\/e.kosmolat.eu\/lt\/produktas\/cz-micelarais-udens-sejai-lupam-acu-plakstiniem-250-ml\/","title":{"rendered":"\u010cIORNYJ \u017dEM\u010cIUG Veido, vok\u0173, l\u016bp\u0173 valymo micelinis vanduo, 250 ml"},"content":{"rendered":"<p>\u0160i ultra \u0161iuolaiki\u0161ka priemon\u0117 odos valymui, mikrodaleli\u0173-micelio pagrindu:<\/p>\n<ul>\n<li>vienu judesiu pa\u0161alina net gi tvirt\u0105 makia\u017e\u0105<\/li>\n<li>giliai valo ne\u0161varumus ir toksinus<\/li>\n<li>veikia maksimaliai saugiau ir \u0161velniai<\/li>\n<li>BE dirginimo ir diskomforto<\/li>\n<\/ul>\n<p><font face=\"Helvetica\"><span style=\"font-size: 18px;\">NAUDOJI<\/span><span style=\"font-size: 18px;\"><\/span><span style=\"font-size: 18px;\">MAS:<\/span><\/font><\/p>\n<p>sudr\u0117kinkite vatos diskel\u012f ir \u0161velniai i\u0161valykite veido ir l\u016bp\u0173 od\u0105 pagal masa\u017eo linijas. Nor\u0117dami pa\u0161alinti makia\u017e\u0105 i\u0161 aki\u0173 vok\u0173 ir blakstien\u0173, ant keli\u0173 sekud\u017ei\u0173 prid\u0117kite sudr\u0117kinta vatos diskel\u012f, tada be trynimo pa\u0161alinkite likusi\u0105 makia\u017eo dal\u012f.<\/p>\n","protected":false},"excerpt":{"rendered":"<p>\u0160i ultra \u0161iuolaiki\u0161ka priemon\u0117 odos valymui, mikrodaleli\u0173-micelio pagrindu: vienu judesiu pa\u0161alina net gi tvirt\u0105 makia\u017e\u0105 giliai valo ne\u0161varumus ir toksinus veikia maksimaliai saugiau ir \u0161velniai BE dirginimo ir diskomforto NAUDOJIMAS: sudr\u0117kinkite vatos diskel\u012f ir \u0161velniai i\u0161valykite veido ir l\u016bp\u0173 od\u0105 pagal masa\u017eo linijas. Nor\u0117dami pa\u0161alinti makia\u017e\u0105 i\u0161 aki\u0173 vok\u0173 ir blakstien\u0173, ant keli\u0173 sekud\u017ei\u0173 prid\u0117kite [&#8230;]\n","protected":false},"featured_media":4250,"template":"","meta":[],"product_cat":[1570],"product_tag":[],"class_list":{"0":"post-33353","1":"product","2":"type-product","3":"status-publish","4":"has-post-thumbnail","6":"product_brand-unilever-rus-lt","7":"product_cat-micelinis-vanduo","9":"first","10":"outofstock","11":"taxable","12":"shipping-taxable","13":"product-type-simple"},"_links":{"self":[{"href":"https:\/\/e.kosmolat.eu\/lt\/wp-json\/wp\/v2\/product\/33353","targetHints":{"allow":["GET"]}}],"collection":[{"href":"https:\/\/e.kosmolat.eu\/lt\/wp-json\/wp\/v2\/product"}],"about":[{"href":"https:\/\/e.kosmolat.eu\/lt\/wp-json\/wp\/v2\/types\/product"}],"wp:featuredmedia":[{"embeddable":true,"href":"https:\/\/e.kosmolat.eu\/lt\/wp-json\/wp\/v2\/media\/4250"}],"wp:attachment":[{"href":"https:\/\/e.kosmolat.eu\/lt\/wp-json\/wp\/v2\/media?parent=33353"}],"wp:term":[{"taxonomy":"product_cat","embeddable":true,"href":"https:\/\/e.kosmolat.eu\/lt\/wp-json\/wp\/v2\/product_cat?post=33353"},{"taxonomy":"product_tag","embeddable":true,"href":"https:\/\/e.kosmolat.eu\/lt\/wp-json\/wp\/v2\/product_tag?post=33353"}],"curies":[{"name":"wp","href":"https:\/\/api.w.org\/{rel}","templated":true}]}}