{"id":33349,"date":"2023-12-21T18:28:46","date_gmt":"2023-12-21T18:28:46","guid":{"rendered":"https:\/\/e.kosmolat.eu\/product\/akademija-prirodi-mikst-pirts-ziepes-darvas-500-g\/"},"modified":"2025-08-06T06:12:05","modified_gmt":"2025-08-06T06:12:05","slug":"akademija-prirodi-mikst-pirts-ziepes-darvas-500-g","status":"publish","type":"product","link":"https:\/\/e.kosmolat.eu\/lt\/produktas\/akademija-prirodi-mikst-pirts-ziepes-darvas-500-g\/","title":{"rendered":"AKADEMIJA PRIRODI Tir\u0161tas vonios muilas Degutas, 500 g"},"content":{"rendered":"<p>&Scaron;velnus muilas, sukurtas ber\u017e\u0173 deguto pagrindu, efektyviai valo ir r\u016bpinasi riebia bei problemine oda.<\/p>\n<ul>\n<li>Nat\u016bral\u016bs \u0105\u017euol\u0173, simondsij\u0173 ir ramun\u0117li\u0173 ekstraktai suteikia odai elastingumo ir aksomi&scaron;kumo. Nat\u016bral\u016bs muilo ingredientai u\u017etikrina greit\u0105, ilgalaik\u012f odos dr\u0117kinim\u0105.<\/li>\n<li>Vitaminas E ir pantenolis pagerins nat\u016bralaus hidrolipidinio odos sluoksnio b\u016bkl\u0119.<\/li>\n<li>Alyvuogi\u0173 ir persik\u0173 aliejai pasi\u017eymi mink&scaron;tinan\u010diu ir maitinan\u010diu poveikiu.<\/li>\n<\/ul>\n<p>Galima naudoti ir plaukams plauti. Sud\u0117tinga muilo formul\u0117 gerai i&scaron;valys plaukus ir suteiks jiems sveik\u0105, \u017evilgan\u010di\u0105 i&scaron;vaizd\u0105.<\/p>\n<p><strong>Naudojimas:<\/strong> u\u017etepkite reikiam\u0105 kiek\u012f muilo ant dr\u0117gno k\u016bno ir\/ar plauk\u0173, masa\u017euokite, gerai i&scaron;skalaukite dideliu kiekiu vandens.<\/p>\n<p><strong>Svarbi informacija<\/strong>: gaminio spalv\u0105 lemia tik nat\u016bralios kilm\u0117s komponentai, tod\u0117l atspalvi\u0173 ir spalvos intensyvumo skirtumai leid\u017eiami. Laikymo metu gali pasikeisti ir gaminio spalva, o tai neturi \u012ftakos jo vartojimo savyb\u0117ms.<\/p>\n<p>Laikyti nuo +5 &deg;C iki +25 &deg;C temperat\u016broje.<br \/>\n&nbsp;<\/p>\n","protected":false},"excerpt":{"rendered":"<p>&Scaron;velnus muilas, sukurtas ber\u017e\u0173 deguto pagrindu, efektyviai valo ir r\u016bpinasi riebia bei problemine oda. Nat\u016bral\u016bs \u0105\u017euol\u0173, simondsij\u0173 ir ramun\u0117li\u0173 ekstraktai suteikia odai elastingumo ir aksomi&scaron;kumo. Nat\u016bral\u016bs muilo ingredientai u\u017etikrina greit\u0105, ilgalaik\u012f odos dr\u0117kinim\u0105. Vitaminas E ir pantenolis pagerins nat\u016bralaus hidrolipidinio odos sluoksnio b\u016bkl\u0119. Alyvuogi\u0173 ir persik\u0173 aliejai pasi\u017eymi mink&scaron;tinan\u010diu ir maitinan\u010diu poveikiu. Galima naudoti ir [&#8230;]\n","protected":false},"featured_media":28608,"template":"","meta":[],"product_cat":[1609],"product_tag":[],"class_list":{"0":"post-33349","1":"product","2":"type-product","3":"status-publish","4":"has-post-thumbnail","6":"product_brand-modum_by-lt","7":"product_cat-muilas","9":"first","10":"outofstock","11":"taxable","12":"shipping-taxable","13":"product-type-simple"},"_links":{"self":[{"href":"https:\/\/e.kosmolat.eu\/lt\/wp-json\/wp\/v2\/product\/33349","targetHints":{"allow":["GET"]}}],"collection":[{"href":"https:\/\/e.kosmolat.eu\/lt\/wp-json\/wp\/v2\/product"}],"about":[{"href":"https:\/\/e.kosmolat.eu\/lt\/wp-json\/wp\/v2\/types\/product"}],"wp:featuredmedia":[{"embeddable":true,"href":"https:\/\/e.kosmolat.eu\/lt\/wp-json\/wp\/v2\/media\/28608"}],"wp:attachment":[{"href":"https:\/\/e.kosmolat.eu\/lt\/wp-json\/wp\/v2\/media?parent=33349"}],"wp:term":[{"taxonomy":"product_cat","embeddable":true,"href":"https:\/\/e.kosmolat.eu\/lt\/wp-json\/wp\/v2\/product_cat?post=33349"},{"taxonomy":"product_tag","embeddable":true,"href":"https:\/\/e.kosmolat.eu\/lt\/wp-json\/wp\/v2\/product_tag?post=33349"}],"curies":[{"name":"wp","href":"https:\/\/api.w.org\/{rel}","templated":true}]}}