{"id":33321,"date":"2023-12-21T18:26:30","date_gmt":"2023-12-21T18:26:30","guid":{"rendered":"https:\/\/e.kosmolat.eu\/product\/i_ptsalon-matu-zeleja-stipra-fiksacija-250-ml\/"},"modified":"2026-03-31T18:33:48","modified_gmt":"2026-03-31T18:33:48","slug":"ptsalon-matu-zeleja-stipra-fiksacija-250-ml","status":"publish","type":"product","link":"https:\/\/e.kosmolat.eu\/lt\/produktas\/ptsalon-matu-zeleja-stipra-fiksacija-250-ml\/","title":{"rendered":"PROFESSIONAL TOUCH Salon&#8221; Gelis plaukams &#8220;Stiprios fiksacijos&#8221;"},"content":{"rendered":"<p>Vitaminas E ir B5.<br \/>\nNaudojimo b\u016bdas: U\u017etepkite ant dr\u0117gn\u0173 arba saus\u0173 plauk\u0173. Masa\u017euojamais judesiais suteikite \u0161ukuosenai norim\u0105 i\u0161vaizd\u0105. Pir\u0161to galiukais paskirstykite per plaukus nuo \u0161akn\u0173 iki galiuk\u0173. Venkite patekimo \u012f akis arba ant pa\u017eeistos odos.<\/p>\n","protected":false},"excerpt":{"rendered":"<p>Vitaminas E ir B5. Naudojimo b\u016bdas: U\u017etepkite ant dr\u0117gn\u0173 arba saus\u0173 plauk\u0173. Masa\u017euojamais judesiais suteikite \u0161ukuosenai norim\u0105 i\u0161vaizd\u0105. Pir\u0161to galiukais paskirstykite per plaukus nuo \u0161akn\u0173 iki galiuk\u0173. Venkite patekimo \u012f akis arba ant pa\u017eeistos odos.<\/p>\n","protected":false},"featured_media":96686,"template":"","meta":[],"product_cat":[1653],"product_tag":[],"class_list":{"0":"post-33321","1":"product","2":"type-product","3":"status-publish","4":"has-post-thumbnail","6":"product_brand-statestrong_gb-lt","7":"product_cat-geliai-kremai-aliejai-ir-kt","9":"first","10":"outofstock","11":"taxable","12":"shipping-taxable","13":"product-type-simple"},"_links":{"self":[{"href":"https:\/\/e.kosmolat.eu\/lt\/wp-json\/wp\/v2\/product\/33321","targetHints":{"allow":["GET"]}}],"collection":[{"href":"https:\/\/e.kosmolat.eu\/lt\/wp-json\/wp\/v2\/product"}],"about":[{"href":"https:\/\/e.kosmolat.eu\/lt\/wp-json\/wp\/v2\/types\/product"}],"wp:featuredmedia":[{"embeddable":true,"href":"https:\/\/e.kosmolat.eu\/lt\/wp-json\/wp\/v2\/media\/96686"}],"wp:attachment":[{"href":"https:\/\/e.kosmolat.eu\/lt\/wp-json\/wp\/v2\/media?parent=33321"}],"wp:term":[{"taxonomy":"product_cat","embeddable":true,"href":"https:\/\/e.kosmolat.eu\/lt\/wp-json\/wp\/v2\/product_cat?post=33321"},{"taxonomy":"product_tag","embeddable":true,"href":"https:\/\/e.kosmolat.eu\/lt\/wp-json\/wp\/v2\/product_tag?post=33321"}],"curies":[{"name":"wp","href":"https:\/\/api.w.org\/{rel}","templated":true}]}}