{"id":33313,"date":"2023-12-21T18:25:49","date_gmt":"2023-12-21T18:25:49","guid":{"rendered":"https:\/\/e.kosmolat.eu\/product\/msp-matu-laka-ekstra-fiksacija-75-ml\/"},"modified":"2026-04-13T09:00:31","modified_gmt":"2026-04-13T09:00:31","slug":"msp-matu-laka-ekstra-fiksacija-75-ml","status":"publish","type":"product","link":"https:\/\/e.kosmolat.eu\/lt\/produktas\/msp-matu-laka-ekstra-fiksacija-75-ml\/","title":{"rendered":"MINUET Salon Professional plauk\u0173 lakas Ekstra fiksacija, 75 ml"},"content":{"rendered":"<p>Maksimalus fiksavimas tobulam stiliui. Sukurta ir patikrinta atitinka salono kokyb\u0119. Sud\u0117tyje yra provitamino B5 sveikiems plaukams. Sud\u0117tyje yra UV filtras, apsaugantis nuo saul\u0117s. Lengvai ir be liku\u010di\u0173 i\u0161\u0161ukuojamas.<\/p>\n<p><strong>Naudojimas:<\/strong> Lengvai ir tolygiai purk\u0161ti ant plauk\u0173 i\u0161 30 cm atstumo, vengiant patekimo \u012f akis.<\/p>\n<p>&nbsp;<\/p>\n<p><strong><img decoding=\"async\" alt=\"\" src=\"https:\/\/www.zalabriviba.lv\/wp-content\/uploads\/GHS02.png\" style=\"height:40px; width:40px\" \/>GHS02<\/strong><\/p>\n<p>H222 Ypa\u010d degus aerozolis.<br \/>\nH229 Sl\u0117gin\u0117 talpykla. Kaitinama gali sprogti.<br \/>\nP102 Laikyti vaikams neprieinamoje vietoje.<br \/>\nP210 Laikyti atokiau nuo \u0161ilumos \u0161altini\u0173, kar\u0161t\u0173 pavir\u0161i\u0173, \u017eie\u017eirb\u0173, atviros liepsnos arba kit\u0173 degimo \u0161altini\u0173. Ner\u016bkyti.<br \/>\nP211 Nepurk\u0161ti \u012f atvir\u0105 liepsn\u0105 arba kitus degimo \u0161altinius.<br \/>\nP251 Nepradurti ir nedeginti net panaudoto.<br \/>\nP410 + P412 Saugoti nuo saul\u0117s \u0161viesos. Nelaikyti auk\u0161tesn\u0117je kaip 50 &ordm;C\/122 &ordm;F temperat\u016broje.<br \/>\n&nbsp;<\/p>\n","protected":false},"excerpt":{"rendered":"<p>Maksimalus fiksavimas tobulam stiliui. Sukurta ir patikrinta atitinka salono kokyb\u0119. Sud\u0117tyje yra provitamino B5 sveikiems plaukams. Sud\u0117tyje yra UV filtras, apsaugantis nuo saul\u0117s. Lengvai ir be liku\u010di\u0173 i\u0161\u0161ukuojamas. Naudojimas: Lengvai ir tolygiai purk\u0161ti ant plauk\u0173 i\u0161 30 cm atstumo, vengiant patekimo \u012f akis. &nbsp; GHS02 H222 Ypa\u010d degus aerozolis. H229 Sl\u0117gin\u0117 talpykla. Kaitinama gali sprogti. [&#8230;]\n","protected":false},"featured_media":96561,"template":"","meta":[],"product_cat":[2181],"product_tag":[],"class_list":{"0":"post-33313","1":"product","2":"type-product","3":"status-publish","4":"has-post-thumbnail","6":"product_brand-statestrong_gb-lt","7":"product_cat-bez-kategorijas-lt","9":"first","10":"outofstock","11":"taxable","12":"shipping-taxable","13":"product-type-simple"},"_links":{"self":[{"href":"https:\/\/e.kosmolat.eu\/lt\/wp-json\/wp\/v2\/product\/33313","targetHints":{"allow":["GET"]}}],"collection":[{"href":"https:\/\/e.kosmolat.eu\/lt\/wp-json\/wp\/v2\/product"}],"about":[{"href":"https:\/\/e.kosmolat.eu\/lt\/wp-json\/wp\/v2\/types\/product"}],"wp:featuredmedia":[{"embeddable":true,"href":"https:\/\/e.kosmolat.eu\/lt\/wp-json\/wp\/v2\/media\/96561"}],"wp:attachment":[{"href":"https:\/\/e.kosmolat.eu\/lt\/wp-json\/wp\/v2\/media?parent=33313"}],"wp:term":[{"taxonomy":"product_cat","embeddable":true,"href":"https:\/\/e.kosmolat.eu\/lt\/wp-json\/wp\/v2\/product_cat?post=33313"},{"taxonomy":"product_tag","embeddable":true,"href":"https:\/\/e.kosmolat.eu\/lt\/wp-json\/wp\/v2\/product_tag?post=33313"}],"curies":[{"name":"wp","href":"https:\/\/api.w.org\/{rel}","templated":true}]}}