{"id":33309,"date":"2023-12-21T18:25:18","date_gmt":"2023-12-21T18:25:18","guid":{"rendered":"https:\/\/e.kosmolat.eu\/product\/i_super-insectox-lidzeklis-lidojosu-kukainu-iznicinasanai-300-ml\/"},"modified":"2025-04-01T05:11:22","modified_gmt":"2025-04-01T05:11:22","slug":"i_super-insectox-lidzeklis-lidojosu-kukainu-iznicinasanai-300-ml","status":"publish","type":"product","link":"https:\/\/e.kosmolat.eu\/lt\/produktas\/i_super-insectox-lidzeklis-lidojosu-kukainu-iznicinasanai-300-ml\/","title":{"rendered":"I_&#8221;Super Insectox&#8221; Priemon\u0117, naikinanti skraidan\u010dius vabzd\u017eius 300ml"},"content":{"rendered":"<p>Aktyvios med\u017eiagos: tetramethrin 0,25%, D-phenothrin 0,05%, piperonilbutoksidas 0,5%. Priemon\u0117 momentaliai naikina ir paraly\u017eiuoja muses, uodus ir skraidan\u010dius vabzd\u017eius. Priemon\u0119 purk\u0161kite tiesiai ant vabzd\u017ei\u0173.<\/p>\n<p>NAUDOJIMO B\u016aDAS: Suplakite buteliuk\u0105. B\u016btinai u\u017edarykite patalp\u0105, tada purk\u0161kite priemon\u0117s \u012f or\u0105 3 &#8211; 5 sek ant skraidan\u010di\u0173 vabzd\u017ei\u0173. I\u0161eikite \u012f lauk\u0105 ir u\u017edarykite duris. V\u0117liau gerai i\u0161v\u0117dinkite patalp\u0105, i\u0161valykite nuo vabzd\u017ei\u0173. Jei reikia, proced\u016br\u0105 pakartokite.<\/p>\n<p>ATSARGUMO PRIEMON\u0116S: Degus! Pavojinga priemon\u0117! Gali sukelti kv\u0117pavimo tak\u0173 dirginim\u0105. Gali sukelti mieguistum\u0105 ir galvos svaigim\u0105. Sud\u0117tyje yra toksin\u0173, kurie kenksmingi organizmui, nuodingos med\u017eiagos. Venkite kontakto su maistu ir oda. Naudokite pagal paskirt\u012f, prie\u0161 naudojant gerai perskaitykite instrukcij\u0105. Naudojant priemon\u0117s ar po naudojimo venkite kontakto su \u017eeme, rezervuarais ir vandens telkiniu.<br \/>\nSaugoti nuo tiesiogini\u0173 saul\u0117s spinduli\u0173 ir nelaikyti \u0161alia \u0161ildymo prietais\u0173. Nepurk\u0161kite \u012f atvir\u0105 liepsn\u0105 ir ant lengvai u\u017esidegan\u010di\u0173 med\u017eiag\u0173!  NERUKYTI! Ne\u012fkv\u0117pti. Nebadyti ir nedeginti, net sunaudojus. Gali sprogti esant 50 \u00b0 C \/ 122 \u00b0 temperat\u016bros . Tik i\u0161oriniam naudojimui. Laikyti vaikams neprieinamojoje vietoje. Nepilti priemon\u0117s \u012f kanalizacij\u0105. Priemon\u0119 utilizuokite kaip pavojingos atliekos tam skirtoje vietoje. Naudoti tik lauke arba gerai v\u0117dinamoje patalpoje.<br \/>\nJei patenka \u012f akis, sukelia rimt\u0105 dirginim\u0105. jei pateko \u012f akis, i\u0161 karto praplaukite dideliu vandens kiekiu ma\u017edaug 15 min., tada kreipkit\u0117s medicinin\u0117s pagalbos.<br \/>\nJei pateko \u012f burn\u0105, praskalaukite vandeniu ir kreipkit\u0117s medicinin\u0117s pagalbos, parodykite pati buteliuk\u0105 arba jo apra\u0161ym\u0105. Nekelkite v\u0117mimo!<\/p>\n","protected":false},"excerpt":{"rendered":"<p>Aktyvios med\u017eiagos: tetramethrin 0,25%, D-phenothrin 0,05%, piperonilbutoksidas 0,5%. Priemon\u0117 momentaliai naikina ir paraly\u017eiuoja muses, uodus ir skraidan\u010dius vabzd\u017eius. Priemon\u0119 purk\u0161kite tiesiai ant vabzd\u017ei\u0173. NAUDOJIMO B\u016aDAS: Suplakite buteliuk\u0105. B\u016btinai u\u017edarykite patalp\u0105, tada purk\u0161kite priemon\u0117s \u012f or\u0105 3 &#8211; 5 sek ant skraidan\u010di\u0173 vabzd\u017ei\u0173. I\u0161eikite \u012f lauk\u0105 ir u\u017edarykite duris. V\u0117liau gerai i\u0161v\u0117dinkite patalp\u0105, i\u0161valykite nuo vabzd\u017ei\u0173. [&#8230;]\n","protected":false},"featured_media":23417,"template":"","meta":[],"product_cat":[1861],"product_tag":[],"class_list":{"0":"post-33309","1":"product","2":"type-product","3":"status-publish","4":"has-post-thumbnail","6":"product_brand-statestrong_gb-lt","7":"product_cat-priemones-nuo-vabzdziu","9":"first","10":"instock","11":"taxable","12":"shipping-taxable","13":"product-type-simple"},"_links":{"self":[{"href":"https:\/\/e.kosmolat.eu\/lt\/wp-json\/wp\/v2\/product\/33309","targetHints":{"allow":["GET"]}}],"collection":[{"href":"https:\/\/e.kosmolat.eu\/lt\/wp-json\/wp\/v2\/product"}],"about":[{"href":"https:\/\/e.kosmolat.eu\/lt\/wp-json\/wp\/v2\/types\/product"}],"wp:featuredmedia":[{"embeddable":true,"href":"https:\/\/e.kosmolat.eu\/lt\/wp-json\/wp\/v2\/media\/23417"}],"wp:attachment":[{"href":"https:\/\/e.kosmolat.eu\/lt\/wp-json\/wp\/v2\/media?parent=33309"}],"wp:term":[{"taxonomy":"product_cat","embeddable":true,"href":"https:\/\/e.kosmolat.eu\/lt\/wp-json\/wp\/v2\/product_cat?post=33309"},{"taxonomy":"product_tag","embeddable":true,"href":"https:\/\/e.kosmolat.eu\/lt\/wp-json\/wp\/v2\/product_tag?post=33309"}],"curies":[{"name":"wp","href":"https:\/\/api.w.org\/{rel}","templated":true}]}}