{"id":33305,"date":"2023-12-21T18:24:54","date_gmt":"2023-12-21T18:24:54","guid":{"rendered":"https:\/\/e.kosmolat.eu\/product\/shelley-thai-silk-kermena-sprejs-dezodorants-75-ml\/"},"modified":"2025-09-16T18:36:01","modified_gmt":"2025-09-16T18:36:01","slug":"shelley-thai-silk-kermena-sprejs-dezodorants-75-ml","status":"publish","type":"product","link":"https:\/\/e.kosmolat.eu\/lt\/produktas\/shelley-thai-silk-kermena-sprejs-dezodorants-75-ml\/","title":{"rendered":"SHELLEY Thai Silk Parfumuotas k\u016bno pur\u0161kiklis, 75 ml"},"content":{"rendered":"<p>Parfumuotas k\u016bno pur&scaron;kiklis.<\/p>\n<p><strong>Naudojimas:<\/strong> laikykite buteliuk\u0105 15 cm atstumu nuo k\u016bno ir purk&scaron;kite. Naudokite gerai v\u0117dinamose vietose. Nepurk&scaron;kite \u012f akis arba ant u\u017edegimin\u0117s\/pa\u017eeistos odos. Neskirta intymiai higienai.<\/p>\n<p><strong>Pavojinga: <\/strong>Ypa\u010d degus aerozolis. Sl\u0117gin\u0117 talpykla. Kaitinama gali sprogti. Laikyti vaikams neprieinamoje vietoje. Laikyti atokiau nuo &scaron;ilumos &scaron;altini\u0173, kar&scaron;t\u0173 pavir&scaron;i\u0173, \u017eie\u017eirb\u0173, atviros liepsnos arba kit\u0173 degimo &scaron;altini\u0173. Ner\u016bkyti. Nepradurti ir nedeginti net panaudoto. Saugoti nuo saul\u0117s &scaron;viesos. Nelaikyti auk&scaron;tesn\u0117je kaip 50 &ordm;C\/122 &ordm;F temperat\u016broje.<\/p>\n<p>&nbsp;<\/p>\n","protected":false},"excerpt":{"rendered":"<p>Parfumuotas k\u016bno pur&scaron;kiklis. Naudojimas: laikykite buteliuk\u0105 15 cm atstumu nuo k\u016bno ir purk&scaron;kite. Naudokite gerai v\u0117dinamose vietose. Nepurk&scaron;kite \u012f akis arba ant u\u017edegimin\u0117s\/pa\u017eeistos odos. Neskirta intymiai higienai. Pavojinga: Ypa\u010d degus aerozolis. Sl\u0117gin\u0117 talpykla. Kaitinama gali sprogti. Laikyti vaikams neprieinamoje vietoje. Laikyti atokiau nuo &scaron;ilumos &scaron;altini\u0173, kar&scaron;t\u0173 pavir&scaron;i\u0173, \u017eie\u017eirb\u0173, atviros liepsnos arba kit\u0173 degimo &scaron;altini\u0173. Ner\u016bkyti. [&#8230;]\n","protected":false},"featured_media":78007,"template":"","meta":[],"product_cat":[1630],"product_tag":[],"class_list":{"0":"post-33305","1":"product","2":"type-product","3":"status-publish","4":"has-post-thumbnail","6":"product_brand-statestrong_gb-lt","7":"product_cat-dezodorantai","9":"first","10":"outofstock","11":"taxable","12":"shipping-taxable","13":"product-type-simple"},"_links":{"self":[{"href":"https:\/\/e.kosmolat.eu\/lt\/wp-json\/wp\/v2\/product\/33305","targetHints":{"allow":["GET"]}}],"collection":[{"href":"https:\/\/e.kosmolat.eu\/lt\/wp-json\/wp\/v2\/product"}],"about":[{"href":"https:\/\/e.kosmolat.eu\/lt\/wp-json\/wp\/v2\/types\/product"}],"wp:featuredmedia":[{"embeddable":true,"href":"https:\/\/e.kosmolat.eu\/lt\/wp-json\/wp\/v2\/media\/78007"}],"wp:attachment":[{"href":"https:\/\/e.kosmolat.eu\/lt\/wp-json\/wp\/v2\/media?parent=33305"}],"wp:term":[{"taxonomy":"product_cat","embeddable":true,"href":"https:\/\/e.kosmolat.eu\/lt\/wp-json\/wp\/v2\/product_cat?post=33305"},{"taxonomy":"product_tag","embeddable":true,"href":"https:\/\/e.kosmolat.eu\/lt\/wp-json\/wp\/v2\/product_tag?post=33305"}],"curies":[{"name":"wp","href":"https:\/\/api.w.org\/{rel}","templated":true}]}}