{"id":33301,"date":"2023-12-21T18:24:27","date_gmt":"2023-12-21T18:24:27","guid":{"rendered":"https:\/\/e.kosmolat.eu\/product\/fs-gaisa-atsvaidzinatajs-svaigas-pukes-300-ml\/"},"modified":"2026-04-01T06:29:16","modified_gmt":"2026-04-01T06:29:16","slug":"i_fs-gaisa-atsvaidzinatajs-svaigas-pukes-300-ml","status":"publish","type":"product","link":"https:\/\/e.kosmolat.eu\/lt\/produktas\/i_fs-gaisa-atsvaidzinatajs-svaigas-pukes-300-ml\/","title":{"rendered":"I_FLOWER SHOP Oro gaviklis Fresh Flowers, 300 ml"},"content":{"rendered":"<p><strong>Naudojimo b\u016bdas: <\/strong>purk&scaron;kite gaiviklio \u012f vir&scaron;\u0173 kambario viduryje.<\/p>\n<p><strong>Sud\u0117tis: <\/strong>15 % arba daugiau, bet ma\u017eiau kaip 30 % alifatini\u0173 angliavandenili\u0173, ma\u017eiau kaip 5 % &nbsp;nejonini\u0173 &nbsp;aktyvi\u0173j\u0173 pavir&scaron;inio med\u017eiagos. Kvapai. Konservantas.<\/p>\n<p>&nbsp;<\/p>\n<p><img decoding=\"async\" alt=\"\" src=\"data:image\/png;base64,iVBORw0KGgoAAAANSUhEUgAAAD4AAAA+CAYAAAEExpjSAAAAAXNSR0IArs4c6QAAAARnQU1BAACxjwv8YQUAAAAJcEhZcwAAFxEAABcRAcom8z8AABPzSURBVFhHvVlJbFzVmnYSQBGDRBibjtgAAR4ZjackEEIG4tiB5L0WCxBI8AQIIei3QGwQLFiAGHrRrQYaqVkghBAbZokVIiQMC3i8bkhIXhzHcdmue6scO05evyZ23VtVp7\/v+8+5VWXHAybpzz51hzP8w\/nP\/\/\/n3CbXgKq\/1pA1qKD80jSpPaA3ZfT8OysrVbdv\/z5VBDS5ctn9Lyo5+NjYmFuwYIHb\/eUeqwUaxly4cKGu1113nUieQsepRIEq\/jgq0dCAZNgzVBINDcoo43WVRPbE3tVyQkEaUGtQLbsk1+fcArzCfYAaVDF4MtivFxqCYvuRmiqVxE0cOiQaTRSLlS6xkdigyhuw\/uab\/+muv\/569\/bbb6uCKOX6PQ9NCzFy1X366afuxx9\/RPvUJcWiVemX0NAV0Eb16En\/sq6BeEKjZPSEngNqI0xCtZrY9LPMgCm1ZIGTmPQfle4cno36AtVPhtlJpeLK1VQ2VcodtRoPqu3pp59WMw3k1RdmrKkCKv+DRuMH90MFNAVD0Hl\/f79s8JJLLvE1qV1Qp0vZj1RFI7uxaWbnL774Qvcff\/yxW7Jkie45w9RNKY70XNNBxdsHKjnm3q92u71792bl54P7ZKbJ8HENEnAaJfobzyIfJ9jx+GhDx4ApA0xG+fhxf3d6nHYACjNBCz9+DGot2cvT4LSdOfelOO\/KYDveth1mUJuZejR2roIK5CsND8uIOEh00yo3vK3LpZOXKNDQmeOnI8fUkQ6KoLKKzc0uvx0cTNKcOvNVBSOncFSyd0whB1qzZg0rZGXxuptdtL0T93XGxeVGBZXHjhur\/AMFGs0VV1zhin6NskuxpcMVOnegBVY\/QDIuPX7CuyUOVNHqZ2eaamdnpxsZGcHbirrkV69yBSixUkldUzp2QsbgRRRGR0fV+corr9SVhWCTFD\/55Te6fNdW1xStXecKba2iGMDGtO18Pi9\/zOfvvvsONRTJuWRoSLqBkBU3tPFWDHCzKvjDjhU\/t2Q5OHTqIs0NSjdcUOKHzmFo62YXdbTpngNMjJ9SmHjzzTfVkYyVc0PW0cM6oySYj+IdnS5qW+sOHOpxe+pWF0uay0upQdNEbRigDKqFO7a6uKOVxEGMw0LLvTk5EZGvQ0NnAsvBDW7Z7Iqtt2gAenixqrU\/S2cBHES3bHR\/b2nxhuOdxiScvrNQdf3oPBNm6NwIMQw5xAVnI4rFVaGzy+ohFk3912BuxKGGFENz8KQw4kogSsJpNOyiFTdhlAVYdNtCYxX+zoaZiWsczDnWUTo8IlOhZZeP5vzgqSyEiFeuwGhNWDaderYoMbMmGoirPR0aoG4YIYUDZwSgpMnAIF+ijZF+9NFHdbVAbv0Lra3SRHGbMcGVpoXj2a3HJMnRiINg6aUnRxVZSTgdYLZiM0ofMNCfU+sWGNQFF1yge4I+KbjsqGOdmKAHIspeqHrAH2J1amD+gSgiDolSxaU+EsVse6bT1CIwHU0cx7qyvPLKK2KE7sBUALP0faLWNS6Fa4w8E2QuWERTwpAOSZOxEamW7nHir5Z61ZsNndLnn38uYosXL5avvfjii\/XMe153f7HbnROcmP8J4SRayekA052eCbyGP7YIkEJFEz1H1Fjqq9EVli1b5n755Re3aNGijODrr7+uOj6HwkCQy9m02BCKM1nCc3zlajExuGkz1I48jYjXr0dmtBCuuUPPZVGnDVgvGg4HD\/6dKCNRD2D+GRgI7232TZDywFEJyVKK8qrRnFO9wVCKt2\/GWxhKe7s4N9rQhmeCEl944UW6r0czInRgKkRpWRFWCJeniA4XRcvnbpOtnUxYxwjeHaO5uB0RHODrf\/+3f3U7d+10d+36vdu5c6fbtWuXSv39Ky\/9C0gicCCEkKgSteIoR9A49ZhEnOTtlwMQUTcMBAMUEPkJe2tD2X0IwGAc67nUl8vUm4yRaH2PRkwh3gAMFvKUIToNMtEOqwUSjUmni2HRZOJwnwhSWmYjVeZ4ge40mJl4HehiiXjjRvSiTbRo7PGDB+QTpN5ZstLJmDtxFfz6hDy6db2rwPhMvWNQOfz8bKJOwpyIc8iwTpXW+ZVRPnFSq4HuuOa35o45E6dh0WbMwyPxu6VNUqcjo\/AJqEMjq5k75qx2ouLGdY2hchpfgiIDw86TKpeR\/QrMThwSpVKqyRXfdit6LUKG1+bGjx6prWXNO1uEpTc7piXOAbC\/sQdyAMjSsTmN\/HLjXI8f\/DlLMmjtXJlq7ZfoTJhecqMHQ5vQtXD7Jqma2wyCrpNulAY4gSSZ86\/Yjylg0qXFPwuml1wiGAcFpPKUeBiE+UaKlY2RAZBCu\/Rwj\/IALT3sUuo3UdOhkTjWEyUhBa5aImJ2igEjH+0CQ8TLL7\/s79APtJLc4ZrDgWulZsRDWKeTMElyNJJQNtdxt7nUuL1NzyYpb2wwRjiCcYohmK9LPnRSCwn2bg7OxzefgkbiHEBJFQhvv9MId7SHKpSqy\/tYTDCE9h7u1XtCNoCSDA5kqZitAtZP5YD7bU+UKuKSAuGuu0Q43xKs2gYmuON6+OGHXaFQEPHLLrtM78NxjX6oPaTXIQHlSYT6a3z+GZrMMjm4BY5h7Lh5IhOvQboDcMrCL\/HYY48plXrxxRdFPCQQ559\/vq6cGm59aTJJn0U6MpGOjuC9j4JqKcnZwVKp4vZuEc6vXKlnY9EMkGDC+MQTT2QJI68s3HtfdNFFWfpk43FjVXXjvT2ZH0hHx2R7gV5TMMSo26w6vxrbH8De1yQmSPCaa67JJF67dm3GxD333OMuvOhC19Nz2LcGMAbHKfUekAb+hpKMHrd1hGmQzqLuXSIc\/e56PmbzG5AkxulVV12VEWYhqO6gCRbm8zVwEvCLn\/Ee84TmiKgBJKSFTVtdGQ5kdAX2WgTjNWjXzAKcl0ru\/vvvd7t3724gRDz33HO6D+\/rYTJwnpkRIds5clTBiFrgNqyp5LNLcXS0Xx2UFNh\/hkCQhccigdC7777rnn\/+eT3zuCi8J9S\/bpx4XTsSkIXYStny1VKbiCLtVGQUuaOaE+tQm3Nuh4J0nF8iTM+pU6f0nvXrmf8HMMnwlIsdazW18bpafZP5\/9SVsG4pvaJTrs9rgEz43M3vzR5\/\/HH3ySefZISJZ555xt13332q58FRQGhS0KYRuxTmAYSvaCJrNAjm6wmSejKgOckd0cGrXKraV92zzz4rAl9\/\/bU6E3wfHA7rJ6PYYYlHdBuiIkC6wZ4aLIQWmAwP19Yl9lxiDD0YQgMOYzl98803uqfKw56N4Bhhd1NsN8IxjPp0aDRP7GvpABLkZdkUDPRlU9+1Y7v7\/c4\/TLtb6e6Gk\/JSFdtN1fmtW\/RMeSejgThjM7nWFBw7lq2CZLBPUYunanv27mk4WasvrCNkzehX2OKPSMytTEGj5IDxh+YglmDnERKE0sARaYBKCDJIu17FVX\/ykG9rEeHYn1Kpx1ShhSnEA3iMQfeQjIxlRpggVnPpiCYG5dVmxFZEgeduaBf5A4DZMC1xDYrRqTKe6nMKbBnCEcE27NgDeS0tEohXYzeL+rizW8+BrZkwLXGC3RlqKW0JNhCmIB3I+Uo1c\/EqREG8V8ol1HQyE2YkXgNUDA64uecy1BTkhlSTX07CiP9zVHU95kgcgDBchqW4IAZYxhiMJLEn7KdgrvgVxLEE6fHwU4r9UTl2LsVwxMX6aZbUdJg78TpwdSUDAy6\/yVzmfDEv4jNBZzplJh9+t84fX1hFMLsdaO5w8YatiOsjekeBKvSwvKGKFfF8h7OAMy44Qd41+5AUyQIuZgqlKHb59beaufBjKAr9F79x0ZkKPOCA3dJ0pYSzhDMseJgx+gVuJm3Wk2jQ5Tesl4viwqSwJ1vb3djyNX7N2MKlp2BuS1hgNqd9NjA\/wSmNTNEfQfAZAlNMzVaY4ULR5TdulqB0gfwwFXfcrOAQUDr4s4tuWq6gEZRS2N6FJTCmemUxVACWgeKYV6z\/mTfmJbjkBBvadUFym1k+GTNJcRhp00bNYpjNQkcrgtGA6tUfytGm1PNfOtSL4LQiswBeo86tdsyC+gpPxv0m035\/G+YleE3rZIHHq2aS3IQWtnRlM8xZ5DFtgm0Am8sO1JV9oC6Moz++03jY0GBPWVhlS6AKH8ArQwe3+ATbVZDj1M7M54eZBffM6EKXDI1T1AmS5Yx5k06w5Yvu6MzMldd8e5tL+82ka\/PDKwr+v\/vzn92+\/fv0HP5oN1pBQNrX6wrN67Mx6R\/yXXdkPsB6wMqgdClDb43CXDCt4BoAgvFUSCbNf7laXwB+\/yqAmWCenOmovd0l\/WbSYscGsvs6tKPdunVI6gPoG0CNqmQCXPGxLzna5+KWVq8As6KoCz7AK4A+JXzOJL8cZS6YVnBvU8Yz7rGBAjN2OMAZjrt2eJM2c+QxWeK\/MNKo2Q09wJT1IerDE3e73Nc98sgj9gJ1NnuJ+jAEamvmZeKOKVrXltHkNe7sdOmIhUGJzPApejU606FRcC8kb0jPDJnk7a6MWDvctT2bYWm\/vQVr2Auc0WNvMOGZ5g5q6T8udfv20bRhKWnqli9fLsFZ\/vSnf9Z7dv+vv\/y3G8pH2TNVKDUGBWDHFrev9aHRW8D2Tk0GYcpl8Tz4p8nQAZirlNDMzhsF3CiO+q8o\/NBZgMD1cZjHgvx4RZA1I0JDm0rmtddek4A33nijnr\/99ttM6FDeeecd1fFo4YYbbqg7TBODEoN7o2CESf+hhiVAnugE0xHvA9CwjCJ90RdpFmq86SCGj1QU61J6TJoc3qXwpIWumtPiTBdWNbvkMLap7JMJys42RsAHH3ygQnDDHgS899573cqVK3Vff5z1\/vvvu++\/\/14faPkhvlgsqi9hsZzM2xqmCBIIKPXBAppXN\/iZPHgOmSBlocUolRavhibpUs82sO5OjLhid7etJ4QUxuFoxSo30dOjeutTk9QYseewjj\/77DMJdPfdd7s33njDnXPOOZmQk0u9AliWLl2qMd74j9fd0qv+wZ0at49JGl\/UAnnLIIjS4V4XYXdsCrBvfHKCPhGyTNDkI5rMJOxFevxvaBxMepF1\/t2Nbrznr6onyUBoNvzwww8zCsuz4QMHDrg777xTzxQ+lGXLlmnW+X7x4sXup59+8qM2wqwNKufFyzTRc8gNYc8akidZKZfAmN8Maa2U7HN9BY6h2N2plJICy2PecJ2b2L9fQ4cwJl3rBW+more317300kv+yTUIFQQO93fddZdv5XRuVV8XFMD7hjPMyZD5IpHh5OGWOUCY1ImDB93QTSslCxMhTmZ8xw446DHJ0ZQMH3P9a1oyE0lxPdHS5srFghrQPDi8aOCHSphGbuHBBx8Uwyug9SeffNJdeumlej7vvPNca2ur7s8999yGWXzrrbf0nqW5uVnrnPebN292o6Oj7qmnnnIfffSRb20gD1bwS2klMa\/4B5\/i\/VjsTra1uRLGomy0gtzq1Uipi\/yyYGIkg5Eb3OC3jH6NxOiUDlj2RbdC3y+T4uB2ye7N3pzbDyuhYEGQMHN8dxCzcOTIEffQQw\/JOgL27Nmjw2MiHJfXlyVLljQcIBtMuMAD+QuHi2kuj5i\/LotClCW\/\/hZXGgqJFV6rsazFct8kKrjotg2ZJ+e10NHs0qMWuvil0nw5SfLXEg17MvDDYmCaAvMDVIjb7733nm8FmtqkWC9+vHjggQfU5uqrr25Q3gsvvKA2U4C+Kf6oACLNRW54bXsW4ngdxHa4FJQWGAQUx8m4OmMg7piIUiF20e2b1LmycJEpoA07rJB\/w5wS9LWFwGzJQqCXw7366qsZ4\/zq9uWXX1oFUJ\/BEfXPg4ODcnyhLyMCMblPWQLbu3JuSF\/vFYVQaNL52za6UmSJENupbd0QCGcGXllJHdJowt4nwVrPY4sZBqUCii23KoMS\/AAa048dlg+x96uv3B\/\/+KC79tpr3OWXX67PjgPYnoZvYwSTFX6muvbaayUsc\/gPP\/zQ13q+MKb9BXHRb2DIDXeEGTaBh27b5ErFMMNkKLQmo7YUCPSYDlAAcvOg6XR41BW2bvU+wOfnre367kJIq3R8Mt8agTOBKjJLGbSXoYwUudjRkQnMSRnehLz9mO3d54IZBCcdn4wq+IcNyjE31LnFO46FIh7rkMHn694Cdv7hnzR7v7VsgbID0kGY9NqOzPqo\/OLmbS6BwITt0T0Ds2BawWVWNC\/OImddIYI7J28B2JLG3Tt87LclELd16MPX3EjPHTzIKLStywTmtdCJpAQ8GDA9mhzyTeqzz\/u0gs8Ezn5wgjwaijq3eaZ8GGw3BRBKLHC11mQId2Ay443K5QPf+eewlU0QSaKb12bLi8otbNuhjzu\/FfMTHIxSu1p3YY8+Mury28IS8KliOw8Wa05QhsN7WhF6y5Kyd\/wx4UuHsfFAUhXSTio13wWT9ocPlqxY2\/liXoLLdWmGEMPJuD4EGCP82hkj4wpmSebjtnaXDPRKNhoKi5mkBcOq3ytM9Bx20craTktruLMbJn1S9VQW8w5akSlq\/piX4AGNtE2ULBMsDruhzRu957V0kcdSqbcAtUutLfPqaPkKN8G22QFjN0zadlaG3yjpJPwmwaeCS4AhDYIpqYFs0bCLNmzILEDrFKlwGdnUeF8PdlLLM5PmMslrK1n7qnK2cIYFJ8zsFQaxDkIUKMVFl9+wzoRcsNAluLJUkcub07LPSGytM3f0owWdLZxxwSWmuOes018zlWVIZAUUgDQy7jAF0KSPbeMMey+tXRZ7sS\/FrmV3ZxpnYcanAy0BgoTN0MiIK58Iicf\/N5z7PwboEBnFZaXrAAAAAElFTkSuQmCC\" \/><strong>GHS02 Pavojinga<\/strong><br \/>\nH222 Ypa\u010d degus aerozolis.<br \/>\nH229 Sl\u0117gin\u0117 talpykla. Kaitinama gali sprogti.<br \/>\nP102 Laikyti vaikams neprieinamoje vietoje.<br \/>\nP210 Laikyti atokiau nuo &scaron;ilumos &scaron;altini\u0173, kar&scaron;t\u0173 pavir&scaron;i\u0173, \u017eie\u017eirb\u0173, atviros liepsnos arba kit\u0173 degimo &scaron;altini\u0173. Ner\u016bkyti.<br \/>\nP211 Nepurk&scaron;ti \u012f atvir\u0105 liepsn\u0105 arba kitus degimo &scaron;altinius.<br \/>\nP251 Nepradurti ir nedeginti net panaudoto.<br \/>\nP410+P412 Saugoti nuo saul\u0117s &scaron;viesos. Nelaikyti auk&scaron;tesn\u0117je kaip 50 &deg;C \/122 &deg;F temperat\u016broje.<\/p>\n","protected":false},"excerpt":{"rendered":"<p>Naudojimo b\u016bdas: purk&scaron;kite gaiviklio \u012f vir&scaron;\u0173 kambario viduryje. Sud\u0117tis: 15 % arba daugiau, bet ma\u017eiau kaip 30 % alifatini\u0173 angliavandenili\u0173, ma\u017eiau kaip 5 % &nbsp;nejonini\u0173 &nbsp;aktyvi\u0173j\u0173 pavir&scaron;inio med\u017eiagos. Kvapai. Konservantas. &nbsp; GHS02 Pavojinga H222 Ypa\u010d degus aerozolis. H229 Sl\u0117gin\u0117 talpykla. Kaitinama gali sprogti. P102 Laikyti vaikams neprieinamoje vietoje. P210 Laikyti atokiau nuo &scaron;ilumos &scaron;altini\u0173, kar&scaron;t\u0173 [&#8230;]\n","protected":false},"featured_media":96557,"template":"","meta":[],"product_cat":[1524],"product_tag":[],"class_list":{"0":"post-33301","1":"product","2":"type-product","3":"status-publish","4":"has-post-thumbnail","6":"product_brand-statestrong_gb-lt","7":"product_cat-oro-gaivikliai-namu-kvapikliai","9":"first","10":"instock","11":"taxable","12":"shipping-taxable","13":"product-type-simple"},"_links":{"self":[{"href":"https:\/\/e.kosmolat.eu\/lt\/wp-json\/wp\/v2\/product\/33301","targetHints":{"allow":["GET"]}}],"collection":[{"href":"https:\/\/e.kosmolat.eu\/lt\/wp-json\/wp\/v2\/product"}],"about":[{"href":"https:\/\/e.kosmolat.eu\/lt\/wp-json\/wp\/v2\/types\/product"}],"wp:featuredmedia":[{"embeddable":true,"href":"https:\/\/e.kosmolat.eu\/lt\/wp-json\/wp\/v2\/media\/96557"}],"wp:attachment":[{"href":"https:\/\/e.kosmolat.eu\/lt\/wp-json\/wp\/v2\/media?parent=33301"}],"wp:term":[{"taxonomy":"product_cat","embeddable":true,"href":"https:\/\/e.kosmolat.eu\/lt\/wp-json\/wp\/v2\/product_cat?post=33301"},{"taxonomy":"product_tag","embeddable":true,"href":"https:\/\/e.kosmolat.eu\/lt\/wp-json\/wp\/v2\/product_tag?post=33301"}],"curies":[{"name":"wp","href":"https:\/\/api.w.org\/{rel}","templated":true}]}}