{"id":33257,"date":"2023-12-21T18:15:42","date_gmt":"2023-12-21T18:15:42","guid":{"rendered":"https:\/\/e.kosmolat.eu\/product\/fs-antistatisks-lidzeklis-mebelu-kopsanai-300ml\/"},"modified":"2026-04-08T10:16:15","modified_gmt":"2026-04-08T10:16:15","slug":"fs-antistatisks-lidzeklis-mebelu-kopsanai-300ml","status":"publish","type":"product","link":"https:\/\/e.kosmolat.eu\/lt\/produktas\/fs-antistatisks-lidzeklis-mebelu-kopsanai-300ml\/","title":{"rendered":"FLOWER SHOP Antistatikas baldams, 300 ml"},"content":{"rendered":"<p>Apsaugo ir pagerina nat\u016brali\u0105 med\u017eio kokyb\u0119. Lengvai valo ne\u0161varumus ir pir\u0161t\u0173 p\u0117dsakas. Nekenkia TV- ir Stereo- aparat\u016brai.<\/p>\n<p>NAUDOJIMO B\u016aDAS: Suplakite buteliuk\u0105. Purk\u0161kite priemon\u0117s ant pavir\u0161iaus 20 cm atstumu. Sausa \u0161varia \u0161luoste nuvalykite pavir\u0161i\u0173.<\/p>\n<p>ATSARGUMO PRIEMONES:  Pavojinga priemon\u0117! Degi. Saugoti nuo tiesiogini\u0173 saul\u0117s spinduli\u0173 ir nelaikyti \u0161alia \u0161ildymo prietais\u0173. Nepurk\u0161kite \u012f atvir\u0105 liepsn\u0105 ir ant lengvai u\u017esidegan\u010di\u0173 med\u017eiag\u0173!  NERUKYTI! Ne\u012fkv\u0117pkite. Nebadyti ir nedeginti, net sunaudojus. Tik i\u0161oriniam naudojimui. Laikyti vaikams neprieinamojoje vietoje. Priemon\u0119 utilizuokite kaip buitines atliekos tam skirtoje vietoje. Naudoti tik lauke arba gerai v\u0117dinamoje patalpoje.<\/p>\n","protected":false},"excerpt":{"rendered":"<p>Apsaugo ir pagerina nat\u016brali\u0105 med\u017eio kokyb\u0119. Lengvai valo ne\u0161varumus ir pir\u0161t\u0173 p\u0117dsakas. Nekenkia TV- ir Stereo- aparat\u016brai. NAUDOJIMO B\u016aDAS: Suplakite buteliuk\u0105. Purk\u0161kite priemon\u0117s ant pavir\u0161iaus 20 cm atstumu. Sausa \u0161varia \u0161luoste nuvalykite pavir\u0161i\u0173. ATSARGUMO PRIEMONES: Pavojinga priemon\u0117! Degi. Saugoti nuo tiesiogini\u0173 saul\u0117s spinduli\u0173 ir nelaikyti \u0161alia \u0161ildymo prietais\u0173. Nepurk\u0161kite \u012f atvir\u0105 liepsn\u0105 ir ant lengvai [&#8230;]\n","protected":false},"featured_media":96638,"template":"","meta":[],"product_cat":[1461],"product_tag":[],"class_list":{"0":"post-33257","1":"product","2":"type-product","3":"status-publish","4":"has-post-thumbnail","6":"product_brand-statestrong_gb-lt","7":"product_cat-kitos-valymo-priemones","9":"first","10":"instock","11":"taxable","12":"shipping-taxable","13":"product-type-simple"},"_links":{"self":[{"href":"https:\/\/e.kosmolat.eu\/lt\/wp-json\/wp\/v2\/product\/33257","targetHints":{"allow":["GET"]}}],"collection":[{"href":"https:\/\/e.kosmolat.eu\/lt\/wp-json\/wp\/v2\/product"}],"about":[{"href":"https:\/\/e.kosmolat.eu\/lt\/wp-json\/wp\/v2\/types\/product"}],"wp:featuredmedia":[{"embeddable":true,"href":"https:\/\/e.kosmolat.eu\/lt\/wp-json\/wp\/v2\/media\/96638"}],"wp:attachment":[{"href":"https:\/\/e.kosmolat.eu\/lt\/wp-json\/wp\/v2\/media?parent=33257"}],"wp:term":[{"taxonomy":"product_cat","embeddable":true,"href":"https:\/\/e.kosmolat.eu\/lt\/wp-json\/wp\/v2\/product_cat?post=33257"},{"taxonomy":"product_tag","embeddable":true,"href":"https:\/\/e.kosmolat.eu\/lt\/wp-json\/wp\/v2\/product_tag?post=33257"}],"curies":[{"name":"wp","href":"https:\/\/api.w.org\/{rel}","templated":true}]}}