{"id":33221,"date":"2023-12-21T18:13:44","date_gmt":"2023-12-21T18:13:44","guid":{"rendered":"https:\/\/e.kosmolat.eu\/product\/knaibles-nagiem-videjas\/"},"modified":"2025-09-19T16:57:00","modified_gmt":"2025-09-19T16:57:00","slug":"knaibles-nagiem-videjas","status":"publish","type":"product","link":"https:\/\/e.kosmolat.eu\/lt\/produktas\/knaibles-nagiem-videjas\/","title":{"rendered":"DONEGAL \u017dnypl\u0117s nagams, 1014"},"content":{"rendered":"<p>\u017dnypl\u0117s nagams, vidutiniai.<\/p>\n","protected":false},"excerpt":{"rendered":"<p>\u017dnypl\u0117s nagams, vidutiniai.<\/p>\n","protected":false},"featured_media":80210,"template":"","meta":[],"product_cat":[1757],"product_tag":[],"class_list":{"0":"post-33221","1":"product","2":"type-product","3":"status-publish","4":"has-post-thumbnail","6":"product_brand-donegal-sp-zo-o-_pl-lt","7":"product_cat-ranku-prieziuros-priedai","9":"first","10":"outofstock","11":"taxable","12":"shipping-taxable","13":"product-type-simple"},"_links":{"self":[{"href":"https:\/\/e.kosmolat.eu\/lt\/wp-json\/wp\/v2\/product\/33221","targetHints":{"allow":["GET"]}}],"collection":[{"href":"https:\/\/e.kosmolat.eu\/lt\/wp-json\/wp\/v2\/product"}],"about":[{"href":"https:\/\/e.kosmolat.eu\/lt\/wp-json\/wp\/v2\/types\/product"}],"wp:featuredmedia":[{"embeddable":true,"href":"https:\/\/e.kosmolat.eu\/lt\/wp-json\/wp\/v2\/media\/80210"}],"wp:attachment":[{"href":"https:\/\/e.kosmolat.eu\/lt\/wp-json\/wp\/v2\/media?parent=33221"}],"wp:term":[{"taxonomy":"product_cat","embeddable":true,"href":"https:\/\/e.kosmolat.eu\/lt\/wp-json\/wp\/v2\/product_cat?post=33221"},{"taxonomy":"product_tag","embeddable":true,"href":"https:\/\/e.kosmolat.eu\/lt\/wp-json\/wp\/v2\/product_tag?post=33221"}],"curies":[{"name":"wp","href":"https:\/\/api.w.org\/{rel}","templated":true}]}}