{"id":33205,"date":"2023-12-21T18:12:20","date_gmt":"2023-12-21T18:12:20","guid":{"rendered":"https:\/\/e.kosmolat.eu\/product\/klasika-z-pasta-ozola-miza-150-g\/"},"modified":"2025-06-19T11:41:12","modified_gmt":"2025-06-19T11:41:12","slug":"klasika-z-pasta-ozola-miza-150-g","status":"publish","type":"product","link":"https:\/\/e.kosmolat.eu\/lt\/produktas\/klasika-z-pasta-ozola-miza-150-g\/","title":{"rendered":"&#8220;Klasika&#8221; Dant\u0173 valymo pasta &#8220;\u0104\u017euolo \u017eiev\u0117&#8221; 150g"},"content":{"rendered":"<p>Pastos sud\u0117tyje yra \u0105\u017euolo \u017eiev\u0117s ekstraktas, kuris stiprina ir apsaugo dantenas. \u0160velniai ir efektyviai pa\u0161alina apna\u0161as ir gaivina kv\u0117pavim\u0105.<br \/>\n\u0104\u017euolo \u017eiev\u0117s ekstraktas turi prie\u0161u\u017edegimini\u0173, antiseptini\u0173 ir hemostaz\u0117s savybi\u0173.<br \/>\nDilgeli\u0173 ekstraktas stabdo kraujavim\u0105, turi tonizuojan\u010di\u0173 ir prie\u0161u\u017edegimini\u0173 savybi\u0173, gerina med\u017eiag\u0173 apykait\u0105, gydo pa\u017eeistas danten\u0173 med\u017eiagas.<br \/>\nNaudojimo b\u016bdas: valyti dantis 2 kartus per dien\u0105.<br \/>\nLaikymo s\u0105lygos: nuo 0\u00b0\u0421 iki +25\u00b0\u0421.<\/p>\n","protected":false},"excerpt":{"rendered":"<p>Pastos sud\u0117tyje yra \u0105\u017euolo \u017eiev\u0117s ekstraktas, kuris stiprina ir apsaugo dantenas. \u0160velniai ir efektyviai pa\u0161alina apna\u0161as ir gaivina kv\u0117pavim\u0105. \u0104\u017euolo \u017eiev\u0117s ekstraktas turi prie\u0161u\u017edegimini\u0173, antiseptini\u0173 ir hemostaz\u0117s savybi\u0173. Dilgeli\u0173 ekstraktas stabdo kraujavim\u0105, turi tonizuojan\u010di\u0173 ir prie\u0161u\u017edegimini\u0173 savybi\u0173, gerina med\u017eiag\u0173 apykait\u0105, gydo pa\u017eeistas danten\u0173 med\u017eiagas. Naudojimo b\u016bdas: valyti dantis 2 kartus per dien\u0105. Laikymo s\u0105lygos: nuo [&#8230;]\n","protected":false},"featured_media":1816,"template":"","meta":[],"product_cat":[1308],"product_tag":[],"class_list":{"0":"post-33205","1":"product","2":"type-product","3":"status-publish","4":"has-post-thumbnail","6":"product_brand-modum_by-lt","7":"product_cat-dantu-pastos-ir-geliai","9":"first","10":"instock","11":"taxable","12":"shipping-taxable","13":"product-type-simple"},"_links":{"self":[{"href":"https:\/\/e.kosmolat.eu\/lt\/wp-json\/wp\/v2\/product\/33205","targetHints":{"allow":["GET"]}}],"collection":[{"href":"https:\/\/e.kosmolat.eu\/lt\/wp-json\/wp\/v2\/product"}],"about":[{"href":"https:\/\/e.kosmolat.eu\/lt\/wp-json\/wp\/v2\/types\/product"}],"wp:featuredmedia":[{"embeddable":true,"href":"https:\/\/e.kosmolat.eu\/lt\/wp-json\/wp\/v2\/media\/1816"}],"wp:attachment":[{"href":"https:\/\/e.kosmolat.eu\/lt\/wp-json\/wp\/v2\/media?parent=33205"}],"wp:term":[{"taxonomy":"product_cat","embeddable":true,"href":"https:\/\/e.kosmolat.eu\/lt\/wp-json\/wp\/v2\/product_cat?post=33205"},{"taxonomy":"product_tag","embeddable":true,"href":"https:\/\/e.kosmolat.eu\/lt\/wp-json\/wp\/v2\/product_tag?post=33205"}],"curies":[{"name":"wp","href":"https:\/\/api.w.org\/{rel}","templated":true}]}}