{"id":33201,"date":"2023-12-21T18:12:03","date_gmt":"2023-12-21T18:12:03","guid":{"rendered":"https:\/\/e.kosmolat.eu\/product\/klasika-z-pasta-ciedru-150-g\/"},"modified":"2025-08-25T05:44:19","modified_gmt":"2025-08-25T05:44:19","slug":"klasika-z-pasta-ciedru-150-g","status":"publish","type":"product","link":"https:\/\/e.kosmolat.eu\/lt\/produktas\/klasika-z-pasta-ciedru-150-g\/","title":{"rendered":"&#8220;Klasika&#8221; Dant\u0173 valymo pasta &#8220;Kedras&#8221; 150g"},"content":{"rendered":"<p>Pastos sud\u0117tyje yra kedr\u0173 aliejus, kuris stiprina dantis ir dantenas.<br \/>\nKedr\u0173 aliejus turi efektyv\u0173 poveik\u012f burnos gleivinei, skatina med\u017eiag\u0173 sintez\u0119, gerina danten\u0173 kraujotak\u0105, nat\u016bralus antioksidantas.<br \/>\nEterinis kedr\u0173 aliejus nuima u\u017edegim\u0105, atstato ir gydo dantenas ir burnos gleivin\u0119.<br \/>\nNat\u016bralus m\u0117t\u0173 aliejus turi antiseptini\u0173 ir prie\u0161u\u017edegimini\u0173 savybi\u0173, ma\u017eina jautrum\u0105 ir \u0161velniai nuvalo apna\u0161as nuo dant\u0173 ir danten\u0173.<br \/>\nNaudojimo b\u016bdas: valyti dantis 2 kartus per dien\u0105.<br \/>\nLaikymo s\u0105lygos: nuo 0\u00b0\u0421 iki +25\u00b0\u0421.<\/p>\n","protected":false},"excerpt":{"rendered":"<p>Pastos sud\u0117tyje yra kedr\u0173 aliejus, kuris stiprina dantis ir dantenas. Kedr\u0173 aliejus turi efektyv\u0173 poveik\u012f burnos gleivinei, skatina med\u017eiag\u0173 sintez\u0119, gerina danten\u0173 kraujotak\u0105, nat\u016bralus antioksidantas. Eterinis kedr\u0173 aliejus nuima u\u017edegim\u0105, atstato ir gydo dantenas ir burnos gleivin\u0119. Nat\u016bralus m\u0117t\u0173 aliejus turi antiseptini\u0173 ir prie\u0161u\u017edegimini\u0173 savybi\u0173, ma\u017eina jautrum\u0105 ir \u0161velniai nuvalo apna\u0161as nuo dant\u0173 ir danten\u0173. [&#8230;]\n","protected":false},"featured_media":1808,"template":"","meta":[],"product_cat":[1308],"product_tag":[],"class_list":{"0":"post-33201","1":"product","2":"type-product","3":"status-publish","4":"has-post-thumbnail","6":"product_brand-modum_by-lt","7":"product_cat-dantu-pastos-ir-geliai","9":"first","10":"outofstock","11":"taxable","12":"shipping-taxable","13":"product-type-simple"},"_links":{"self":[{"href":"https:\/\/e.kosmolat.eu\/lt\/wp-json\/wp\/v2\/product\/33201","targetHints":{"allow":["GET"]}}],"collection":[{"href":"https:\/\/e.kosmolat.eu\/lt\/wp-json\/wp\/v2\/product"}],"about":[{"href":"https:\/\/e.kosmolat.eu\/lt\/wp-json\/wp\/v2\/types\/product"}],"wp:featuredmedia":[{"embeddable":true,"href":"https:\/\/e.kosmolat.eu\/lt\/wp-json\/wp\/v2\/media\/1808"}],"wp:attachment":[{"href":"https:\/\/e.kosmolat.eu\/lt\/wp-json\/wp\/v2\/media?parent=33201"}],"wp:term":[{"taxonomy":"product_cat","embeddable":true,"href":"https:\/\/e.kosmolat.eu\/lt\/wp-json\/wp\/v2\/product_cat?post=33201"},{"taxonomy":"product_tag","embeddable":true,"href":"https:\/\/e.kosmolat.eu\/lt\/wp-json\/wp\/v2\/product_tag?post=33201"}],"curies":[{"name":"wp","href":"https:\/\/api.w.org\/{rel}","templated":true}]}}