{"id":33153,"date":"2023-12-21T18:09:32","date_gmt":"2023-12-21T18:09:32","guid":{"rendered":"https:\/\/e.kosmolat.eu\/product\/futralis-zobu-sukai\/"},"modified":"2026-04-21T07:03:40","modified_gmt":"2026-04-21T07:03:40","slug":"futralis-zobu-sukai","status":"publish","type":"product","link":"https:\/\/e.kosmolat.eu\/lt\/produktas\/futralis-zobu-sukai\/","title":{"rendered":"Dant\u0173 \u0161epetuko d\u0117klas 9333"},"content":{"rendered":"<p>Dant\u0173 \u0161epetuko d\u0117klas.<\/p>\n","protected":false},"excerpt":{"rendered":"<p>Dant\u0173 \u0161epetuko d\u0117klas.<\/p>\n","protected":false},"featured_media":80286,"template":"","meta":[],"product_cat":[2181],"product_tag":[],"class_list":{"0":"post-33153","1":"product","2":"type-product","3":"status-publish","4":"has-post-thumbnail","6":"product_brand-donegal-sp-zo-o-_pl-lt","7":"product_cat-bez-kategorijas-lt","9":"first","10":"instock","11":"taxable","12":"shipping-taxable","13":"product-type-simple"},"_links":{"self":[{"href":"https:\/\/e.kosmolat.eu\/lt\/wp-json\/wp\/v2\/product\/33153","targetHints":{"allow":["GET"]}}],"collection":[{"href":"https:\/\/e.kosmolat.eu\/lt\/wp-json\/wp\/v2\/product"}],"about":[{"href":"https:\/\/e.kosmolat.eu\/lt\/wp-json\/wp\/v2\/types\/product"}],"wp:featuredmedia":[{"embeddable":true,"href":"https:\/\/e.kosmolat.eu\/lt\/wp-json\/wp\/v2\/media\/80286"}],"wp:attachment":[{"href":"https:\/\/e.kosmolat.eu\/lt\/wp-json\/wp\/v2\/media?parent=33153"}],"wp:term":[{"taxonomy":"product_cat","embeddable":true,"href":"https:\/\/e.kosmolat.eu\/lt\/wp-json\/wp\/v2\/product_cat?post=33153"},{"taxonomy":"product_tag","embeddable":true,"href":"https:\/\/e.kosmolat.eu\/lt\/wp-json\/wp\/v2\/product_tag?post=33153"}],"curies":[{"name":"wp","href":"https:\/\/api.w.org\/{rel}","templated":true}]}}