{"id":33145,"date":"2023-12-21T18:09:06","date_gmt":"2023-12-21T18:09:06","guid":{"rendered":"https:\/\/e.kosmolat.eu\/product\/suklis-lateksa-sejai\/"},"modified":"2025-09-19T16:50:57","modified_gmt":"2025-09-19T16:50:57","slug":"suklis-lateksa-sejai","status":"publish","type":"product","link":"https:\/\/e.kosmolat.eu\/lt\/produktas\/suklis-lateksa-sejai\/","title":{"rendered":"DONEGAL Kosmeti\u0117 kempin\u0117l\u0117 i\u0161 latekso, 9265"},"content":{"rendered":"","protected":false},"excerpt":{"rendered":"","protected":false},"featured_media":80086,"template":"","meta":[],"product_cat":[1551],"product_tag":[],"class_list":{"0":"post-33145","1":"product","2":"type-product","3":"status-publish","4":"has-post-thumbnail","6":"product_brand-donegal-sp-zo-o-_pl-lt","7":"product_cat-kempineles-ir-aplikatoriai","9":"first","10":"outofstock","11":"taxable","12":"shipping-taxable","13":"product-type-simple"},"_links":{"self":[{"href":"https:\/\/e.kosmolat.eu\/lt\/wp-json\/wp\/v2\/product\/33145","targetHints":{"allow":["GET"]}}],"collection":[{"href":"https:\/\/e.kosmolat.eu\/lt\/wp-json\/wp\/v2\/product"}],"about":[{"href":"https:\/\/e.kosmolat.eu\/lt\/wp-json\/wp\/v2\/types\/product"}],"wp:featuredmedia":[{"embeddable":true,"href":"https:\/\/e.kosmolat.eu\/lt\/wp-json\/wp\/v2\/media\/80086"}],"wp:attachment":[{"href":"https:\/\/e.kosmolat.eu\/lt\/wp-json\/wp\/v2\/media?parent=33145"}],"wp:term":[{"taxonomy":"product_cat","embeddable":true,"href":"https:\/\/e.kosmolat.eu\/lt\/wp-json\/wp\/v2\/product_cat?post=33145"},{"taxonomy":"product_tag","embeddable":true,"href":"https:\/\/e.kosmolat.eu\/lt\/wp-json\/wp\/v2\/product_tag?post=33145"}],"curies":[{"name":"wp","href":"https:\/\/api.w.org\/{rel}","templated":true}]}}