{"id":33125,"date":"2023-12-21T18:08:05","date_gmt":"2023-12-21T18:08:05","guid":{"rendered":"https:\/\/e.kosmolat.eu\/product\/mazgasanas-suklis-6009\/"},"modified":"2026-04-21T07:04:22","modified_gmt":"2026-04-21T07:04:22","slug":"mazgasanas-suklis-6009","status":"publish","type":"product","link":"https:\/\/e.kosmolat.eu\/lt\/produktas\/mazgasanas-suklis-6009\/","title":{"rendered":"Kempin\u0117 1vnt. 6009"},"content":{"rendered":"<p>Hipoalergin\u0117 kempin\u0117 k\u016bnui.<\/p>\n","protected":false},"excerpt":{"rendered":"<p>Hipoalergin\u0117 kempin\u0117 k\u016bnui.<\/p>\n","protected":false},"featured_media":80322,"template":"","meta":[],"product_cat":[2181],"product_tag":[],"class_list":{"0":"post-33125","1":"product","2":"type-product","3":"status-publish","4":"has-post-thumbnail","6":"product_brand-donegal-sp-zo-o-_pl-lt","7":"product_cat-bez-kategorijas-lt","9":"first","10":"outofstock","11":"taxable","12":"shipping-taxable","13":"product-type-simple"},"_links":{"self":[{"href":"https:\/\/e.kosmolat.eu\/lt\/wp-json\/wp\/v2\/product\/33125","targetHints":{"allow":["GET"]}}],"collection":[{"href":"https:\/\/e.kosmolat.eu\/lt\/wp-json\/wp\/v2\/product"}],"about":[{"href":"https:\/\/e.kosmolat.eu\/lt\/wp-json\/wp\/v2\/types\/product"}],"wp:featuredmedia":[{"embeddable":true,"href":"https:\/\/e.kosmolat.eu\/lt\/wp-json\/wp\/v2\/media\/80322"}],"wp:attachment":[{"href":"https:\/\/e.kosmolat.eu\/lt\/wp-json\/wp\/v2\/media?parent=33125"}],"wp:term":[{"taxonomy":"product_cat","embeddable":true,"href":"https:\/\/e.kosmolat.eu\/lt\/wp-json\/wp\/v2\/product_cat?post=33125"},{"taxonomy":"product_tag","embeddable":true,"href":"https:\/\/e.kosmolat.eu\/lt\/wp-json\/wp\/v2\/product_tag?post=33125"}],"curies":[{"name":"wp","href":"https:\/\/api.w.org\/{rel}","templated":true}]}}