{"id":33113,"date":"2023-12-21T18:07:26","date_gmt":"2023-12-21T18:07:26","guid":{"rendered":"https:\/\/e.kosmolat.eu\/product\/celulozes-suklis-sejai-9752\/"},"modified":"2026-04-09T16:26:43","modified_gmt":"2026-04-09T16:26:43","slug":"celulozes-suklis-sejai-9752","status":"publish","type":"product","link":"https:\/\/e.kosmolat.eu\/lt\/produktas\/celulozes-suklis-sejai-9752\/","title":{"rendered":"DONEGAL Kosmetin\u0117 kempin\u0117l\u0117, 2 vnt., 9752"},"content":{"rendered":"","protected":false},"excerpt":{"rendered":"","protected":false},"featured_media":80046,"template":"","meta":[],"product_cat":[1551],"product_tag":[],"class_list":{"0":"post-33113","1":"product","2":"type-product","3":"status-publish","4":"has-post-thumbnail","6":"product_brand-donegal-sp-zo-o-_pl-lt","7":"product_cat-kempineles-ir-aplikatoriai","9":"first","10":"instock","11":"taxable","12":"shipping-taxable","13":"product-type-simple"},"_links":{"self":[{"href":"https:\/\/e.kosmolat.eu\/lt\/wp-json\/wp\/v2\/product\/33113","targetHints":{"allow":["GET"]}}],"collection":[{"href":"https:\/\/e.kosmolat.eu\/lt\/wp-json\/wp\/v2\/product"}],"about":[{"href":"https:\/\/e.kosmolat.eu\/lt\/wp-json\/wp\/v2\/types\/product"}],"wp:featuredmedia":[{"embeddable":true,"href":"https:\/\/e.kosmolat.eu\/lt\/wp-json\/wp\/v2\/media\/80046"}],"wp:attachment":[{"href":"https:\/\/e.kosmolat.eu\/lt\/wp-json\/wp\/v2\/media?parent=33113"}],"wp:term":[{"taxonomy":"product_cat","embeddable":true,"href":"https:\/\/e.kosmolat.eu\/lt\/wp-json\/wp\/v2\/product_cat?post=33113"},{"taxonomy":"product_tag","embeddable":true,"href":"https:\/\/e.kosmolat.eu\/lt\/wp-json\/wp\/v2\/product_tag?post=33113"}],"curies":[{"name":"wp","href":"https:\/\/api.w.org\/{rel}","templated":true}]}}