{"id":33109,"date":"2023-12-21T18:07:13","date_gmt":"2023-12-21T18:07:13","guid":{"rendered":"https:\/\/e.kosmolat.eu\/product\/aplikators-acu-enam-6-gab\/"},"modified":"2026-04-09T16:26:06","modified_gmt":"2026-04-09T16:26:06","slug":"aplikators-acu-enam-6-gab","status":"publish","type":"product","link":"https:\/\/e.kosmolat.eu\/lt\/produktas\/aplikators-acu-enam-6-gab\/","title":{"rendered":"DONEGAL Kosmetiniai \u0161e\u0161\u0117li\u0173 teptukai, 9946"},"content":{"rendered":"","protected":false},"excerpt":{"rendered":"","protected":false},"featured_media":80038,"template":"","meta":[],"product_cat":[1551],"product_tag":[],"class_list":{"0":"post-33109","1":"product","2":"type-product","3":"status-publish","4":"has-post-thumbnail","6":"product_brand-donegal-sp-zo-o-_pl-lt","7":"product_cat-kempineles-ir-aplikatoriai","9":"first","10":"instock","11":"taxable","12":"shipping-taxable","13":"product-type-simple"},"_links":{"self":[{"href":"https:\/\/e.kosmolat.eu\/lt\/wp-json\/wp\/v2\/product\/33109","targetHints":{"allow":["GET"]}}],"collection":[{"href":"https:\/\/e.kosmolat.eu\/lt\/wp-json\/wp\/v2\/product"}],"about":[{"href":"https:\/\/e.kosmolat.eu\/lt\/wp-json\/wp\/v2\/types\/product"}],"wp:featuredmedia":[{"embeddable":true,"href":"https:\/\/e.kosmolat.eu\/lt\/wp-json\/wp\/v2\/media\/80038"}],"wp:attachment":[{"href":"https:\/\/e.kosmolat.eu\/lt\/wp-json\/wp\/v2\/media?parent=33109"}],"wp:term":[{"taxonomy":"product_cat","embeddable":true,"href":"https:\/\/e.kosmolat.eu\/lt\/wp-json\/wp\/v2\/product_cat?post=33109"},{"taxonomy":"product_tag","embeddable":true,"href":"https:\/\/e.kosmolat.eu\/lt\/wp-json\/wp\/v2\/product_tag?post=33109"}],"curies":[{"name":"wp","href":"https:\/\/api.w.org\/{rel}","templated":true}]}}