{"id":33081,"date":"2023-12-21T18:05:41","date_gmt":"2023-12-21T18:05:41","guid":{"rendered":"https:\/\/e.kosmolat.eu\/product\/suklis-kermenim-9711\/"},"modified":"2026-04-09T16:41:07","modified_gmt":"2026-04-09T16:41:07","slug":"suklis-kermenim-9711","status":"publish","type":"product","link":"https:\/\/e.kosmolat.eu\/lt\/produktas\/suklis-kermenim-9711\/","title":{"rendered":"DONEGAL Prausimosi kempin\u0117, 9711"},"content":{"rendered":"<p>Masa\u017euojanti pir&scaron;tin\u0117.<\/p>\n<p>Tinka k\u016bno prie\u017ei\u016brai, masa\u017eui ir praustis.<\/p>\n<p>&Scaron;velniai masa\u017euoti k\u016bn\u0105 3-6min. Tada galima tepti k\u016bno krem\u0105.<\/p>\n<p>Pilingo efektas, padeda atsikratyti celiulito. Stimuliuoja kraujotak\u0105, padidina kosmetini\u0173 priemoni\u0173 poveik\u012f. Valo organizmo poras, &scaron;alina negyvas l\u0105steles.<\/p>\n","protected":false},"excerpt":{"rendered":"<p>Masa\u017euojanti pir&scaron;tin\u0117. Tinka k\u016bno prie\u017ei\u016brai, masa\u017eui ir praustis. &Scaron;velniai masa\u017euoti k\u016bn\u0105 3-6min. Tada galima tepti k\u016bno krem\u0105. Pilingo efektas, padeda atsikratyti celiulito. Stimuliuoja kraujotak\u0105, padidina kosmetini\u0173 priemoni\u0173 poveik\u012f. Valo organizmo poras, &scaron;alina negyvas l\u0105steles.<\/p>\n","protected":false},"featured_media":80350,"template":"","meta":[],"product_cat":[1829],"product_tag":[],"class_list":{"0":"post-33081","1":"product","2":"type-product","3":"status-publish","4":"has-post-thumbnail","6":"product_brand-donegal-sp-zo-o-_pl-lt","7":"product_cat-kuno-prieziuros-priemones","9":"first","10":"instock","11":"taxable","12":"shipping-taxable","13":"product-type-simple"},"_links":{"self":[{"href":"https:\/\/e.kosmolat.eu\/lt\/wp-json\/wp\/v2\/product\/33081","targetHints":{"allow":["GET"]}}],"collection":[{"href":"https:\/\/e.kosmolat.eu\/lt\/wp-json\/wp\/v2\/product"}],"about":[{"href":"https:\/\/e.kosmolat.eu\/lt\/wp-json\/wp\/v2\/types\/product"}],"wp:featuredmedia":[{"embeddable":true,"href":"https:\/\/e.kosmolat.eu\/lt\/wp-json\/wp\/v2\/media\/80350"}],"wp:attachment":[{"href":"https:\/\/e.kosmolat.eu\/lt\/wp-json\/wp\/v2\/media?parent=33081"}],"wp:term":[{"taxonomy":"product_cat","embeddable":true,"href":"https:\/\/e.kosmolat.eu\/lt\/wp-json\/wp\/v2\/product_cat?post=33081"},{"taxonomy":"product_tag","embeddable":true,"href":"https:\/\/e.kosmolat.eu\/lt\/wp-json\/wp\/v2\/product_tag?post=33081"}],"curies":[{"name":"wp","href":"https:\/\/api.w.org\/{rel}","templated":true}]}}