{"id":33077,"date":"2023-12-21T18:05:26","date_gmt":"2023-12-21T18:05:26","guid":{"rendered":"https:\/\/e.kosmolat.eu\/product\/nagu-vile-banans-100-180-1085\/"},"modified":"2026-04-21T07:04:33","modified_gmt":"2026-04-21T07:04:33","slug":"nagu-vile-banans-100-180-1085","status":"publish","type":"product","link":"https:\/\/e.kosmolat.eu\/lt\/produktas\/nagu-vile-banans-100-180-1085\/","title":{"rendered":"DONEGAL Nag\u0173 dild\u0117, 1085"},"content":{"rendered":"<p>Nag\u0173 dild\u0117.<\/p>\n","protected":false},"excerpt":{"rendered":"<p>Nag\u0173 dild\u0117.<\/p>\n","protected":false},"featured_media":80354,"template":"","meta":[],"product_cat":[2181],"product_tag":[],"class_list":{"0":"post-33077","1":"product","2":"type-product","3":"status-publish","4":"has-post-thumbnail","6":"product_brand-donegal-sp-zo-o-_pl-lt","7":"product_cat-bez-kategorijas-lt","9":"first","10":"instock","11":"taxable","12":"shipping-taxable","13":"product-type-simple"},"_links":{"self":[{"href":"https:\/\/e.kosmolat.eu\/lt\/wp-json\/wp\/v2\/product\/33077","targetHints":{"allow":["GET"]}}],"collection":[{"href":"https:\/\/e.kosmolat.eu\/lt\/wp-json\/wp\/v2\/product"}],"about":[{"href":"https:\/\/e.kosmolat.eu\/lt\/wp-json\/wp\/v2\/types\/product"}],"wp:featuredmedia":[{"embeddable":true,"href":"https:\/\/e.kosmolat.eu\/lt\/wp-json\/wp\/v2\/media\/80354"}],"wp:attachment":[{"href":"https:\/\/e.kosmolat.eu\/lt\/wp-json\/wp\/v2\/media?parent=33077"}],"wp:term":[{"taxonomy":"product_cat","embeddable":true,"href":"https:\/\/e.kosmolat.eu\/lt\/wp-json\/wp\/v2\/product_cat?post=33077"},{"taxonomy":"product_tag","embeddable":true,"href":"https:\/\/e.kosmolat.eu\/lt\/wp-json\/wp\/v2\/product_tag?post=33077"}],"curies":[{"name":"wp","href":"https:\/\/api.w.org\/{rel}","templated":true}]}}