{"id":33069,"date":"2023-12-21T18:05:00","date_gmt":"2023-12-21T18:05:00","guid":{"rendered":"https:\/\/e.kosmolat.eu\/product\/knaibles-kutikulai-7mm\/"},"modified":"2025-09-19T17:03:25","modified_gmt":"2025-09-19T17:03:25","slug":"knaibles-kutikulai-7mm","status":"publish","type":"product","link":"https:\/\/e.kosmolat.eu\/lt\/produktas\/knaibles-kutikulai-7mm\/","title":{"rendered":"DONEGAL \u017dnypl\u0117s odel\u0117ms, 7 mm, 9942"},"content":{"rendered":"<\/p>\n","protected":false},"excerpt":{"rendered":"","protected":false},"featured_media":80402,"template":"","meta":[],"product_cat":[1541],"product_tag":[],"class_list":{"0":"post-33069","1":"product","2":"type-product","3":"status-publish","4":"has-post-thumbnail","6":"product_brand-donegal-sp-zo-o-_pl-lt","7":"product_cat-manikiuro-ir-pedikiuro-priemones","9":"first","10":"outofstock","11":"taxable","12":"shipping-taxable","13":"product-type-simple"},"_links":{"self":[{"href":"https:\/\/e.kosmolat.eu\/lt\/wp-json\/wp\/v2\/product\/33069","targetHints":{"allow":["GET"]}}],"collection":[{"href":"https:\/\/e.kosmolat.eu\/lt\/wp-json\/wp\/v2\/product"}],"about":[{"href":"https:\/\/e.kosmolat.eu\/lt\/wp-json\/wp\/v2\/types\/product"}],"wp:featuredmedia":[{"embeddable":true,"href":"https:\/\/e.kosmolat.eu\/lt\/wp-json\/wp\/v2\/media\/80402"}],"wp:attachment":[{"href":"https:\/\/e.kosmolat.eu\/lt\/wp-json\/wp\/v2\/media?parent=33069"}],"wp:term":[{"taxonomy":"product_cat","embeddable":true,"href":"https:\/\/e.kosmolat.eu\/lt\/wp-json\/wp\/v2\/product_cat?post=33069"},{"taxonomy":"product_tag","embeddable":true,"href":"https:\/\/e.kosmolat.eu\/lt\/wp-json\/wp\/v2\/product_tag?post=33069"}],"curies":[{"name":"wp","href":"https:\/\/api.w.org\/{rel}","templated":true}]}}