{"id":33057,"date":"2023-12-21T18:04:14","date_gmt":"2023-12-21T18:04:14","guid":{"rendered":"https:\/\/e.kosmolat.eu\/product\/dk-maska-sejai-pret-grumbam-kolagena\/"},"modified":"2025-09-19T16:34:47","modified_gmt":"2025-09-19T16:34:47","slug":"dk-kolagena-sejas-maska-pret-grumbam-26-g","status":"publish","type":"product","link":"https:\/\/e.kosmolat.eu\/lt\/produktas\/dk-kolagena-sejas-maska-pret-grumbam-26-g\/","title":{"rendered":"BELKOSMEX DOMA\u0160NIJ KOSMETOLOG Veido kauk\u0117 Nuo rauk\u0161li\u0173, 26 g"},"content":{"rendered":"<p>Pavargusios odos prie\u017ei\u016bra. Skatina kolageno sintez\u0119, lygina rauk&scaron;les, patempia od\u0105. Skatina regeneracijos procesus, kompensuoja aminor\u016bs\u010di\u0173 nuostol\u012f, giliai dr\u0117kina od\u0105. Patempia veido kont\u016brus, intensyviai maitina ir mink&scaron;tina od\u0105, valo oda nuo toksin\u0173. Unikali augalin\u0117 dr\u0117kinimo priemon\u0117 stiprina kolageno ir dumbli\u0173 komplekso poveik\u012f, suteikia elastingum\u0105, stangrum\u0105, lygina rauk&scaron;les.<\/p>\n<p><strong>Naudojimo b\u016bdas:<\/strong> u\u017ed\u0117kite kauk\u0119 ant &scaron;varios veido odos. Nuimkite po 20-25 min. Skys\u010dio liku\u010dius &scaron;velniai \u012ftrinkite \u012f od\u0105. U\u017etepkite veido krem\u0105. Vienkartiniam naudojimui.<\/p>\n<p><strong>Laikymo s\u0105lygos:<\/strong> nuo +5&deg;\u0421 iki +25&deg;C.&nbsp;<\/p>\n","protected":false},"excerpt":{"rendered":"<p>Pavargusios odos prie\u017ei\u016bra. Skatina kolageno sintez\u0119, lygina rauk&scaron;les, patempia od\u0105. Skatina regeneracijos procesus, kompensuoja aminor\u016bs\u010di\u0173 nuostol\u012f, giliai dr\u0117kina od\u0105. Patempia veido kont\u016brus, intensyviai maitina ir mink&scaron;tina od\u0105, valo oda nuo toksin\u0173. Unikali augalin\u0117 dr\u0117kinimo priemon\u0117 stiprina kolageno ir dumbli\u0173 komplekso poveik\u012f, suteikia elastingum\u0105, stangrum\u0105, lygina rauk&scaron;les. Naudojimo b\u016bdas: u\u017ed\u0117kite kauk\u0119 ant &scaron;varios veido odos. Nuimkite [&#8230;]\n","protected":false},"featured_media":79774,"template":"","meta":[],"product_cat":[1369],"product_tag":[],"class_list":{"0":"post-33057","1":"product","2":"type-product","3":"status-publish","4":"has-post-thumbnail","6":"product_brand-belkosmex_by-lt","7":"product_cat-veido-kaukes","9":"first","10":"outofstock","11":"taxable","12":"shipping-taxable","13":"product-type-simple"},"_links":{"self":[{"href":"https:\/\/e.kosmolat.eu\/lt\/wp-json\/wp\/v2\/product\/33057","targetHints":{"allow":["GET"]}}],"collection":[{"href":"https:\/\/e.kosmolat.eu\/lt\/wp-json\/wp\/v2\/product"}],"about":[{"href":"https:\/\/e.kosmolat.eu\/lt\/wp-json\/wp\/v2\/types\/product"}],"wp:featuredmedia":[{"embeddable":true,"href":"https:\/\/e.kosmolat.eu\/lt\/wp-json\/wp\/v2\/media\/79774"}],"wp:attachment":[{"href":"https:\/\/e.kosmolat.eu\/lt\/wp-json\/wp\/v2\/media?parent=33057"}],"wp:term":[{"taxonomy":"product_cat","embeddable":true,"href":"https:\/\/e.kosmolat.eu\/lt\/wp-json\/wp\/v2\/product_cat?post=33057"},{"taxonomy":"product_tag","embeddable":true,"href":"https:\/\/e.kosmolat.eu\/lt\/wp-json\/wp\/v2\/product_tag?post=33057"}],"curies":[{"name":"wp","href":"https:\/\/api.w.org\/{rel}","templated":true}]}}