{"id":33053,"date":"2023-12-21T18:03:45","date_gmt":"2023-12-21T18:03:45","guid":{"rendered":"https:\/\/e.kosmolat.eu\/product\/dk-maska-adai-ap-acim-pret-maisiniem-un-tumsiem-rinkiem\/"},"modified":"2025-09-19T16:34:32","modified_gmt":"2025-09-19T16:34:32","slug":"i_dk-maska-adai-ap-acim-pret-maisiniem-un-tumsiem-lokiem-2-gab","status":"publish","type":"product","link":"https:\/\/e.kosmolat.eu\/lt\/produktas\/i_dk-maska-adai-ap-acim-pret-maisiniem-un-tumsiem-lokiem-2-gab\/","title":{"rendered":"I_BELKOSMEX DOMA\u0160NIJ KOSMETOLOG Kauk\u0117 odai aplink akis nuo patinim\u0173 ir tamsi\u0173 ratil\u0173, 2 vnt"},"content":{"rendered":"<p>Kauk\u0117 skirta intensyviai ir &scaron;velniai prie\u017ei\u016brai aplink akis. Kauk\u0119 galima naudoti reguliariai (1-2 kartus per savait\u0119) arba kaip ekspres-priemon\u0119, kuri greitai suteiks gaivumo ir aksomin\u0117s spalvos. Apsaugo nuo prie&scaron;laikinio sen\u0117jimo ir lygina rauk&scaron;les aplink akis. &Scaron;alina tamsius ratilus, prisotina deguonies. Apsaugo kolagen\u0105 ir elastin\u0105, kurie stangrina od\u0105 ir suteikia elastingum\u0105. Oda tampa &scaron;velni ir jauna, o \u017evilgsnis &#8211; nepriekai&scaron;tingas.<\/p>\n<p><strong>Naudojimo b\u016bdas:<\/strong> u\u017ed\u0117kite kauk\u0119 ant &scaron;varios odos aplink akis, kaip pavaizduota paveiksl\u0117lyje. Nuimkite po 20-25 min. Skys\u010dio liku\u010dius &scaron;velniai \u012ftrinkite \u012f od\u0105. U\u017etepkite paaki\u0173 krem\u0105. Vienkartiniam naudojimui.<\/p>\n<p>Laikymo s\u0105lygos: nuo +5&deg;\u0421 iki +25&deg;C.&nbsp;<\/p>\n","protected":false},"excerpt":{"rendered":"<p>Kauk\u0117 skirta intensyviai ir &scaron;velniai prie\u017ei\u016brai aplink akis. Kauk\u0119 galima naudoti reguliariai (1-2 kartus per savait\u0119) arba kaip ekspres-priemon\u0119, kuri greitai suteiks gaivumo ir aksomin\u0117s spalvos. Apsaugo nuo prie&scaron;laikinio sen\u0117jimo ir lygina rauk&scaron;les aplink akis. &Scaron;alina tamsius ratilus, prisotina deguonies. Apsaugo kolagen\u0105 ir elastin\u0105, kurie stangrina od\u0105 ir suteikia elastingum\u0105. Oda tampa &scaron;velni ir jauna, [&#8230;]\n","protected":false},"featured_media":79770,"template":"","meta":[],"product_cat":[1369],"product_tag":[],"class_list":{"0":"post-33053","1":"product","2":"type-product","3":"status-publish","4":"has-post-thumbnail","6":"product_brand-belkosmex_by-lt","7":"product_cat-veido-kaukes","9":"first","10":"outofstock","11":"taxable","12":"shipping-taxable","13":"product-type-simple"},"_links":{"self":[{"href":"https:\/\/e.kosmolat.eu\/lt\/wp-json\/wp\/v2\/product\/33053","targetHints":{"allow":["GET"]}}],"collection":[{"href":"https:\/\/e.kosmolat.eu\/lt\/wp-json\/wp\/v2\/product"}],"about":[{"href":"https:\/\/e.kosmolat.eu\/lt\/wp-json\/wp\/v2\/types\/product"}],"wp:featuredmedia":[{"embeddable":true,"href":"https:\/\/e.kosmolat.eu\/lt\/wp-json\/wp\/v2\/media\/79770"}],"wp:attachment":[{"href":"https:\/\/e.kosmolat.eu\/lt\/wp-json\/wp\/v2\/media?parent=33053"}],"wp:term":[{"taxonomy":"product_cat","embeddable":true,"href":"https:\/\/e.kosmolat.eu\/lt\/wp-json\/wp\/v2\/product_cat?post=33053"},{"taxonomy":"product_tag","embeddable":true,"href":"https:\/\/e.kosmolat.eu\/lt\/wp-json\/wp\/v2\/product_tag?post=33053"}],"curies":[{"name":"wp","href":"https:\/\/api.w.org\/{rel}","templated":true}]}}