{"id":33049,"date":"2023-12-21T18:03:24","date_gmt":"2023-12-21T18:03:24","guid":{"rendered":"https:\/\/e.kosmolat.eu\/product\/dk-maska-adai-ap-acim-pirms-svinibam-mirdzoss-skatiens-pec-20-min\/"},"modified":"2025-09-22T12:13:20","modified_gmt":"2025-09-22T12:13:20","slug":"dk-maska-adai-ap-acim-pirms-svinibam-2-gab","status":"publish","type":"product","link":"https:\/\/e.kosmolat.eu\/lt\/produktas\/dk-maska-adai-ap-acim-pirms-svinibam-2-gab\/","title":{"rendered":"BELKOSMEX DOMA\u0160NIJ KOSMETOLOG Kauk\u0117 odai aplink akis prie\u0161 \u0161vent\u0119 \u017dvilgantis \u017evilgsnis po 20 min., 2"},"content":{"rendered":"<p>Per 20 min pa&scaron;alina nuovargio ir streso po\u017eymius, intensyviai dr\u0117kina ir tonizuoja od\u0105 aplink akis. Oda tampa lygina, mink&scaron;ta ir aksomin\u0117. Greitai pa&scaron;alina akivaizd\u0173 nuovargio ir streso po\u017eymius, suteikia odai \u017evilges\u012f ir pagerina odos spalv\u0105. Efektyviai lygina rauk&scaron;les, gerina odos strukt\u016br\u0105, pa&scaron;alina paburkimus.<\/p>\n<p><strong>Naudojimo b\u016bdas:<\/strong> u\u017ed\u0117kite kauk\u0119 ant &scaron;varios odos aplink akis kaip pavaizduota paveiksl\u0117lyje. Nuimkite po 20-25 min. Skys\u010dio liku\u010dius &scaron;velniai \u012ftrinkite \u012f od\u0105. U\u017etepkite paaki\u0173 krem\u0105. Vienkartiniam naudojimui.<\/p>\n<p><strong>Laikymo s\u0105lygos:<\/strong> nuo +5&deg;\u0421 iki +25&deg;C.<\/p>\n","protected":false},"excerpt":{"rendered":"<p>Per 20 min pa&scaron;alina nuovargio ir streso po\u017eymius, intensyviai dr\u0117kina ir tonizuoja od\u0105 aplink akis. Oda tampa lygina, mink&scaron;ta ir aksomin\u0117. Greitai pa&scaron;alina akivaizd\u0173 nuovargio ir streso po\u017eymius, suteikia odai \u017evilges\u012f ir pagerina odos spalv\u0105. Efektyviai lygina rauk&scaron;les, gerina odos strukt\u016br\u0105, pa&scaron;alina paburkimus. Naudojimo b\u016bdas: u\u017ed\u0117kite kauk\u0119 ant &scaron;varios odos aplink akis kaip pavaizduota paveiksl\u0117lyje. [&#8230;]\n","protected":false},"featured_media":79766,"template":"","meta":[],"product_cat":[1369],"product_tag":[],"class_list":{"0":"post-33049","1":"product","2":"type-product","3":"status-publish","4":"has-post-thumbnail","6":"product_brand-belkosmex_by-lt","7":"product_cat-veido-kaukes","9":"first","10":"instock","11":"taxable","12":"shipping-taxable","13":"product-type-simple"},"_links":{"self":[{"href":"https:\/\/e.kosmolat.eu\/lt\/wp-json\/wp\/v2\/product\/33049","targetHints":{"allow":["GET"]}}],"collection":[{"href":"https:\/\/e.kosmolat.eu\/lt\/wp-json\/wp\/v2\/product"}],"about":[{"href":"https:\/\/e.kosmolat.eu\/lt\/wp-json\/wp\/v2\/types\/product"}],"wp:featuredmedia":[{"embeddable":true,"href":"https:\/\/e.kosmolat.eu\/lt\/wp-json\/wp\/v2\/media\/79766"}],"wp:attachment":[{"href":"https:\/\/e.kosmolat.eu\/lt\/wp-json\/wp\/v2\/media?parent=33049"}],"wp:term":[{"taxonomy":"product_cat","embeddable":true,"href":"https:\/\/e.kosmolat.eu\/lt\/wp-json\/wp\/v2\/product_cat?post=33049"},{"taxonomy":"product_tag","embeddable":true,"href":"https:\/\/e.kosmolat.eu\/lt\/wp-json\/wp\/v2\/product_tag?post=33049"}],"curies":[{"name":"wp","href":"https:\/\/api.w.org\/{rel}","templated":true}]}}