{"id":33045,"date":"2023-12-21T18:02:56","date_gmt":"2023-12-21T18:02:56","guid":{"rendered":"https:\/\/e.kosmolat.eu\/product\/dk-maska-adai-ap-acim-atrs-liftings\/"},"modified":"2025-09-19T16:34:03","modified_gmt":"2025-09-19T16:34:03","slug":"i_dk-maska-adai-ap-acim-atrs-liftings-2-gab","status":"publish","type":"product","link":"https:\/\/e.kosmolat.eu\/lt\/produktas\/i_dk-maska-adai-ap-acim-atrs-liftings-2-gab\/","title":{"rendered":"I_BELKOSMEX DOMA\u0160NIJ KOSMETOLOG Kauk\u0117 odai aplink akis Momentalus liftingas, 2 vnt"},"content":{"rendered":"<p>Kauk\u0117 skirta intensyviai ir &scaron;velniai prie\u017ei\u016brai aplink akis. Kauk\u0117 suteikia momental\u0173 rauk&scaron;li\u0173 lyginimo efekt\u0105. Sukuria pl\u0117vel\u0119 ant odos, kuri akivaizd\u017eiai lygina rauk&scaron;les ir odos spalv\u0105. Suteikia odai elastingum\u0105, &scaron;velnum\u0105 ir lygum\u0105. Kauk\u0117 greitai lygina ma\u017eas rauk&scaron;les, suteikia elastingum\u0105 ir aksomin\u0119 spalv\u0105.<\/p>\n<p><strong>Naudojimo b\u016bdas:<\/strong> u\u017ed\u0117kite kauk\u0119 ant &scaron;varios odos aplink akis kaip pavaizduota paveiksl\u0117lyje. Nuimkite po 20-25 min. Skys\u010dio liku\u010dius &scaron;velniai \u012ftrinkite \u012f od\u0105. U\u017etepkite paaki\u0173 krem\u0105. Vienkartiniam naudojimui.<\/p>\n<p><strong>Laikymo s\u0105lygos:<\/strong> nuo +5&deg;\u0421 iki +25&deg;C.&nbsp;<\/p>\n","protected":false},"excerpt":{"rendered":"<p>Kauk\u0117 skirta intensyviai ir &scaron;velniai prie\u017ei\u016brai aplink akis. Kauk\u0117 suteikia momental\u0173 rauk&scaron;li\u0173 lyginimo efekt\u0105. Sukuria pl\u0117vel\u0119 ant odos, kuri akivaizd\u017eiai lygina rauk&scaron;les ir odos spalv\u0105. Suteikia odai elastingum\u0105, &scaron;velnum\u0105 ir lygum\u0105. Kauk\u0117 greitai lygina ma\u017eas rauk&scaron;les, suteikia elastingum\u0105 ir aksomin\u0119 spalv\u0105. Naudojimo b\u016bdas: u\u017ed\u0117kite kauk\u0119 ant &scaron;varios odos aplink akis kaip pavaizduota paveiksl\u0117lyje. Nuimkite po [&#8230;]\n","protected":false},"featured_media":79762,"template":"","meta":[],"product_cat":[1369],"product_tag":[],"class_list":{"0":"post-33045","1":"product","2":"type-product","3":"status-publish","4":"has-post-thumbnail","6":"product_brand-belkosmex_by-lt","7":"product_cat-veido-kaukes","9":"first","10":"outofstock","11":"taxable","12":"shipping-taxable","13":"product-type-simple"},"_links":{"self":[{"href":"https:\/\/e.kosmolat.eu\/lt\/wp-json\/wp\/v2\/product\/33045","targetHints":{"allow":["GET"]}}],"collection":[{"href":"https:\/\/e.kosmolat.eu\/lt\/wp-json\/wp\/v2\/product"}],"about":[{"href":"https:\/\/e.kosmolat.eu\/lt\/wp-json\/wp\/v2\/types\/product"}],"wp:featuredmedia":[{"embeddable":true,"href":"https:\/\/e.kosmolat.eu\/lt\/wp-json\/wp\/v2\/media\/79762"}],"wp:attachment":[{"href":"https:\/\/e.kosmolat.eu\/lt\/wp-json\/wp\/v2\/media?parent=33045"}],"wp:term":[{"taxonomy":"product_cat","embeddable":true,"href":"https:\/\/e.kosmolat.eu\/lt\/wp-json\/wp\/v2\/product_cat?post=33045"},{"taxonomy":"product_tag","embeddable":true,"href":"https:\/\/e.kosmolat.eu\/lt\/wp-json\/wp\/v2\/product_tag?post=33045"}],"curies":[{"name":"wp","href":"https:\/\/api.w.org\/{rel}","templated":true}]}}