{"id":33037,"date":"2023-12-21T18:02:11","date_gmt":"2023-12-21T18:02:11","guid":{"rendered":"https:\/\/e.kosmolat.eu\/product\/dd-krems-tira-ada-30-ml\/"},"modified":"2026-04-23T09:26:59","modified_gmt":"2026-04-23T09:26:59","slug":"dd-krems-tira-ada-30-ml","status":"publish","type":"product","link":"https:\/\/e.kosmolat.eu\/lt\/produktas\/dd-krems-tira-ada-30-ml\/","title":{"rendered":"DOMA\u0160NIJ DOKTOR  Kremas \u0160vari oda, 30ml"},"content":{"rendered":"<p>Pri\u017ei\u016bri riebi\u0105 ir linkusi\u0105 \u012f spuogus od\u0105.<br \/>\nDid\u017eiosios varnal\u0117\u0161os ekstraktas, eukalipto, kipariso, snapu\u010dio ir neroli aliejai.<\/p>\n<p>NAUDOJIMAS:<br \/>\n&#8211; Pa\u0161alinti spuogus;<br \/>\n&#8211; Pa\u0161alinti dirginim\u0105 ir paraudim\u0105;<br \/>\n&#8211; Sutraukia poras;<br \/>\n&#8211; Normalizuoja riebalini\u0173 liauk\u0173 veikl\u0105;<br \/>\n&#8211; \u0160viesina odos ton\u0105.<br \/>\nKremas efektyviai veikia, kai yra u\u017edegimas ir paraudimas. Sud\u0117tyje yra antiseptini\u0173 komponent\u0173.<br \/>\nTai n\u0117ra vaistas.<\/p>\n<p>NAUDOJIMO B\u016aDAS: tinka kasdieniniam naudojimui: u\u017etepkite ryte \/ vakare ant \u0161varios veido odos. Tepkite 3 kartus per dien\u0105 ant problemini\u0173 viet\u0173.<\/p>\n<p>Atsargumo priemon\u0117s: Nenaudoti \u017emon\u0117ms, kuriems yra padid\u0117j\u0119s jautrumas komponentams.<\/p>\n<p>Laikymo s\u0105lygos: nuo 5\u00b0\u0421 iki +25\u00b0\u0421.<\/p>\n","protected":false},"excerpt":{"rendered":"<p>Pri\u017ei\u016bri riebi\u0105 ir linkusi\u0105 \u012f spuogus od\u0105. Did\u017eiosios varnal\u0117\u0161os ekstraktas, eukalipto, kipariso, snapu\u010dio ir neroli aliejai. NAUDOJIMAS: &#8211; Pa\u0161alinti spuogus; &#8211; Pa\u0161alinti dirginim\u0105 ir paraudim\u0105; &#8211; Sutraukia poras; &#8211; Normalizuoja riebalini\u0173 liauk\u0173 veikl\u0105; &#8211; \u0160viesina odos ton\u0105. Kremas efektyviai veikia, kai yra u\u017edegimas ir paraudimas. Sud\u0117tyje yra antiseptini\u0173 komponent\u0173. Tai n\u0117ra vaistas. NAUDOJIMO B\u016aDAS: tinka [&#8230;]\n","protected":false},"featured_media":96630,"template":"","meta":[],"product_cat":[2181],"product_tag":[],"class_list":{"0":"post-33037","1":"product","2":"type-product","3":"status-publish","4":"has-post-thumbnail","6":"product_brand-elfa_ua-lt","7":"product_cat-bez-kategorijas-lt","9":"first","10":"instock","11":"taxable","12":"shipping-taxable","13":"product-type-simple"},"_links":{"self":[{"href":"https:\/\/e.kosmolat.eu\/lt\/wp-json\/wp\/v2\/product\/33037","targetHints":{"allow":["GET"]}}],"collection":[{"href":"https:\/\/e.kosmolat.eu\/lt\/wp-json\/wp\/v2\/product"}],"about":[{"href":"https:\/\/e.kosmolat.eu\/lt\/wp-json\/wp\/v2\/types\/product"}],"wp:featuredmedia":[{"embeddable":true,"href":"https:\/\/e.kosmolat.eu\/lt\/wp-json\/wp\/v2\/media\/96630"}],"wp:attachment":[{"href":"https:\/\/e.kosmolat.eu\/lt\/wp-json\/wp\/v2\/media?parent=33037"}],"wp:term":[{"taxonomy":"product_cat","embeddable":true,"href":"https:\/\/e.kosmolat.eu\/lt\/wp-json\/wp\/v2\/product_cat?post=33037"},{"taxonomy":"product_tag","embeddable":true,"href":"https:\/\/e.kosmolat.eu\/lt\/wp-json\/wp\/v2\/product_tag?post=33037"}],"curies":[{"name":"wp","href":"https:\/\/api.w.org\/{rel}","templated":true}]}}