{"id":33033,"date":"2023-12-21T18:01:52","date_gmt":"2023-12-21T18:01:52","guid":{"rendered":"https:\/\/e.kosmolat.eu\/product\/dd-krems-jaunibas-noslepums-30-ml\/"},"modified":"2026-04-20T11:51:03","modified_gmt":"2026-04-20T11:51:03","slug":"dd-krems-jaunibas-noslepums-30-ml","status":"publish","type":"product","link":"https:\/\/e.kosmolat.eu\/lt\/produktas\/dd-krems-jaunibas-noslepums-30-ml\/","title":{"rendered":"DOMA\u0160NIJ DOKTOR  Kremas Jaunyst\u0117s paslaptis, 30ml"},"content":{"rendered":"<p>Tinka vis\u0173 tip\u0173 odai.<br \/>\nTaukmed\u017eio, miros, verbenos ir ro\u017ei\u0173 aliejumi.<\/p>\n<p>NAUDOJIMAS:<br \/>\n&#8211; Pagerina veido, kaklo odos, dekolte zonos ir rank\u0173 odos stangrum\u0105 ir elastingum\u0105;<br \/>\n&#8211; Jaunina od\u0105;<br \/>\n&#8211; Suma\u017eina kraujagysli\u0173 &#8220;ra\u0161t\u0105&#8221;;<br \/>\n&#8211; Lygina rauk\u0161les vir\u0161 l\u016bp\u0173, ant smakro ir kaktos;<br \/>\n&#8211; Gerina odos spalv\u0105.<br \/>\nKremas naudojamas suteikti veido, kaklo odai, dekolte zonai ir rank\u0173 odai stangrum\u0105 ir elastingum\u0105.<\/p>\n<p>Atsargumo priemon\u0117s: Nenaudoti \u017emon\u0117ms, kuriems yra padid\u0117j\u0119s jautrumas komponentams.<\/p>\n<p>Laikymo s\u0105lygos: nuo 5\u00b0\u0421 iki +25\u00b0\u0421.<\/p>\n","protected":false},"excerpt":{"rendered":"<p>Tinka vis\u0173 tip\u0173 odai. Taukmed\u017eio, miros, verbenos ir ro\u017ei\u0173 aliejumi. NAUDOJIMAS: &#8211; Pagerina veido, kaklo odos, dekolte zonos ir rank\u0173 odos stangrum\u0105 ir elastingum\u0105; &#8211; Jaunina od\u0105; &#8211; Suma\u017eina kraujagysli\u0173 &#8220;ra\u0161t\u0105&#8221;; &#8211; Lygina rauk\u0161les vir\u0161 l\u016bp\u0173, ant smakro ir kaktos; &#8211; Gerina odos spalv\u0105. Kremas naudojamas suteikti veido, kaklo odai, dekolte zonai ir rank\u0173 odai [&#8230;]\n","protected":false},"featured_media":96626,"template":"","meta":[],"product_cat":[1322],"product_tag":[],"class_list":{"0":"post-33033","1":"product","2":"type-product","3":"status-publish","4":"has-post-thumbnail","6":"product_brand-elfa_ua-lt","7":"product_cat-veido-kremai","9":"first","10":"instock","11":"taxable","12":"shipping-taxable","13":"product-type-simple"},"_links":{"self":[{"href":"https:\/\/e.kosmolat.eu\/lt\/wp-json\/wp\/v2\/product\/33033","targetHints":{"allow":["GET"]}}],"collection":[{"href":"https:\/\/e.kosmolat.eu\/lt\/wp-json\/wp\/v2\/product"}],"about":[{"href":"https:\/\/e.kosmolat.eu\/lt\/wp-json\/wp\/v2\/types\/product"}],"wp:featuredmedia":[{"embeddable":true,"href":"https:\/\/e.kosmolat.eu\/lt\/wp-json\/wp\/v2\/media\/96626"}],"wp:attachment":[{"href":"https:\/\/e.kosmolat.eu\/lt\/wp-json\/wp\/v2\/media?parent=33033"}],"wp:term":[{"taxonomy":"product_cat","embeddable":true,"href":"https:\/\/e.kosmolat.eu\/lt\/wp-json\/wp\/v2\/product_cat?post=33033"},{"taxonomy":"product_tag","embeddable":true,"href":"https:\/\/e.kosmolat.eu\/lt\/wp-json\/wp\/v2\/product_tag?post=33033"}],"curies":[{"name":"wp","href":"https:\/\/api.w.org\/{rel}","templated":true}]}}