{"id":33029,"date":"2023-12-21T18:01:26","date_gmt":"2023-12-21T18:01:26","guid":{"rendered":"https:\/\/e.kosmolat.eu\/product\/dd-krems-katram-gadijumam-30-ml\/"},"modified":"2026-04-23T07:48:01","modified_gmt":"2026-04-23T07:48:01","slug":"the-dr-hc-krems-katram-gadijumam-30-ml","status":"publish","type":"product","link":"https:\/\/e.kosmolat.eu\/lt\/produktas\/the-dr-hc-krems-katram-gadijumam-30-ml\/","title":{"rendered":"THE DOCTOR HEALTH &#038; CARE Kremas Visoms progoms, 30 ml"},"content":{"rendered":"<p>Plataus profilio profilaktinis kremas.<br \/>\n&#8211; greito veikimo;<br \/>\n&#8211; antiseptinis.<br \/>\nSu bi\u010di\u0173 va\u0161ku ir arbatmed\u017eio, kadagio ir santalo aliejais.<\/p>\n<p>NAUDOJIMAS:<br \/>\n&#8211; Kai i\u0161saus\u0117jusi veido ir rank\u0173 oda, skilin\u0117ja l\u016bpos;<br \/>\n&#8211; Kai \u0161iurk\u0161\u010dios odos alk\u016bn\u0117s, skilin\u0117ja kulnai;<br \/>\n&#8211; Nuima dirginim\u0105: po vabzd\u017ei\u0173 \u012fkandim\u0173, b\u0117rim\u0173, po deginimosi proced\u016br\u0173;<br \/>\n&#8211; Atstato od\u0105 po \u016bkio darb\u0173 (skalbimas rankomis, ind\u0173 plovimas, nam\u0173 tvarkymas ir t. t.).<br \/>\nAktyv\u016bs kremo komponentai skatina odos regeneracij\u0105 po:<br \/>\n&#8211; lengv\u0173 nudegim\u0173;<br \/>\n&#8211; nu\u0161alim\u0173<br \/>\n&#8211; \u012fbr\u0117\u017eim\u0173<br \/>\n&#8211; po skutimosi.<br \/>\nTai n\u0117ra vaistas.<\/p>\n<p>NAUDOJIMO B\u016aADS: u\u017etepkite ant problemin\u0117s k\u016bno vietos.<br \/>\nAtsargumo priemon\u0117s: Nenaudoti \u017emon\u0117ms, kuriems yra padid\u0117j\u0119s jautrumas komponentams.<\/p>\n<p>Laikymo s\u0105lygos: nuo 5\u00b0\u0421 iki +25\u00b0\u0421.<\/p>\n","protected":false},"excerpt":{"rendered":"<p>Plataus profilio profilaktinis kremas. &#8211; greito veikimo; &#8211; antiseptinis. Su bi\u010di\u0173 va\u0161ku ir arbatmed\u017eio, kadagio ir santalo aliejais. NAUDOJIMAS: &#8211; Kai i\u0161saus\u0117jusi veido ir rank\u0173 oda, skilin\u0117ja l\u016bpos; &#8211; Kai \u0161iurk\u0161\u010dios odos alk\u016bn\u0117s, skilin\u0117ja kulnai; &#8211; Nuima dirginim\u0105: po vabzd\u017ei\u0173 \u012fkandim\u0173, b\u0117rim\u0173, po deginimosi proced\u016br\u0173; &#8211; Atstato od\u0105 po \u016bkio darb\u0173 (skalbimas rankomis, ind\u0173 plovimas, [&#8230;]\n","protected":false},"featured_media":96622,"template":"","meta":[],"product_cat":[1322],"product_tag":[],"class_list":{"0":"post-33029","1":"product","2":"type-product","3":"status-publish","4":"has-post-thumbnail","6":"product_brand-elfa_ua-lt","7":"product_cat-veido-kremai","9":"first","10":"outofstock","11":"taxable","12":"shipping-taxable","13":"product-type-simple"},"_links":{"self":[{"href":"https:\/\/e.kosmolat.eu\/lt\/wp-json\/wp\/v2\/product\/33029","targetHints":{"allow":["GET"]}}],"collection":[{"href":"https:\/\/e.kosmolat.eu\/lt\/wp-json\/wp\/v2\/product"}],"about":[{"href":"https:\/\/e.kosmolat.eu\/lt\/wp-json\/wp\/v2\/types\/product"}],"wp:featuredmedia":[{"embeddable":true,"href":"https:\/\/e.kosmolat.eu\/lt\/wp-json\/wp\/v2\/media\/96622"}],"wp:attachment":[{"href":"https:\/\/e.kosmolat.eu\/lt\/wp-json\/wp\/v2\/media?parent=33029"}],"wp:term":[{"taxonomy":"product_cat","embeddable":true,"href":"https:\/\/e.kosmolat.eu\/lt\/wp-json\/wp\/v2\/product_cat?post=33029"},{"taxonomy":"product_tag","embeddable":true,"href":"https:\/\/e.kosmolat.eu\/lt\/wp-json\/wp\/v2\/product_tag?post=33029"}],"curies":[{"name":"wp","href":"https:\/\/api.w.org\/{rel}","templated":true}]}}