{"id":33025,"date":"2023-12-21T18:01:06","date_gmt":"2023-12-21T18:01:06","guid":{"rendered":"https:\/\/e.kosmolat.eu\/product\/dd-pasta-kajam-darvas-75-ml\/"},"modified":"2026-04-22T13:34:07","modified_gmt":"2026-04-22T13:34:07","slug":"dd-pasta-kajam-darvas-75-ml","status":"publish","type":"product","link":"https:\/\/e.kosmolat.eu\/lt\/produktas\/dd-pasta-kajam-darvas-75-ml\/","title":{"rendered":"THE DOCTOR HEALTH &#038; CARE Pasta kojoms Degutas 75ml"},"content":{"rendered":"<p>Su arbatmed\u017eio aliejumi.<\/p>\n<p>INDIKACIJOS: pastos naudingum\u0105 ir efektyvum\u0105 sudaro ber\u017e\u0173 deguto savyb\u0117s, kurie ma\u017eina nie\u017e\u0117jim\u0105, paraudim\u0105 ir dirginim\u0105.<br \/>\nBer\u017e\u0173 degutas turi prie\u0161grybelini\u0173 savybi\u0173 ir naudojamas kaip priemon\u0117, kuri apsaugo nuo grybelini\u0173 lig\u0173.<br \/>\nArbatmed\u017eio aliejus sustiprina ber\u017e\u0173 deguto savybes. Turi antiseptini\u0173 ir prie\u0161grybelini\u0173 savybi\u0173.<\/p>\n<p>NAUDOJIMO B\u016aDAS: Prie\u0161 u\u017etepant pastos, rekomenduojama pasidaryti druskos vonel\u0119 kojoms su k\u0117niu. Nedidel\u012f pastos kiek\u012f u\u017etepkite ant problemini\u0173 viet\u0173, palaukite, kol \u012fsigers. Naudoti 1-2 kartus per dien\u0105.<\/p>\n<p>Laikymo s\u0105lygos: nuo 5\u00b0\u0421 iki +25\u00b0\u0421.<\/p>\n","protected":false},"excerpt":{"rendered":"<p>Su arbatmed\u017eio aliejumi. INDIKACIJOS: pastos naudingum\u0105 ir efektyvum\u0105 sudaro ber\u017e\u0173 deguto savyb\u0117s, kurie ma\u017eina nie\u017e\u0117jim\u0105, paraudim\u0105 ir dirginim\u0105. Ber\u017e\u0173 degutas turi prie\u0161grybelini\u0173 savybi\u0173 ir naudojamas kaip priemon\u0117, kuri apsaugo nuo grybelini\u0173 lig\u0173. Arbatmed\u017eio aliejus sustiprina ber\u017e\u0173 deguto savybes. Turi antiseptini\u0173 ir prie\u0161grybelini\u0173 savybi\u0173. NAUDOJIMO B\u016aDAS: Prie\u0161 u\u017etepant pastos, rekomenduojama pasidaryti druskos vonel\u0119 kojoms su k\u0117niu. [&#8230;]\n","protected":false},"featured_media":96618,"template":"","meta":[],"product_cat":[2181],"product_tag":[],"class_list":{"0":"post-33025","1":"product","2":"type-product","3":"status-publish","4":"has-post-thumbnail","6":"product_brand-elfa_ua-lt","7":"product_cat-bez-kategorijas-lt","9":"first","10":"instock","11":"taxable","12":"shipping-taxable","13":"product-type-simple"},"_links":{"self":[{"href":"https:\/\/e.kosmolat.eu\/lt\/wp-json\/wp\/v2\/product\/33025","targetHints":{"allow":["GET"]}}],"collection":[{"href":"https:\/\/e.kosmolat.eu\/lt\/wp-json\/wp\/v2\/product"}],"about":[{"href":"https:\/\/e.kosmolat.eu\/lt\/wp-json\/wp\/v2\/types\/product"}],"wp:featuredmedia":[{"embeddable":true,"href":"https:\/\/e.kosmolat.eu\/lt\/wp-json\/wp\/v2\/media\/96618"}],"wp:attachment":[{"href":"https:\/\/e.kosmolat.eu\/lt\/wp-json\/wp\/v2\/media?parent=33025"}],"wp:term":[{"taxonomy":"product_cat","embeddable":true,"href":"https:\/\/e.kosmolat.eu\/lt\/wp-json\/wp\/v2\/product_cat?post=33025"},{"taxonomy":"product_tag","embeddable":true,"href":"https:\/\/e.kosmolat.eu\/lt\/wp-json\/wp\/v2\/product_tag?post=33025"}],"curies":[{"name":"wp","href":"https:\/\/api.w.org\/{rel}","templated":true}]}}