{"id":33021,"date":"2023-12-21T18:00:37","date_gmt":"2023-12-21T18:00:37","guid":{"rendered":"https:\/\/e.kosmolat.eu\/product\/dd-balzams-kaju-ierivesanai-75-ml\/"},"modified":"2026-04-14T10:36:20","modified_gmt":"2026-04-14T10:36:20","slug":"dd-balzams-kaju-ierivesanai-75-ml","status":"publish","type":"product","link":"https:\/\/e.kosmolat.eu\/lt\/produktas\/dd-balzams-kaju-ierivesanai-75-ml\/","title":{"rendered":"DOMA\u0160NIJ DOKTOR Balzamas Koj\u0173 trynimui, 75 ml"},"content":{"rendered":"<p>D\u0117l\u0117s ekstraktas turi prie&scaron;u\u017edegimini\u0173 ir trombolizini\u0173 savybi\u0173. Arkli\u0173 ka&scaron;tonas turi venotonizuojant\u012f efekt\u0105, stiprina kraujagysles, gerina kraujo ir limfos apytak\u0105.<\/p>\n<p><strong>Indikacijos: <\/strong>balzamo naudingum\u0105 ir efektyvum\u0105 sudaro atskir\u0173 komponent\u0173 savyb\u0117s, kurie yra sud\u0117tyje.<\/p>\n<p><strong>Naudojimo b\u016bdas: <\/strong>lengvais masa\u017euojamais judesiai u\u017etepkite balzamo ant problemini\u0173 k\u016bno viet\u0173, tepkite i&scaron; apa\u010dios \u012f vir&scaron;\u0173 ( nuo p\u0117d\u0173 iki klub\u0173).<\/p>\n<p><strong>Atsargumo priemon\u0117s: <\/strong>Tik i&scaron;oriniam naudojimui. Vengti kontakto su gleivine (nosis, akys), atviromis \u017eaizdomis. Nenaudoti vaikams iki 18 met\u0173, jeigu yra padid\u0117j\u0119s jautrumas komponentams. <\/p>\n<p><strong>Laikymo s\u0105lygos: <\/strong>nuo 5 &deg;\u0421 iki +25 &deg;\u0421.<\/p>\n","protected":false},"excerpt":{"rendered":"<p>D\u0117l\u0117s ekstraktas turi prie&scaron;u\u017edegimini\u0173 ir trombolizini\u0173 savybi\u0173. Arkli\u0173 ka&scaron;tonas turi venotonizuojant\u012f efekt\u0105, stiprina kraujagysles, gerina kraujo ir limfos apytak\u0105. Indikacijos: balzamo naudingum\u0105 ir efektyvum\u0105 sudaro atskir\u0173 komponent\u0173 savyb\u0117s, kurie yra sud\u0117tyje. Naudojimo b\u016bdas: lengvais masa\u017euojamais judesiai u\u017etepkite balzamo ant problemini\u0173 k\u016bno viet\u0173, tepkite i&scaron; apa\u010dios \u012f vir&scaron;\u0173 ( nuo p\u0117d\u0173 iki klub\u0173). Atsargumo priemon\u0117s: Tik [&#8230;]\n","protected":false},"featured_media":78111,"template":"","meta":[],"product_cat":[1763],"product_tag":[],"class_list":{"0":"post-33021","1":"product","2":"type-product","3":"status-publish","4":"has-post-thumbnail","6":"product_brand-elfa_ua-lt","7":"product_cat-koju-prieziuros-kosmetika","9":"first","10":"outofstock","11":"taxable","12":"shipping-taxable","13":"product-type-simple"},"_links":{"self":[{"href":"https:\/\/e.kosmolat.eu\/lt\/wp-json\/wp\/v2\/product\/33021","targetHints":{"allow":["GET"]}}],"collection":[{"href":"https:\/\/e.kosmolat.eu\/lt\/wp-json\/wp\/v2\/product"}],"about":[{"href":"https:\/\/e.kosmolat.eu\/lt\/wp-json\/wp\/v2\/types\/product"}],"wp:featuredmedia":[{"embeddable":true,"href":"https:\/\/e.kosmolat.eu\/lt\/wp-json\/wp\/v2\/media\/78111"}],"wp:attachment":[{"href":"https:\/\/e.kosmolat.eu\/lt\/wp-json\/wp\/v2\/media?parent=33021"}],"wp:term":[{"taxonomy":"product_cat","embeddable":true,"href":"https:\/\/e.kosmolat.eu\/lt\/wp-json\/wp\/v2\/product_cat?post=33021"},{"taxonomy":"product_tag","embeddable":true,"href":"https:\/\/e.kosmolat.eu\/lt\/wp-json\/wp\/v2\/product_tag?post=33021"}],"curies":[{"name":"wp","href":"https:\/\/api.w.org\/{rel}","templated":true}]}}