{"id":33017,"date":"2023-12-21T18:00:09","date_gmt":"2023-12-21T18:00:09","guid":{"rendered":"https:\/\/e.kosmolat.eu\/product\/dd-balzams-tauksakne-un-purva-varnkaja-75-ml\/"},"modified":"2026-04-07T13:24:32","modified_gmt":"2026-04-07T13:24:32","slug":"dd-balzams-tauksakne-un-purva-varnkaja-75-ml","status":"publish","type":"product","link":"https:\/\/e.kosmolat.eu\/lt\/produktas\/dd-balzams-tauksakne-un-purva-varnkaja-75-ml\/","title":{"rendered":"DOMA\u0160NIJ DOKTOR Balzamas tauk\u0117 ir pelkin\u0117 sidabra\u017eol\u0117, 75 ml"},"content":{"rendered":"<p>Rekomenduojama naudoti: pagerinti s\u0105nari\u0173 ir jungiam\u0173j\u0173 audini\u0173 b\u016bkl\u0119. Balzamo naudingum\u0105 ir efektyvum\u0105 sudaro atskir\u0173 komponent\u0173 savyb\u0117s, kurie yra sud\u0117tyje.<\/p>\n<p>Pelkin\u0117 sidabra\u017eol\u0117 naudojama esant reumatizmo ir artrito skausmams pa&scaron;alinti. Tauk\u0117 turi prie&scaron;u\u017edegimini\u0173 ir skausm\u0105 mal&scaron;inan\u010di\u0173 savybi\u0173. Skatina kaulini\u0173 audini\u0173 regeneracij\u0105.<\/p>\n<p>Tai n\u0117ra vaistas.<\/p>\n<p><strong>Naudojimo b\u016bdas: <\/strong>nedidel\u012f balzamo kiek\u012f u\u017etepkite ant problemini\u0173 k\u016bno viet\u0173. 3-5 min padarykite masa\u017e\u0105, kol balzamas \u012fsigers. Proced\u016br\u0105 kartokite 2-3 kartus per dien\u0105 7-10 dienas.&nbsp;<\/p>\n<p><strong>Atsargumo priemon\u0117s: <\/strong>Tik i&scaron;oriniam naudojimui. Vengti kontakto su gleivine (nosis, akys), atviromis \u017eaizdomis. Jei pateko \u012f akis, praplaukite vandeniu.<\/p>\n<p>Nerekomenduojama n\u0117&scaron;\u010dioms ir maitinan\u010dioms kr\u016btimi, nenaudoti vaikams iki 18 met\u0173, jeigu yra padid\u0117j\u0119s jautrumas komponentams.<\/p>\n<p><strong>Laikymo s\u0105lygos:<\/strong> nuo 5 &deg;\u0421 iki +25 &deg;\u0421.&nbsp;<\/p>\n","protected":false},"excerpt":{"rendered":"<p>Rekomenduojama naudoti: pagerinti s\u0105nari\u0173 ir jungiam\u0173j\u0173 audini\u0173 b\u016bkl\u0119. Balzamo naudingum\u0105 ir efektyvum\u0105 sudaro atskir\u0173 komponent\u0173 savyb\u0117s, kurie yra sud\u0117tyje. Pelkin\u0117 sidabra\u017eol\u0117 naudojama esant reumatizmo ir artrito skausmams pa&scaron;alinti. Tauk\u0117 turi prie&scaron;u\u017edegimini\u0173 ir skausm\u0105 mal&scaron;inan\u010di\u0173 savybi\u0173. Skatina kaulini\u0173 audini\u0173 regeneracij\u0105. Tai n\u0117ra vaistas. Naudojimo b\u016bdas: nedidel\u012f balzamo kiek\u012f u\u017etepkite ant problemini\u0173 k\u016bno viet\u0173. 3-5 min padarykite [&#8230;]\n","protected":false},"featured_media":96606,"template":"","meta":[],"product_cat":[1390],"product_tag":[],"class_list":{"0":"post-33017","1":"product","2":"type-product","3":"status-publish","4":"has-post-thumbnail","6":"product_brand-elfa_ua-lt","7":"product_cat-kremai-aliejai-kuno-pienelis","9":"first","10":"outofstock","11":"taxable","12":"shipping-taxable","13":"product-type-simple"},"_links":{"self":[{"href":"https:\/\/e.kosmolat.eu\/lt\/wp-json\/wp\/v2\/product\/33017","targetHints":{"allow":["GET"]}}],"collection":[{"href":"https:\/\/e.kosmolat.eu\/lt\/wp-json\/wp\/v2\/product"}],"about":[{"href":"https:\/\/e.kosmolat.eu\/lt\/wp-json\/wp\/v2\/types\/product"}],"wp:featuredmedia":[{"embeddable":true,"href":"https:\/\/e.kosmolat.eu\/lt\/wp-json\/wp\/v2\/media\/96606"}],"wp:attachment":[{"href":"https:\/\/e.kosmolat.eu\/lt\/wp-json\/wp\/v2\/media?parent=33017"}],"wp:term":[{"taxonomy":"product_cat","embeddable":true,"href":"https:\/\/e.kosmolat.eu\/lt\/wp-json\/wp\/v2\/product_cat?post=33017"},{"taxonomy":"product_tag","embeddable":true,"href":"https:\/\/e.kosmolat.eu\/lt\/wp-json\/wp\/v2\/product_tag?post=33017"}],"curies":[{"name":"wp","href":"https:\/\/api.w.org\/{rel}","templated":true}]}}