{"id":33013,"date":"2023-12-21T17:59:47","date_gmt":"2023-12-21T17:59:47","guid":{"rendered":"https:\/\/e.kosmolat.eu\/product\/dr-s-cucumber-sejas-krems-50-ml\/"},"modified":"2026-04-23T12:16:39","modified_gmt":"2026-04-23T12:16:39","slug":"dr-s-cucumber-sejas-krems-50-ml","status":"publish","type":"product","link":"https:\/\/e.kosmolat.eu\/lt\/produktas\/dr-s-cucumber-sejas-krems-50-ml\/","title":{"rendered":"DR.SANTE Cucumber Balance Control Veido kremas, 50 ml"},"content":{"rendered":"<p>Kremas pa&scaron;alina rieb\u0173 blizges\u012f ir suteikia odai lygi\u0105 matin\u0119 spalv\u0105. Tonizuoja, sutraukia poras, atgaivina veido spalv\u0105.<\/p>\n<p>Kremas dr\u0117kina ir maitina od\u0105, apr\u016bpina j\u0105 vitaminais. Taukmed\u017eio aliejus ir rooibos ekstraktas &#8211; gamtiniai UV-filtrai &#8211; apsaugo od\u0105 nuo neigiam\u0173 saul\u0117s spinduli\u0173, oda ilgam i&scaron;lieka jauna.<\/p>\n<p>J\u016bros dumbliai prisotina l\u0105steles mineralais, pagreitina med\u017eiag\u0173 apykaitos procesus, suteikia odai elastingumo.<\/p>\n<p>Acnacidol&reg; kompleksas turi antibakterini\u0173 savybi\u0173, ma\u017eina u\u017edegim\u0105.<\/p>\n<p>Vitaminai A ir E ramina od\u0105 ir suteikia jai antioksidantin\u0119 apsaug\u0105.<\/p>\n<p>I&scaron;lygina smulkias rauk&scaron;leles.<\/p>\n<p><strong>Naudojimo b\u016bdas:<\/strong> u\u017etepkite kremo ant &scaron;varios veido odos.<\/p>\n<p><strong>Laikymo s\u0105lygos:<\/strong> nuo +5&deg;\u0421 iki +25&deg;\u0421. Po atidarymo naudoti 12 m\u0117n.<\/p>\n","protected":false},"excerpt":{"rendered":"<p>Kremas pa&scaron;alina rieb\u0173 blizges\u012f ir suteikia odai lygi\u0105 matin\u0119 spalv\u0105. Tonizuoja, sutraukia poras, atgaivina veido spalv\u0105. Kremas dr\u0117kina ir maitina od\u0105, apr\u016bpina j\u0105 vitaminais. Taukmed\u017eio aliejus ir rooibos ekstraktas &#8211; gamtiniai UV-filtrai &#8211; apsaugo od\u0105 nuo neigiam\u0173 saul\u0117s spinduli\u0173, oda ilgam i&scaron;lieka jauna. J\u016bros dumbliai prisotina l\u0105steles mineralais, pagreitina med\u017eiag\u0173 apykaitos procesus, suteikia odai elastingumo. [&#8230;]\n","protected":false},"featured_media":79626,"template":"","meta":[],"product_cat":[1322],"product_tag":[],"class_list":{"0":"post-33013","1":"product","2":"type-product","3":"status-publish","4":"has-post-thumbnail","6":"product_brand-elfa_ua-lt","7":"product_cat-veido-kremai","9":"first","10":"instock","11":"taxable","12":"shipping-taxable","13":"product-type-simple"},"_links":{"self":[{"href":"https:\/\/e.kosmolat.eu\/lt\/wp-json\/wp\/v2\/product\/33013","targetHints":{"allow":["GET"]}}],"collection":[{"href":"https:\/\/e.kosmolat.eu\/lt\/wp-json\/wp\/v2\/product"}],"about":[{"href":"https:\/\/e.kosmolat.eu\/lt\/wp-json\/wp\/v2\/types\/product"}],"wp:featuredmedia":[{"embeddable":true,"href":"https:\/\/e.kosmolat.eu\/lt\/wp-json\/wp\/v2\/media\/79626"}],"wp:attachment":[{"href":"https:\/\/e.kosmolat.eu\/lt\/wp-json\/wp\/v2\/media?parent=33013"}],"wp:term":[{"taxonomy":"product_cat","embeddable":true,"href":"https:\/\/e.kosmolat.eu\/lt\/wp-json\/wp\/v2\/product_cat?post=33013"},{"taxonomy":"product_tag","embeddable":true,"href":"https:\/\/e.kosmolat.eu\/lt\/wp-json\/wp\/v2\/product_tag?post=33013"}],"curies":[{"name":"wp","href":"https:\/\/api.w.org\/{rel}","templated":true}]}}